{"id":13336,"date":"2023-03-29T17:24:31","date_gmt":"2023-03-29T15:24:31","guid":{"rendered":"https:\/\/butikhome.pl\/index.php\/produkt\/biustonosz-luna-1149\/"},"modified":"2023-06-13T14:45:05","modified_gmt":"2023-06-13T12:45:05","slug":"biustonosz-luna-1149","status":"publish","type":"product","link":"https:\/\/butikhome.pl\/index.php\/produkt\/biustonosz-luna-1149\/","title":{"rendered":"Biustonosz Luna 1149"},"content":{"rendered":"<ul>\n<li>Biustonosz p\u00f3\u0142usztywniany<\/li>\n<li>Biustonosz zapinany na plecach<\/li>\n<li>Dolna cz\u0119\u015b\u0107 biustonosza usztywniona<\/li>\n<li>Fiszbiny dolne<\/li>\n<li>Koronkowe zdobienia<\/li>\n<li>Kr\u00f3j, kt\u00f3ry podkre\u015bla sylwetk\u0119<\/li>\n<li>Na wi\u0119ksze biusty<\/li>\n<li>Nieodpinane rami\u0105czka<\/li>\n<li>Obw\u00f3d biustonosza regulowany<\/li>\n<li>Pakowany w pude\u0142ko<\/li>\n<li>Produkt polski<\/li>\n<li>Rami\u0105czka regulowane<\/li>\n<li>Wysoka jako\u015b\u0107<\/li>\n<li>Zdobienia w stylu Glamour<\/li>\n<li>Bawe\u0142na: 14%<\/li>\n<li>Elastan: 4%<\/li>\n<li>Poliamid: 29%<\/li>\n<li>Poliester: 50%<\/li>\n<li>Polipropylen: 3%<\/li>\n<\/ul>\n","protected":false},"excerpt":{"rendered":"<p>Biustonosz p\u00f3\u0142usztywniany Biustonosz zapinany na plecach Dolna cz\u0119\u015b\u0107 biustonosza usztywniona Fiszbiny dolne Koronkowe zdobienia Kr\u00f3j, kt\u00f3ry podkre\u015bla sylwetk\u0119 Na wi\u0119ksze biusty Nieodpinane rami\u0105czka Obw\u00f3d biustonosza regulowany Pakowany w pude\u0142ko Produkt polski Rami\u0105czka regulowane Wysoka jako\u015b\u0107 Zdobienia w stylu Glamour Bawe\u0142na: 14% Elastan: 4% Poliamid: 29% Poliester: 50% Polipropylen: 3%<\/p>\n","protected":false},"featured_media":15535,"comment_status":"open","ping_status":"closed","template":"","meta":[],"product_brand":[],"product_cat":[629,24],"product_tag":[1483,1486,1488,1494,1495,1767,667,1769,681,1768,1766,206,659,660,1480,661,1390,644,664,301,1468,1306],"class_list":{"0":"post-13336","1":"product","2":"type-product","3":"status-publish","4":"has-post-thumbnail","6":"product_cat-biustonosze-podkategoria-do-bielizny","7":"product_cat-produkty","8":"product_tag-75-e","9":"product_tag-75-h","10":"product_tag-80-b","11":"product_tag-80-h","12":"product_tag-85-b","13":"product_tag-biustonosz-luna-1149-granatowy","14":"product_tag-biustonosz-polusztywniany","15":"product_tag-dolna-czesc-biustonosza-usztywniona","16":"product_tag-fiszbiny-dolne","17":"product_tag-granatowy","18":"product_tag-granatowy-75-d","19":"product_tag-koronkowe-zdobienia","20":"product_tag-kroj-podkreslajacy-sylwetke","21":"product_tag-na-wiekszy-biust","22":"product_tag-nieodpinane-ramiaczka","23":"product_tag-obwod-biustonosza-regulowany","24":"product_tag-pakowany-w-pudelko","25":"product_tag-polski-producent","26":"product_tag-ramiaczka-regulowane","27":"product_tag-wysoka-jakosc","28":"product_tag-zapinany-na-plecach","29":"product_tag-zdobienia-w-stylu-glamour","31":"first","32":"instock","33":"taxable","34":"shipping-taxable","35":"purchasable","36":"product-type-simple"},"_links":{"self":[{"href":"https:\/\/butikhome.pl\/index.php\/wp-json\/wp\/v2\/product\/13336","targetHints":{"allow":["GET"]}}],"collection":[{"href":"https:\/\/butikhome.pl\/index.php\/wp-json\/wp\/v2\/product"}],"about":[{"href":"https:\/\/butikhome.pl\/index.php\/wp-json\/wp\/v2\/types\/product"}],"replies":[{"embeddable":true,"href":"https:\/\/butikhome.pl\/index.php\/wp-json\/wp\/v2\/comments?post=13336"}],"wp:featuredmedia":[{"embeddable":true,"href":"https:\/\/butikhome.pl\/index.php\/wp-json\/wp\/v2\/media\/15535"}],"wp:attachment":[{"href":"https:\/\/butikhome.pl\/index.php\/wp-json\/wp\/v2\/media?parent=13336"}],"wp:term":[{"taxonomy":"product_brand","embeddable":true,"href":"https:\/\/butikhome.pl\/index.php\/wp-json\/wp\/v2\/product_brand?post=13336"},{"taxonomy":"product_cat","embeddable":true,"href":"https:\/\/butikhome.pl\/index.php\/wp-json\/wp\/v2\/product_cat?post=13336"},{"taxonomy":"product_tag","embeddable":true,"href":"https:\/\/butikhome.pl\/index.php\/wp-json\/wp\/v2\/product_tag?post=13336"}],"curies":[{"name":"wp","href":"https:\/\/api.w.org\/{rel}","templated":true}]}}