{"id":13405,"date":"2023-03-29T17:27:20","date_gmt":"2023-03-29T15:27:20","guid":{"rendered":"https:\/\/butikhome.pl\/index.php\/produkt\/biustonosz-melodia-1162\/"},"modified":"2023-06-13T14:10:30","modified_gmt":"2023-06-13T12:10:30","slug":"biustonosz-melodia-1162","status":"publish","type":"product","link":"https:\/\/butikhome.pl\/index.php\/produkt\/biustonosz-melodia-1162\/","title":{"rendered":"Biustonosz Melodia 1162"},"content":{"rendered":"<ul>\n<li>Bielizna typu basic<\/li>\n<li>Biustonosz zapinany na plecach<\/li>\n<li>Brak usztywnienia w miseczkach<\/li>\n<li>Koronkowe zdobienia<\/li>\n<li>Na wi\u0119ksze biusty<\/li>\n<li>Nieodpinane rami\u0105czka<\/li>\n<li>Obw\u00f3d biustonosza regulowany<\/li>\n<li>Odpinana ozdoba<\/li>\n<li>Pakowany w pude\u0142ko<\/li>\n<li>Produkt polski<\/li>\n<li>Przyjemna w dotyku, mi\u0119kka dzianina\/tkanina<\/li>\n<li>Rami\u0105czka regulowane<\/li>\n<li>Rami\u0105czka szersze, dopasowane do rozmiaru<\/li>\n<li>Wysoka jako\u015b\u0107<\/li>\n<li>Elastan: 10%<\/li>\n<li>Poliamid: 90%<\/li>\n<\/ul>\n","protected":false},"excerpt":{"rendered":"<p>Bielizna typu basic Biustonosz zapinany na plecach Brak usztywnienia w miseczkach Koronkowe zdobienia Na wi\u0119ksze biusty Nieodpinane rami\u0105czka Obw\u00f3d biustonosza regulowany Odpinana ozdoba Pakowany w pude\u0142ko Produkt polski Przyjemna w dotyku, mi\u0119kka dzianina\/tkanina Rami\u0105czka regulowane Rami\u0105czka szersze, dopasowane do rozmiaru Wysoka jako\u015b\u0107 Elastan: 10% Poliamid: 90%<\/p>\n","protected":false},"featured_media":15532,"comment_status":"open","ping_status":"closed","template":"","meta":[],"product_brand":[],"product_cat":[629,24],"product_tag":[1706,1707,1708,1640,1641,1694,1709,1644,1645,1646,1647,1648,1710,1712,1714,1716,1717,1718,1719,1720,1721,1489,1490,1491,1492,1493,1494,1627,1628,1495,1497,1498,1499,1500,1630,1631,1632,1501,1502,1503,1504,1505,1633,1634,1635,1693,1506,1507,1508,1509,1637,1638,1639,1757,1613,1758,1678,206,660,1480,1759,1390,644,1343,664,1728,656,301,1468],"class_list":{"0":"post-13405","1":"product","2":"type-product","3":"status-publish","4":"has-post-thumbnail","6":"product_cat-biustonosze-podkategoria-do-bielizny","7":"product_cat-produkty","8":"product_tag-100-b","9":"product_tag-100-c","10":"product_tag-100-d","11":"product_tag-100-e","12":"product_tag-100-f","13":"product_tag-100-i","14":"product_tag-105-b","15":"product_tag-105-c","16":"product_tag-105-d","17":"product_tag-105-e","18":"product_tag-105-f","19":"product_tag-105-g","20":"product_tag-105-h","21":"product_tag-110-c","22":"product_tag-110-e","23":"product_tag-110-g","24":"product_tag-115-b","25":"product_tag-115-c","26":"product_tag-115-d","27":"product_tag-115-e","28":"product_tag-122-128","29":"product_tag-80-c","30":"product_tag-80-d","31":"product_tag-80-e","32":"product_tag-80-f","33":"product_tag-80-g","34":"product_tag-80-h","35":"product_tag-80-i","36":"product_tag-80-j","37":"product_tag-85-b","38":"product_tag-85-d","39":"product_tag-85-e","40":"product_tag-85-f","41":"product_tag-85-g","42":"product_tag-85-h","43":"product_tag-85-i","44":"product_tag-85-j","45":"product_tag-90-b","46":"product_tag-90-c","47":"product_tag-90-d","48":"product_tag-90-e","49":"product_tag-90-f","50":"product_tag-90-g","51":"product_tag-90-h","52":"product_tag-90-i","53":"product_tag-90-j","54":"product_tag-95-b","55":"product_tag-95-c","56":"product_tag-95-d","57":"product_tag-95-e","58":"product_tag-95-f","59":"product_tag-95-h","60":"product_tag-95-i","61":"product_tag-bezowy-80-b","62":"product_tag-bielizna-typu-basic","63":"product_tag-biustonosz-melodia-1162","64":"product_tag-brak-usztywnienia-w-miseczkach","65":"product_tag-koronkowe-zdobienia","66":"product_tag-na-wiekszy-biust","67":"product_tag-nieodpinane-ramiaczka","68":"product_tag-odpinana-ozdoba","69":"product_tag-pakowany-w-pudelko","70":"product_tag-polski-producent","71":"product_tag-przyjemna-w-dotyku-dzianina","72":"product_tag-ramiaczka-regulowane","73":"product_tag-ramiaczka-szersze-dopasowane-do-rozmiaru","74":"product_tag-regulowany-obwod-biutonosza","75":"product_tag-wysoka-jakosc","76":"product_tag-zapinany-na-plecach","78":"first","79":"instock","80":"taxable","81":"shipping-taxable","82":"purchasable","83":"product-type-simple"},"_links":{"self":[{"href":"https:\/\/butikhome.pl\/index.php\/wp-json\/wp\/v2\/product\/13405","targetHints":{"allow":["GET"]}}],"collection":[{"href":"https:\/\/butikhome.pl\/index.php\/wp-json\/wp\/v2\/product"}],"about":[{"href":"https:\/\/butikhome.pl\/index.php\/wp-json\/wp\/v2\/types\/product"}],"replies":[{"embeddable":true,"href":"https:\/\/butikhome.pl\/index.php\/wp-json\/wp\/v2\/comments?post=13405"}],"wp:featuredmedia":[{"embeddable":true,"href":"https:\/\/butikhome.pl\/index.php\/wp-json\/wp\/v2\/media\/15532"}],"wp:attachment":[{"href":"https:\/\/butikhome.pl\/index.php\/wp-json\/wp\/v2\/media?parent=13405"}],"wp:term":[{"taxonomy":"product_brand","embeddable":true,"href":"https:\/\/butikhome.pl\/index.php\/wp-json\/wp\/v2\/product_brand?post=13405"},{"taxonomy":"product_cat","embeddable":true,"href":"https:\/\/butikhome.pl\/index.php\/wp-json\/wp\/v2\/product_cat?post=13405"},{"taxonomy":"product_tag","embeddable":true,"href":"https:\/\/butikhome.pl\/index.php\/wp-json\/wp\/v2\/product_tag?post=13405"}],"curies":[{"name":"wp","href":"https:\/\/api.w.org\/{rel}","templated":true}]}}