{"id":13463,"date":"2023-03-29T17:29:35","date_gmt":"2023-03-29T15:29:35","guid":{"rendered":"https:\/\/butikhome.pl\/index.php\/produkt\/biustonosz-moulded-1082-bezowy\/"},"modified":"2023-06-13T13:57:57","modified_gmt":"2023-06-13T11:57:57","slug":"biustonosz-moulded-1082-bezowy","status":"publish","type":"product","link":"https:\/\/butikhome.pl\/index.php\/produkt\/biustonosz-moulded-1082-bezowy\/","title":{"rendered":"Biustonosz Moulded 1082 Be\u017cowy"},"content":{"rendered":"<ul>\n<li>Bielizna typu basic<\/li>\n<li>Biustonosz usztywniany<\/li>\n<li>Biustonosz zapinany na plecach<\/li>\n<li>Fiszbiny dolne<\/li>\n<li>G\u0142adki prz\u00f3d<\/li>\n<li>G\u0142\u0119bokie, wygodne miseczki<\/li>\n<li>Miseczki usztywniane<\/li>\n<li>Na wi\u0119ksze biusty<\/li>\n<li>Nieodpinane rami\u0105czka<\/li>\n<li>Obw\u00f3d biustonosza regulowany<\/li>\n<li>Ozdobna kokarda<\/li>\n<li>Pakowany w pude\u0142ko<\/li>\n<li>Produkt polski<\/li>\n<li>Przyjemna w dotyku, mi\u0119kka dzianina\/tkanina<\/li>\n<li>Rami\u0105czka regulowane<\/li>\n<li>Siateczkowe zdobienia<\/li>\n<li>Wysoka jako\u015b\u0107<\/li>\n<li>Elastan: 20%<\/li>\n<li>Poliamid: 80%<\/li>\n<\/ul>\n","protected":false},"excerpt":{"rendered":"<p>Bielizna typu basic Biustonosz usztywniany Biustonosz zapinany na plecach Fiszbiny dolne G\u0142adki prz\u00f3d G\u0142\u0119bokie, wygodne miseczki Miseczki usztywniane Na wi\u0119ksze biusty Nieodpinane rami\u0105czka Obw\u00f3d biustonosza regulowany Ozdobna kokarda Pakowany w pude\u0142ko Produkt polski Przyjemna w dotyku, mi\u0119kka dzianina\/tkanina Rami\u0105czka regulowane Siateczkowe zdobienia Wysoka jako\u015b\u0107 Elastan: 20% Poliamid: 80%<\/p>\n","protected":false},"featured_media":15530,"comment_status":"open","ping_status":"closed","template":"","meta":[],"product_brand":[],"product_cat":[629,24],"product_tag":[1750,1604,1605,1606,1610,1751,1599,1482,1483,1484,1485,1486,1488,1489,1490,1491,1492,1493,1495,1496,1497,1498,1499,1501,1502,1503,1504,1506,1507,1508,1615,1613,1756,681,260,1618,663,1753,660,1480,661,1620,1390,1078,1404,664,665,1754,301,1468],"class_list":{"0":"post-13463","1":"product","2":"type-product","3":"status-publish","4":"has-post-thumbnail","6":"product_cat-biustonosze-podkategoria-do-bielizny","7":"product_cat-produkty","8":"product_tag-70-c","9":"product_tag-70-d","10":"product_tag-70-e","11":"product_tag-70-f","12":"product_tag-70-g","13":"product_tag-75-b","14":"product_tag-75-c","15":"product_tag-75-d","16":"product_tag-75-e","17":"product_tag-75-f","18":"product_tag-75-g","19":"product_tag-75-h","20":"product_tag-80-b","21":"product_tag-80-c","22":"product_tag-80-d","23":"product_tag-80-e","24":"product_tag-80-f","25":"product_tag-80-g","26":"product_tag-85-b","27":"product_tag-85-c","28":"product_tag-85-d","29":"product_tag-85-e","30":"product_tag-85-f","31":"product_tag-90-b","32":"product_tag-90-c","33":"product_tag-90-d","34":"product_tag-90-e","35":"product_tag-95-b","36":"product_tag-95-c","37":"product_tag-95-d","38":"product_tag-bezowy","39":"product_tag-bielizna-typu-basic","40":"product_tag-biustonosz-moulded-1082-bezowy","41":"product_tag-fiszbiny-dolne","42":"product_tag-gladki-przod","43":"product_tag-glebokie-wygodne-miseczki","44":"product_tag-miekka-dzianina","45":"product_tag-mocca","46":"product_tag-na-wiekszy-biust","47":"product_tag-nieodpinane-ramiaczka","48":"product_tag-obwod-biustonosza-regulowany","49":"product_tag-ozdobna-kokarda","50":"product_tag-pakowany-w-pudelko","51":"product_tag-polski-produkt","52":"product_tag-przyjemna-tkanina-w-dotyku","53":"product_tag-ramiaczka-regulowane","54":"product_tag-siateczkowe-zdobienia","55":"product_tag-usztywniany","56":"product_tag-wysoka-jakosc","57":"product_tag-zapinany-na-plecach","59":"first","60":"instock","61":"taxable","62":"shipping-taxable","63":"purchasable","64":"product-type-simple"},"_links":{"self":[{"href":"https:\/\/butikhome.pl\/index.php\/wp-json\/wp\/v2\/product\/13463","targetHints":{"allow":["GET"]}}],"collection":[{"href":"https:\/\/butikhome.pl\/index.php\/wp-json\/wp\/v2\/product"}],"about":[{"href":"https:\/\/butikhome.pl\/index.php\/wp-json\/wp\/v2\/types\/product"}],"replies":[{"embeddable":true,"href":"https:\/\/butikhome.pl\/index.php\/wp-json\/wp\/v2\/comments?post=13463"}],"wp:featuredmedia":[{"embeddable":true,"href":"https:\/\/butikhome.pl\/index.php\/wp-json\/wp\/v2\/media\/15530"}],"wp:attachment":[{"href":"https:\/\/butikhome.pl\/index.php\/wp-json\/wp\/v2\/media?parent=13463"}],"wp:term":[{"taxonomy":"product_brand","embeddable":true,"href":"https:\/\/butikhome.pl\/index.php\/wp-json\/wp\/v2\/product_brand?post=13463"},{"taxonomy":"product_cat","embeddable":true,"href":"https:\/\/butikhome.pl\/index.php\/wp-json\/wp\/v2\/product_cat?post=13463"},{"taxonomy":"product_tag","embeddable":true,"href":"https:\/\/butikhome.pl\/index.php\/wp-json\/wp\/v2\/product_tag?post=13463"}],"curies":[{"name":"wp","href":"https:\/\/api.w.org\/{rel}","templated":true}]}}