{"id":13559,"date":"2023-03-29T17:33:42","date_gmt":"2023-03-29T15:33:42","guid":{"rendered":"https:\/\/butikhome.pl\/index.php\/produkt\/biustonosz-nike-1135-czarny\/"},"modified":"2023-06-13T13:14:26","modified_gmt":"2023-06-13T11:14:26","slug":"biustonosz-nike-1135-czarny","status":"publish","type":"product","link":"https:\/\/butikhome.pl\/index.php\/produkt\/biustonosz-nike-1135-czarny\/","title":{"rendered":"Biustonosz Nike 1135 Czarny"},"content":{"rendered":"<ul>\n<li>Biustonosz zapinany na plecach<\/li>\n<li>Brak usztywnienia w miseczkach<\/li>\n<li>Fiszbiny dolne<\/li>\n<li>Koronkowe zdobienia<\/li>\n<li>Nieodpinane rami\u0105czka<\/li>\n<li>Obw\u00f3d biustonosza regulowany<\/li>\n<li>Ozdobna kokarda<\/li>\n<li>Pakowany w pude\u0142ko<\/li>\n<li>Produkt polski<\/li>\n<li>Przy rami\u0105czkach ozdobne kokardki<\/li>\n<li>Przyjemna w dotyku, mi\u0119kka dzianina\/tkanina<\/li>\n<li>Rami\u0105czka regulowane<\/li>\n<li>Wykonana z eleganckiej koronki<\/li>\n<li>Wysoka jako\u015b\u0107<\/li>\n<li>Elastan: 16%<\/li>\n<li>Poliamid: 64%<\/li>\n<li>Poliester: 20%<\/li>\n<\/ul>\n","protected":false},"excerpt":{"rendered":"<p>Biustonosz zapinany na plecach Brak usztywnienia w miseczkach Fiszbiny dolne Koronkowe zdobienia Nieodpinane rami\u0105czka Obw\u00f3d biustonosza regulowany Ozdobna kokarda Pakowany w pude\u0142ko Produkt polski Przy rami\u0105czkach ozdobne kokardki Przyjemna w dotyku, mi\u0119kka dzianina\/tkanina Rami\u0105czka regulowane Wykonana z eleganckiej koronki Wysoka jako\u015b\u0107 Elastan: 16% Poliamid: 64% Poliester: 20%<\/p>\n","protected":false},"featured_media":15523,"comment_status":"open","ping_status":"closed","template":"","meta":[],"product_brand":[],"product_cat":[1550,1551,1552,1561,1570,629,24],"product_tag":[1610,1611,1486,1494,1740,1616,1678,1089,1739,597,681,1603,1741,206,1621,1480,661,1390,388,1404,664,301],"class_list":{"0":"post-13559","1":"product","2":"type-product","3":"status-publish","4":"has-post-thumbnail","6":"product_cat-70-f","7":"product_cat-70-g","8":"product_cat-70-h","9":"product_cat-75-h","10":"product_cat-80-h","11":"product_cat-biustonosze-podkategoria-do-bielizny","12":"product_cat-produkty","13":"product_tag-70-g","14":"product_tag-70-h","15":"product_tag-75-h","16":"product_tag-80-h","17":"product_tag-biustonosz-nike-1135-czarny","18":"product_tag-biustonosz-zapinany-na-plecach","19":"product_tag-brak-usztywnienia-w-miseczkach","20":"product_tag-czarny","21":"product_tag-czarny-70-f","22":"product_tag-elegancka-koronka","23":"product_tag-fiszbiny-dolne","24":"product_tag-gaia","25":"product_tag-kokardki-przy-ramiaczkach","26":"product_tag-koronkowe-zdobienia","27":"product_tag-miekka-dzianina-tkanina","28":"product_tag-nieodpinane-ramiaczka","29":"product_tag-obwod-biustonosza-regulowany","30":"product_tag-pakowany-w-pudelko","31":"product_tag-produkt-polski","32":"product_tag-przyjemna-tkanina-w-dotyku","33":"product_tag-ramiaczka-regulowane","34":"product_tag-wysoka-jakosc","36":"first","37":"instock","38":"taxable","39":"shipping-taxable","40":"purchasable","41":"product-type-simple"},"_links":{"self":[{"href":"https:\/\/butikhome.pl\/index.php\/wp-json\/wp\/v2\/product\/13559","targetHints":{"allow":["GET"]}}],"collection":[{"href":"https:\/\/butikhome.pl\/index.php\/wp-json\/wp\/v2\/product"}],"about":[{"href":"https:\/\/butikhome.pl\/index.php\/wp-json\/wp\/v2\/types\/product"}],"replies":[{"embeddable":true,"href":"https:\/\/butikhome.pl\/index.php\/wp-json\/wp\/v2\/comments?post=13559"}],"wp:featuredmedia":[{"embeddable":true,"href":"https:\/\/butikhome.pl\/index.php\/wp-json\/wp\/v2\/media\/15523"}],"wp:attachment":[{"href":"https:\/\/butikhome.pl\/index.php\/wp-json\/wp\/v2\/media?parent=13559"}],"wp:term":[{"taxonomy":"product_brand","embeddable":true,"href":"https:\/\/butikhome.pl\/index.php\/wp-json\/wp\/v2\/product_brand?post=13559"},{"taxonomy":"product_cat","embeddable":true,"href":"https:\/\/butikhome.pl\/index.php\/wp-json\/wp\/v2\/product_cat?post=13559"},{"taxonomy":"product_tag","embeddable":true,"href":"https:\/\/butikhome.pl\/index.php\/wp-json\/wp\/v2\/product_tag?post=13559"}],"curies":[{"name":"wp","href":"https:\/\/api.w.org\/{rel}","templated":true}]}}