{"id":13565,"date":"2023-03-29T17:33:54","date_gmt":"2023-03-29T15:33:54","guid":{"rendered":"https:\/\/butikhome.pl\/index.php\/produkt\/biustonosz-nina-644\/"},"modified":"2023-06-13T12:47:13","modified_gmt":"2023-06-13T10:47:13","slug":"biustonosz-nina-644","status":"publish","type":"product","link":"https:\/\/butikhome.pl\/index.php\/produkt\/biustonosz-nina-644\/","title":{"rendered":"Biustonosz Nina 644"},"content":{"rendered":"<p><span>Stylowy i elegancki biustonosz w wersji soft, w kilku kolorach do wyboru. Wyj\u0105tkowo kobiecy. G\u00f3r\u0119 tworzy lekki, subtelnie prze\u015bwituj\u0105cy tiul, pokryty dekoracyjnym, kwiecistym haftem. D\u00f3\u0142 dla kontrastu pozostawiono g\u0142adki. Fason bardzo dobrze zbiera i modeluje biust, czyni\u0105c dekolt wyj\u0105tkowo pi\u0119knym. Zapi\u0119cie na dwurz\u0119dowe haftki, trzystopniowa regulacja obwodu. Sk\u0142ad: 55% poliester, 41% poliamid, 4% elastan. <\/span><\/p>\n","protected":false},"excerpt":{"rendered":"<p>Stylowy i elegancki biustonosz w wersji soft, w kilku kolorach do wyboru. Wyj\u0105tkowo kobiecy. G\u00f3r\u0119 tworzy lekki, subtelnie prze\u015bwituj\u0105cy tiul, pokryty dekoracyjnym, kwiecistym haftem. D\u00f3\u0142 dla kontrastu pozostawiono g\u0142adki. Fason bardzo dobrze zbiera i modeluje biust, czyni\u0105c dekolt wyj\u0105tkowo pi\u0119knym. Zapi\u0119cie na dwurz\u0119dowe haftki, trzystopniowa regulacja obwodu. Sk\u0142ad: 55% poliester, 41% poliamid, 4% elastan.<\/p>\n","protected":false},"featured_media":15521,"comment_status":"open","ping_status":"closed","template":"","meta":[],"product_brand":[],"product_cat":[1562,629,24],"product_tag":[672,1731,1732,1737,1684,1366,1734,671,1736,676,1738,1733,1735],"class_list":{"0":"post-13565","1":"product","2":"type-product","3":"status-publish","4":"has-post-thumbnail","6":"product_cat-75-i","7":"product_cat-biustonosze-podkategoria-do-bielizny","8":"product_cat-produkty","9":"product_tag-bialy","10":"product_tag-bialy-75-i","11":"product_tag-biustonosz-nina-644","12":"product_tag-dekoracyjny-kwiecisty-haft","13":"product_tag-dobrze-zbiera-piersi-i-przesuwa-je-do-srodka","14":"product_tag-dol-gladki","15":"product_tag-elegancki","16":"product_tag-kobiecy","17":"product_tag-lekki-przeswitujacy-tiul","18":"product_tag-modeluje-biust","19":"product_tag-regulacja-odwodu-biustonosza","20":"product_tag-stylowy","21":"product_tag-w-wersji-soft","23":"first","24":"instock","25":"taxable","26":"shipping-taxable","27":"purchasable","28":"product-type-simple"},"_links":{"self":[{"href":"https:\/\/butikhome.pl\/index.php\/wp-json\/wp\/v2\/product\/13565","targetHints":{"allow":["GET"]}}],"collection":[{"href":"https:\/\/butikhome.pl\/index.php\/wp-json\/wp\/v2\/product"}],"about":[{"href":"https:\/\/butikhome.pl\/index.php\/wp-json\/wp\/v2\/types\/product"}],"replies":[{"embeddable":true,"href":"https:\/\/butikhome.pl\/index.php\/wp-json\/wp\/v2\/comments?post=13565"}],"wp:featuredmedia":[{"embeddable":true,"href":"https:\/\/butikhome.pl\/index.php\/wp-json\/wp\/v2\/media\/15521"}],"wp:attachment":[{"href":"https:\/\/butikhome.pl\/index.php\/wp-json\/wp\/v2\/media?parent=13565"}],"wp:term":[{"taxonomy":"product_brand","embeddable":true,"href":"https:\/\/butikhome.pl\/index.php\/wp-json\/wp\/v2\/product_brand?post=13565"},{"taxonomy":"product_cat","embeddable":true,"href":"https:\/\/butikhome.pl\/index.php\/wp-json\/wp\/v2\/product_cat?post=13565"},{"taxonomy":"product_tag","embeddable":true,"href":"https:\/\/butikhome.pl\/index.php\/wp-json\/wp\/v2\/product_tag?post=13565"}],"curies":[{"name":"wp","href":"https:\/\/api.w.org\/{rel}","templated":true}]}}