{"id":13585,"date":"2023-03-29T17:34:40","date_gmt":"2023-03-29T15:34:40","guid":{"rendered":"https:\/\/butikhome.pl\/index.php\/produkt\/biustonosz-rachela-1163\/"},"modified":"2023-06-13T11:29:25","modified_gmt":"2023-06-13T09:29:25","slug":"biustonosz-rachela-1163","status":"publish","type":"product","link":"https:\/\/butikhome.pl\/index.php\/produkt\/biustonosz-rachela-1163\/","title":{"rendered":"Biustonosz Rachela 1163"},"content":{"rendered":"<ul>\n<li>Bezszwowy<\/li>\n<li>Brak usztywnienia w miseczkach<\/li>\n<li>G\u0142\u0119bokie, wygodne miseczki<\/li>\n<li>Koronkowe zdobienia<\/li>\n<li>Pakowany w pude\u0142ko<\/li>\n<li>Produkt polski<\/li>\n<li>Przyjemna w dotyku, mi\u0119kka dzianina\/tkanina<\/li>\n<li>Rami\u0105czka szersze, dopasowane do rozmiaru<\/li>\n<li>Regulacja pod biustem<\/li>\n<li>Wysoka jako\u015b\u0107<\/li>\n<li>Elastan: 15%<\/li>\n<li>Poliamid: 85%<\/li>\n<\/ul>\n","protected":false},"excerpt":{"rendered":"<p>Bezszwowy Brak usztywnienia w miseczkach G\u0142\u0119bokie, wygodne miseczki Koronkowe zdobienia Pakowany w pude\u0142ko Produkt polski Przyjemna w dotyku, mi\u0119kka dzianina\/tkanina Rami\u0105czka szersze, dopasowane do rozmiaru Regulacja pod biustem Wysoka jako\u015b\u0107 Elastan: 15% Poliamid: 85%<\/p>\n","protected":false},"featured_media":15516,"comment_status":"open","ping_status":"closed","template":"","meta":[],"product_brand":[],"product_cat":[629,24],"product_tag":[1706,1707,1708,1640,1641,1642,1643,1694,1709,1644,1645,1646,1647,1648,1710,1711,1712,1713,1714,1715,1716,1717,1718,1719,1720,1721,1496,1497,1498,1499,1500,1630,1631,1632,1501,1502,1503,1504,1633,1634,1635,1693,1506,1507,1508,1509,1637,1704,1638,1639,1705,1724,1615,1723,1722,1603,1618,206,1390,1078,1410,1725,1702,301],"class_list":{"0":"post-13585","1":"product","2":"type-product","3":"status-publish","4":"has-post-thumbnail","6":"product_cat-biustonosze-podkategoria-do-bielizny","7":"product_cat-produkty","8":"product_tag-100-b","9":"product_tag-100-c","10":"product_tag-100-d","11":"product_tag-100-e","12":"product_tag-100-f","13":"product_tag-100-g","14":"product_tag-100-h","15":"product_tag-100-i","16":"product_tag-105-b","17":"product_tag-105-c","18":"product_tag-105-d","19":"product_tag-105-e","20":"product_tag-105-f","21":"product_tag-105-g","22":"product_tag-105-h","23":"product_tag-110-b","24":"product_tag-110-c","25":"product_tag-110-d","26":"product_tag-110-e","27":"product_tag-110-f","28":"product_tag-110-g","29":"product_tag-115-b","30":"product_tag-115-c","31":"product_tag-115-d","32":"product_tag-115-e","33":"product_tag-122-128","34":"product_tag-85-c","35":"product_tag-85-d","36":"product_tag-85-e","37":"product_tag-85-f","38":"product_tag-85-g","39":"product_tag-85-h","40":"product_tag-85-i","41":"product_tag-85-j","42":"product_tag-90-b","43":"product_tag-90-c","44":"product_tag-90-d","45":"product_tag-90-e","46":"product_tag-90-g","47":"product_tag-90-h","48":"product_tag-90-i","49":"product_tag-90-j","50":"product_tag-95-b","51":"product_tag-95-c","52":"product_tag-95-d","53":"product_tag-95-e","54":"product_tag-95-f","55":"product_tag-95-g","56":"product_tag-95-h","57":"product_tag-95-i","58":"product_tag-95-j","59":"product_tag-bez-usztywnien","60":"product_tag-bezowy","61":"product_tag-bezszwowy","62":"product_tag-biustonosz-rachela-1163-bezowy","63":"product_tag-gaia","64":"product_tag-glebokie-wygodne-miseczki","65":"product_tag-koronkowe-zdobienia","66":"product_tag-pakowany-w-pudelko","67":"product_tag-polski-produkt","68":"product_tag-przyjemna-i-miekka-tkanina","69":"product_tag-regulowane-pod-biustem","70":"product_tag-szersze-ramiaczka-dostosowane-do-rozmiaru","71":"product_tag-wysoka-jakosc","73":"first","74":"instock","75":"taxable","76":"shipping-taxable","77":"purchasable","78":"product-type-simple"},"_links":{"self":[{"href":"https:\/\/butikhome.pl\/index.php\/wp-json\/wp\/v2\/product\/13585","targetHints":{"allow":["GET"]}}],"collection":[{"href":"https:\/\/butikhome.pl\/index.php\/wp-json\/wp\/v2\/product"}],"about":[{"href":"https:\/\/butikhome.pl\/index.php\/wp-json\/wp\/v2\/types\/product"}],"replies":[{"embeddable":true,"href":"https:\/\/butikhome.pl\/index.php\/wp-json\/wp\/v2\/comments?post=13585"}],"wp:featuredmedia":[{"embeddable":true,"href":"https:\/\/butikhome.pl\/index.php\/wp-json\/wp\/v2\/media\/15516"}],"wp:attachment":[{"href":"https:\/\/butikhome.pl\/index.php\/wp-json\/wp\/v2\/media?parent=13585"}],"wp:term":[{"taxonomy":"product_brand","embeddable":true,"href":"https:\/\/butikhome.pl\/index.php\/wp-json\/wp\/v2\/product_brand?post=13585"},{"taxonomy":"product_cat","embeddable":true,"href":"https:\/\/butikhome.pl\/index.php\/wp-json\/wp\/v2\/product_cat?post=13585"},{"taxonomy":"product_tag","embeddable":true,"href":"https:\/\/butikhome.pl\/index.php\/wp-json\/wp\/v2\/product_tag?post=13585"}],"curies":[{"name":"wp","href":"https:\/\/api.w.org\/{rel}","templated":true}]}}