{"id":13636,"date":"2023-03-29T17:37:10","date_gmt":"2023-03-29T15:37:10","guid":{"rendered":"https:\/\/butikhome.pl\/index.php\/produkt\/biustonosz-rose-1115\/"},"modified":"2023-06-13T11:19:49","modified_gmt":"2023-06-13T09:19:49","slug":"biustonosz-rose-1115","status":"publish","type":"product","link":"https:\/\/butikhome.pl\/index.php\/produkt\/biustonosz-rose-1115\/","title":{"rendered":"Biustonosz Rose 1115"},"content":{"rendered":"<ul>\n<li>Fiszbiny dolne<\/li>\n<li>G\u0142\u0119bokie, wygodne miseczki<\/li>\n<li>Idealna tak\u017ce na prezent<\/li>\n<li>Kobieca stylistyka<\/li>\n<li>Koronkowe zdobienia<\/li>\n<li>Kr\u00f3j, kt\u00f3ry podkre\u015bla sylwetk\u0119<\/li>\n<li>Modna kolorystyka<\/li>\n<li>Nieodpinane rami\u0105czka<\/li>\n<li>Obw\u00f3d biustonosza regulowany<\/li>\n<li>Ozdobna kokarda<\/li>\n<li>Pakowany w pude\u0142ko<\/li>\n<li>Produkt polski<\/li>\n<li>Przyjemna w dotyku, mi\u0119kka dzianina\/tkanina<\/li>\n<li>Rami\u0105czka regulowane<\/li>\n<li>Rami\u0105czka szersze, dopasowane do rozmiaru<\/li>\n<li>Wykonana z elastycznego materia\u0142u<\/li>\n<li>Wysoka jako\u015b\u0107<\/li>\n<li>Elastan: 14%<\/li>\n<li>Poliamid: 56%<\/li>\n<li>Poliester: 30%<\/li>\n<\/ul>\n","protected":false},"excerpt":{"rendered":"<p>Fiszbiny dolne G\u0142\u0119bokie, wygodne miseczki Idealna tak\u017ce na prezent Kobieca stylistyka Koronkowe zdobienia Kr\u00f3j, kt\u00f3ry podkre\u015bla sylwetk\u0119 Modna kolorystyka Nieodpinane rami\u0105czka Obw\u00f3d biustonosza regulowany Ozdobna kokarda Pakowany w pude\u0142ko Produkt polski Przyjemna w dotyku, mi\u0119kka dzianina\/tkanina Rami\u0105czka regulowane Rami\u0105czka szersze, dopasowane do rozmiaru Wykonana z elastycznego materia\u0142u Wysoka jako\u015b\u0107 Elastan: 14% Poliamid: 56% Poliester: 30%<\/p>\n","protected":false},"featured_media":15514,"comment_status":"open","ping_status":"closed","template":"","meta":[],"product_brand":[],"product_cat":[1550,1551,629,24],"product_tag":[666,1698,1699,681,1603,1618,1700,1479,206,659,1701,1480,678,1390,1078,1410,664,1702,1703,301],"class_list":{"0":"post-13636","1":"product","2":"type-product","3":"status-publish","4":"has-post-thumbnail","6":"product_cat-70-f","7":"product_cat-70-g","8":"product_cat-biustonosze-podkategoria-do-bielizny","9":"product_cat-produkty","10":"product_tag-70f","11":"product_tag-70g","12":"product_tag-biustonosz-rose-1115","13":"product_tag-fiszbiny-dolne","14":"product_tag-gaia","15":"product_tag-glebokie-wygodne-miseczki","16":"product_tag-idealne-na-prezent","17":"product_tag-kobieca-stylistyka","18":"product_tag-koronkowe-zdobienia","19":"product_tag-kroj-podkreslajacy-sylwetke","20":"product_tag-modna-kolorystyka","21":"product_tag-nieodpinane-ramiaczka","22":"product_tag-odwod-biustonosza-regulowany","23":"product_tag-pakowany-w-pudelko","24":"product_tag-polski-produkt","25":"product_tag-przyjemna-i-miekka-tkanina","26":"product_tag-ramiaczka-regulowane","27":"product_tag-szersze-ramiaczka-dostosowane-do-rozmiaru","28":"product_tag-wykonany-z-elastycznego-materialu","29":"product_tag-wysoka-jakosc","31":"first","32":"instock","33":"taxable","34":"shipping-taxable","35":"purchasable","36":"product-type-simple"},"_links":{"self":[{"href":"https:\/\/butikhome.pl\/index.php\/wp-json\/wp\/v2\/product\/13636","targetHints":{"allow":["GET"]}}],"collection":[{"href":"https:\/\/butikhome.pl\/index.php\/wp-json\/wp\/v2\/product"}],"about":[{"href":"https:\/\/butikhome.pl\/index.php\/wp-json\/wp\/v2\/types\/product"}],"replies":[{"embeddable":true,"href":"https:\/\/butikhome.pl\/index.php\/wp-json\/wp\/v2\/comments?post=13636"}],"wp:featuredmedia":[{"embeddable":true,"href":"https:\/\/butikhome.pl\/index.php\/wp-json\/wp\/v2\/media\/15514"}],"wp:attachment":[{"href":"https:\/\/butikhome.pl\/index.php\/wp-json\/wp\/v2\/media?parent=13636"}],"wp:term":[{"taxonomy":"product_brand","embeddable":true,"href":"https:\/\/butikhome.pl\/index.php\/wp-json\/wp\/v2\/product_brand?post=13636"},{"taxonomy":"product_cat","embeddable":true,"href":"https:\/\/butikhome.pl\/index.php\/wp-json\/wp\/v2\/product_cat?post=13636"},{"taxonomy":"product_tag","embeddable":true,"href":"https:\/\/butikhome.pl\/index.php\/wp-json\/wp\/v2\/product_tag?post=13636"}],"curies":[{"name":"wp","href":"https:\/\/api.w.org\/{rel}","templated":true}]}}