{"id":13638,"date":"2023-03-29T17:37:15","date_gmt":"2023-03-29T15:37:15","guid":{"rendered":"https:\/\/butikhome.pl\/index.php\/produkt\/biustonosz-rose-1115m\/"},"modified":"2023-06-13T11:06:18","modified_gmt":"2023-06-13T09:06:18","slug":"biustonosz-rose-1115m","status":"publish","type":"product","link":"https:\/\/butikhome.pl\/index.php\/produkt\/biustonosz-rose-1115m\/","title":{"rendered":"Biustonosz Rose 1115M"},"content":{"rendered":"<ul>\n<li>Fiszbiny boczne<\/li>\n<li>G\u0142\u0119bokie, wygodne miseczki<\/li>\n<li>Kobieca stylistyka<\/li>\n<li>Koronkowe zdobienia<\/li>\n<li>Na wi\u0119ksze biusty<\/li>\n<li>Nieodpinane rami\u0105czka<\/li>\n<li>Obw\u00f3d biustonosza regulowany<\/li>\n<li>Ozdobna kokarda<\/li>\n<li>Pakowany w pude\u0142ko<\/li>\n<li>Produkt polski<\/li>\n<li>Przyjemna w dotyku, mi\u0119kka dzianina\/tkanina<\/li>\n<li>Rami\u0105czka regulowane<\/li>\n<li>Rami\u0105czka szersze, dopasowane do rozmiaru<\/li>\n<li>Wykonana z elastycznego materia\u0142u<\/li>\n<li>Wysoka jako\u015b\u0107<\/li>\n<li>Zbiera piersi z bok\u00f3w do \u015brodka dekoltu<\/li>\n<li>Elastan: 14%<\/li>\n<li>Poliamid: 56%<\/li>\n<li>Poliester: 30%<\/li>\n<\/ul>\n","protected":false},"excerpt":{"rendered":"<p>Fiszbiny boczne G\u0142\u0119bokie, wygodne miseczki Kobieca stylistyka Koronkowe zdobienia Na wi\u0119ksze biusty Nieodpinane rami\u0105czka Obw\u00f3d biustonosza regulowany Ozdobna kokarda Pakowany w pude\u0142ko Produkt polski Przyjemna w dotyku, mi\u0119kka dzianina\/tkanina Rami\u0105czka regulowane Rami\u0105czka szersze, dopasowane do rozmiaru Wykonana z elastycznego materia\u0142u Wysoka jako\u015b\u0107 Zbiera piersi z bok\u00f3w do \u015brodka dekoltu Elastan: 14% Poliamid: 56% Poliester: 30%<\/p>\n","protected":false},"featured_media":15513,"comment_status":"open","ping_status":"closed","template":"","meta":[],"product_brand":[],"product_cat":[629,24],"product_tag":[1640,1641,1642,1694,1646,1625,1626,1692,1629,1633,1635,1693,1639,1695,1684,1469,1603,1618,1479,206,189,660,1480,678,1390,388,1696,1697,301],"class_list":{"0":"post-13638","1":"product","2":"type-product","3":"status-publish","4":"has-post-thumbnail","6":"product_cat-biustonosze-podkategoria-do-bielizny","7":"product_cat-produkty","8":"product_tag-100-e","9":"product_tag-100-f","10":"product_tag-100-g","11":"product_tag-100-i","12":"product_tag-105-e","13":"product_tag-75-j","14":"product_tag-75-k","15":"product_tag-75-l","16":"product_tag-80-k","17":"product_tag-90-g","18":"product_tag-90-i","19":"product_tag-90-j","20":"product_tag-95-i","21":"product_tag-biustonosz-rose-1115m","22":"product_tag-dobrze-zbiera-piersi-i-przesuwa-je-do-srodka","23":"product_tag-fiszbiny-boczne","24":"product_tag-gaia","25":"product_tag-glebokie-wygodne-miseczki","26":"product_tag-kobieca-stylistyka","27":"product_tag-koronkowe-zdobienia","28":"product_tag-miekka-elastyczna-i-miekka-tkanina","29":"product_tag-na-wiekszy-biust","30":"product_tag-nieodpinane-ramiaczka","31":"product_tag-odwod-biustonosza-regulowany","32":"product_tag-pakowany-w-pudelko","33":"product_tag-produkt-polski","34":"product_tag-rozowy","35":"product_tag-szersze-ramiaczka","36":"product_tag-wysoka-jakosc","38":"first","39":"instock","40":"taxable","41":"shipping-taxable","42":"purchasable","43":"product-type-simple"},"_links":{"self":[{"href":"https:\/\/butikhome.pl\/index.php\/wp-json\/wp\/v2\/product\/13638","targetHints":{"allow":["GET"]}}],"collection":[{"href":"https:\/\/butikhome.pl\/index.php\/wp-json\/wp\/v2\/product"}],"about":[{"href":"https:\/\/butikhome.pl\/index.php\/wp-json\/wp\/v2\/types\/product"}],"replies":[{"embeddable":true,"href":"https:\/\/butikhome.pl\/index.php\/wp-json\/wp\/v2\/comments?post=13638"}],"wp:featuredmedia":[{"embeddable":true,"href":"https:\/\/butikhome.pl\/index.php\/wp-json\/wp\/v2\/media\/15513"}],"wp:attachment":[{"href":"https:\/\/butikhome.pl\/index.php\/wp-json\/wp\/v2\/media?parent=13638"}],"wp:term":[{"taxonomy":"product_brand","embeddable":true,"href":"https:\/\/butikhome.pl\/index.php\/wp-json\/wp\/v2\/product_brand?post=13638"},{"taxonomy":"product_cat","embeddable":true,"href":"https:\/\/butikhome.pl\/index.php\/wp-json\/wp\/v2\/product_cat?post=13638"},{"taxonomy":"product_tag","embeddable":true,"href":"https:\/\/butikhome.pl\/index.php\/wp-json\/wp\/v2\/product_tag?post=13638"}],"curies":[{"name":"wp","href":"https:\/\/api.w.org\/{rel}","templated":true}]}}