{"id":13653,"date":"2023-03-29T17:37:57","date_gmt":"2023-03-29T15:37:57","guid":{"rendered":"https:\/\/butikhome.pl\/index.php\/produkt\/biustonosz-sandy-594-bialy\/"},"modified":"2023-06-13T10:56:46","modified_gmt":"2023-06-13T08:56:46","slug":"biustonosz-sandy-594-bialy","status":"publish","type":"product","link":"https:\/\/butikhome.pl\/index.php\/produkt\/biustonosz-sandy-594-bialy\/","title":{"rendered":"Biustonosz Sandy 594 Bia\u0142y"},"content":{"rendered":"<p><span>Idealny biustonosz na co dzie\u0144. P\u00f3\u0142usztywniany, w bia\u0142ym kolorze. Bardzo \u0142adny i elegancki. Zaprojektowany na \u015brednie i wi\u0119ksze piersi &#8211; dobrze je zbiera, unosi, modeluje, utrzymuje na swoim miejscu. \u0141adne, delikatne rami\u0105czka, ich szeroko\u015b\u0107 dostosowana do rozmiaru biustonosza. Sk\u0142ad: 51% poliamid, 25% poliester, 12% bawe\u0142na, 10% elastan, 2% poliuretan. <\/span><\/p>\n<p><span>\u00a0<\/span><\/p>\n","protected":false},"excerpt":{"rendered":"<p>Idealny biustonosz na co dzie\u0144. P\u00f3\u0142usztywniany, w bia\u0142ym kolorze. Bardzo \u0142adny i elegancki. Zaprojektowany na \u015brednie i wi\u0119ksze piersi &#8211; dobrze je zbiera, unosi, modeluje, utrzymuje na swoim miejscu. \u0141adne, delikatne rami\u0105czka, ich szeroko\u015b\u0107 dostosowana do rozmiaru biustonosza. Sk\u0142ad: 51% poliamid, 25% poliester, 12% bawe\u0142na, 10% elastan, 2% poliuretan. \u00a0<\/p>\n","protected":false},"featured_media":15510,"comment_status":"open","ping_status":"closed","template":"","meta":[],"product_brand":[],"product_cat":[1558,629,24],"product_tag":[1688,672,667,1689,1684,1603,1681,1682,1652,1690,1686,1659,1685,1691],"class_list":{"0":"post-13653","1":"product","2":"type-product","3":"status-publish","4":"has-post-thumbnail","6":"product_cat-75-e","7":"product_cat-biustonosze-podkategoria-do-bielizny","8":"product_cat-produkty","9":"product_tag-75e","10":"product_tag-bialy","11":"product_tag-biustonosz-polusztywniany","12":"product_tag-biustonosz-sandy-594-bialy","13":"product_tag-dobrze-zbiera-piersi-i-przesuwa-je-do-srodka","14":"product_tag-gaia","15":"product_tag-idealny-na-codzien","16":"product_tag-idealny-na-sredni-biust","17":"product_tag-idealny-na-wieksze-piersi","18":"product_tag-ladny-i-elegancki","19":"product_tag-modeluje-piersi","20":"product_tag-szerokoscia-dostosowane-do-rozmiaru-biustonosza","21":"product_tag-unosi-piersi","22":"product_tag-utrzymuje-je-na-miejscu","24":"first","25":"instock","26":"taxable","27":"shipping-taxable","28":"purchasable","29":"product-type-simple"},"_links":{"self":[{"href":"https:\/\/butikhome.pl\/index.php\/wp-json\/wp\/v2\/product\/13653","targetHints":{"allow":["GET"]}}],"collection":[{"href":"https:\/\/butikhome.pl\/index.php\/wp-json\/wp\/v2\/product"}],"about":[{"href":"https:\/\/butikhome.pl\/index.php\/wp-json\/wp\/v2\/types\/product"}],"replies":[{"embeddable":true,"href":"https:\/\/butikhome.pl\/index.php\/wp-json\/wp\/v2\/comments?post=13653"}],"wp:featuredmedia":[{"embeddable":true,"href":"https:\/\/butikhome.pl\/index.php\/wp-json\/wp\/v2\/media\/15510"}],"wp:attachment":[{"href":"https:\/\/butikhome.pl\/index.php\/wp-json\/wp\/v2\/media?parent=13653"}],"wp:term":[{"taxonomy":"product_brand","embeddable":true,"href":"https:\/\/butikhome.pl\/index.php\/wp-json\/wp\/v2\/product_brand?post=13653"},{"taxonomy":"product_cat","embeddable":true,"href":"https:\/\/butikhome.pl\/index.php\/wp-json\/wp\/v2\/product_cat?post=13653"},{"taxonomy":"product_tag","embeddable":true,"href":"https:\/\/butikhome.pl\/index.php\/wp-json\/wp\/v2\/product_tag?post=13653"}],"curies":[{"name":"wp","href":"https:\/\/api.w.org\/{rel}","templated":true}]}}