{"id":13655,"date":"2023-03-29T17:37:59","date_gmt":"2023-03-29T15:37:59","guid":{"rendered":"https:\/\/butikhome.pl\/index.php\/produkt\/biustonosz-sandy-594-czarny\/"},"modified":"2023-06-13T10:51:12","modified_gmt":"2023-06-13T08:51:12","slug":"biustonosz-sandy-594-czarny","status":"publish","type":"product","link":"https:\/\/butikhome.pl\/index.php\/produkt\/biustonosz-sandy-594-czarny\/","title":{"rendered":"Biustonosz Sandy 594 Czarny"},"content":{"rendered":"<p><span>Idealny biustonosz na co dzie\u0144. P\u00f3\u0142usztywniany, w czarnym kolorze. Bardzo \u0142adny i elegancki. Zaprojektowany na \u015brednie i wi\u0119ksze piersi &#8211; dobrze je zbiera, unosi, modeluje, utrzymuje na swoim miejscu. \u0141adne, delikatne rami\u0105czka dostosowane szeroko\u015bci\u0105 do rozmiaru biustonosza. Sk\u0142ad: 51% poliamid, 25% poliester, 12% bawe\u0142na, 10% elastan, 2% poliuretan. <\/span><\/p>\n<p><span>\u00a0<\/span><\/p>\n","protected":false},"excerpt":{"rendered":"<p>Idealny biustonosz na co dzie\u0144. P\u00f3\u0142usztywniany, w czarnym kolorze. Bardzo \u0142adny i elegancki. Zaprojektowany na \u015brednie i wi\u0119ksze piersi &#8211; dobrze je zbiera, unosi, modeluje, utrzymuje na swoim miejscu. \u0141adne, delikatne rami\u0105czka dostosowane szeroko\u015bci\u0105 do rozmiaru biustonosza. Sk\u0142ad: 51% poliamid, 25% poliester, 12% bawe\u0142na, 10% elastan, 2% poliuretan. \u00a0<\/p>\n","protected":false},"featured_media":15509,"comment_status":"open","ping_status":"closed","template":"","meta":[],"product_brand":[],"product_cat":[1566,629,24],"product_tag":[1473,667,1680,1089,1684,1603,1681,1683,1682,671,199,1686,1687,1685],"class_list":{"0":"post-13655","1":"product","2":"type-product","3":"status-publish","4":"has-post-thumbnail","6":"product_cat-80-d","7":"product_cat-biustonosze-podkategoria-do-bielizny","8":"product_cat-produkty","9":"product_tag-80d","10":"product_tag-biustonosz-polusztywniany","11":"product_tag-biustonosz-sandy-594-czarny","12":"product_tag-czarny","13":"product_tag-dobrze-zbiera-piersi-i-przesuwa-je-do-srodka","14":"product_tag-gaia","15":"product_tag-idealny-na-codzien","16":"product_tag-idealny-na-duzy-biust","17":"product_tag-idealny-na-sredni-biust","18":"product_tag-kobiecy","19":"product_tag-koronkowe-wstawki","20":"product_tag-modeluje-piersi","21":"product_tag-remiaczka-dostosowane-do-szerokoscia-do-rozmiaru","22":"product_tag-unosi-piersi","24":"first","25":"instock","26":"sale","27":"taxable","28":"shipping-taxable","29":"purchasable","30":"product-type-simple"},"_links":{"self":[{"href":"https:\/\/butikhome.pl\/index.php\/wp-json\/wp\/v2\/product\/13655","targetHints":{"allow":["GET"]}}],"collection":[{"href":"https:\/\/butikhome.pl\/index.php\/wp-json\/wp\/v2\/product"}],"about":[{"href":"https:\/\/butikhome.pl\/index.php\/wp-json\/wp\/v2\/types\/product"}],"replies":[{"embeddable":true,"href":"https:\/\/butikhome.pl\/index.php\/wp-json\/wp\/v2\/comments?post=13655"}],"wp:featuredmedia":[{"embeddable":true,"href":"https:\/\/butikhome.pl\/index.php\/wp-json\/wp\/v2\/media\/15509"}],"wp:attachment":[{"href":"https:\/\/butikhome.pl\/index.php\/wp-json\/wp\/v2\/media?parent=13655"}],"wp:term":[{"taxonomy":"product_brand","embeddable":true,"href":"https:\/\/butikhome.pl\/index.php\/wp-json\/wp\/v2\/product_brand?post=13655"},{"taxonomy":"product_cat","embeddable":true,"href":"https:\/\/butikhome.pl\/index.php\/wp-json\/wp\/v2\/product_cat?post=13655"},{"taxonomy":"product_tag","embeddable":true,"href":"https:\/\/butikhome.pl\/index.php\/wp-json\/wp\/v2\/product_tag?post=13655"}],"curies":[{"name":"wp","href":"https:\/\/api.w.org\/{rel}","templated":true}]}}