{"id":13664,"date":"2023-03-29T17:38:19","date_gmt":"2023-03-29T15:38:19","guid":{"rendered":"https:\/\/butikhome.pl\/index.php\/produkt\/biustonosz-simona-1109\/"},"modified":"2023-06-12T15:00:29","modified_gmt":"2023-06-12T13:00:29","slug":"biustonosz-simona-1109","status":"publish","type":"product","link":"https:\/\/butikhome.pl\/index.php\/produkt\/biustonosz-simona-1109\/","title":{"rendered":"Biustonosz Simona 1109"},"content":{"rendered":"<ul>\n<li>Biustonosz p\u00f3\u0142usztywniany<\/li>\n<li>Dekolt g\u0142\u0119boki<\/li>\n<li>Fiszbiny dolne<\/li>\n<li>G\u0142\u0119bokie, wygodne miseczki<\/li>\n<li>Koronkowe zdobienia<\/li>\n<li>Kr\u00f3j, kt\u00f3ry podkre\u015bla sylwetk\u0119<\/li>\n<li>Nieodpinane ozdobne paski na dekolcie<\/li>\n<li>Obw\u00f3d biustonosza regulowany<\/li>\n<li>Ozdobna kokarda<\/li>\n<li>Pakowany w pude\u0142ko<\/li>\n<li>Produkt polski<\/li>\n<li>Przyjemna w dotyku, mi\u0119kka dzianina\/tkanina<\/li>\n<li>Rami\u0105czka regulowane<\/li>\n<li>Stonowana kolorystyka<\/li>\n<li>Wysoka jako\u015b\u0107<\/li>\n<li>Bawe\u0142na: 18%<\/li>\n<li>Elastan: 6%<\/li>\n<li>Poliamid: 41%<\/li>\n<li>Poliester: 30%<\/li>\n<li>Polipropylen: 5%<\/li>\n<\/ul>\n","protected":false},"excerpt":{"rendered":"<p>Biustonosz p\u00f3\u0142usztywniany Dekolt g\u0142\u0119boki Fiszbiny dolne G\u0142\u0119bokie, wygodne miseczki Koronkowe zdobienia Kr\u00f3j, kt\u00f3ry podkre\u015bla sylwetk\u0119 Nieodpinane ozdobne paski na dekolcie Obw\u00f3d biustonosza regulowany Ozdobna kokarda Pakowany w pude\u0142ko Produkt polski Przyjemna w dotyku, mi\u0119kka dzianina\/tkanina Rami\u0105czka regulowane Stonowana kolorystyka Wysoka jako\u015b\u0107 Bawe\u0142na: 18% Elastan: 6% Poliamid: 41% Poliester: 30% Polipropylen: 5%<\/p>\n","protected":false},"featured_media":15506,"comment_status":"open","ping_status":"closed","template":"","meta":[],"product_brand":[],"product_cat":[1557,1564,1565,629,24],"product_tag":[1482,1488,1489,667,1677,1617,681,1603,1618,206,385,1621,1675,661,1620,1390,388,1341,664,1676,301],"class_list":{"0":"post-13664","1":"product","2":"type-product","3":"status-publish","4":"has-post-thumbnail","6":"product_cat-75-d","7":"product_cat-80-b","8":"product_cat-80-c","9":"product_cat-biustonosze-podkategoria-do-bielizny","10":"product_cat-produkty","11":"product_tag-75-d","12":"product_tag-80-b","13":"product_tag-80-c","14":"product_tag-biustonosz-polusztywniany","15":"product_tag-biustonosz-simona-1109","16":"product_tag-dekolt-gleboki","17":"product_tag-fiszbiny-dolne","18":"product_tag-gaia","19":"product_tag-glebokie-wygodne-miseczki","20":"product_tag-koronkowe-zdobienia","21":"product_tag-kroj-ktory-podkresla-sylwetke","22":"product_tag-miekka-dzianina-tkanina","23":"product_tag-nieodpinane-ozdobne-paski-na-dekolcie","24":"product_tag-obwod-biustonosza-regulowany","25":"product_tag-ozdobna-kokarda","26":"product_tag-pakowany-w-pudelko","27":"product_tag-produkt-polski","28":"product_tag-przyjemna-w-dotyku","29":"product_tag-ramiaczka-regulowane","30":"product_tag-stonowana-kolorystyka","31":"product_tag-wysoka-jakosc","33":"first","34":"instock","35":"taxable","36":"shipping-taxable","37":"purchasable","38":"product-type-simple"},"_links":{"self":[{"href":"https:\/\/butikhome.pl\/index.php\/wp-json\/wp\/v2\/product\/13664","targetHints":{"allow":["GET"]}}],"collection":[{"href":"https:\/\/butikhome.pl\/index.php\/wp-json\/wp\/v2\/product"}],"about":[{"href":"https:\/\/butikhome.pl\/index.php\/wp-json\/wp\/v2\/types\/product"}],"replies":[{"embeddable":true,"href":"https:\/\/butikhome.pl\/index.php\/wp-json\/wp\/v2\/comments?post=13664"}],"wp:featuredmedia":[{"embeddable":true,"href":"https:\/\/butikhome.pl\/index.php\/wp-json\/wp\/v2\/media\/15506"}],"wp:attachment":[{"href":"https:\/\/butikhome.pl\/index.php\/wp-json\/wp\/v2\/media?parent=13664"}],"wp:term":[{"taxonomy":"product_brand","embeddable":true,"href":"https:\/\/butikhome.pl\/index.php\/wp-json\/wp\/v2\/product_brand?post=13664"},{"taxonomy":"product_cat","embeddable":true,"href":"https:\/\/butikhome.pl\/index.php\/wp-json\/wp\/v2\/product_cat?post=13664"},{"taxonomy":"product_tag","embeddable":true,"href":"https:\/\/butikhome.pl\/index.php\/wp-json\/wp\/v2\/product_tag?post=13664"}],"curies":[{"name":"wp","href":"https:\/\/api.w.org\/{rel}","templated":true}]}}