{"id":13668,"date":"2023-03-29T17:38:27","date_gmt":"2023-03-29T15:38:27","guid":{"rendered":"https:\/\/butikhome.pl\/index.php\/produkt\/biustonosz-sirene-902\/"},"modified":"2023-06-12T14:51:53","modified_gmt":"2023-06-12T12:51:53","slug":"biustonosz-sirene-902","status":"publish","type":"product","link":"https:\/\/butikhome.pl\/index.php\/produkt\/biustonosz-sirene-902\/","title":{"rendered":"Biustonosz Sirene 902"},"content":{"rendered":"<p><span>Elegancki biustonosz typu Full Cup, zdobiony uroczym, delikatnym, r\u00f3\u017cowym wzorem. Model ca\u0142kowicie usztywniony, na fiszbinach, kt\u00f3re pozwalaj\u0105 zachowa\u0107 stabiln\u0105 konstrukcj\u0119. Biustonosz dobrze zbiera piersi (r\u00f3wnie\u017c z bok\u00f3w) i umiej\u0119tnie przesuwa je do \u015brodka, poprawia u\u0142o\u017cenie biustu, sprawia, \u017ce piersi s\u0105 doskonale podtrzymane, dzi\u0119ki temu dekolt prezentuje si\u0119 zmys\u0142owo i kobieco. Elastyczny obw\u00f3d, kt\u00f3ry dobrze trzyma. Sk\u0142ad: 65% poliamid, 18% bawe\u0142na, 12% elastan, 5% poliuretan. <\/span><\/p>\n<p><span>\u00a0<\/span><\/p>\n","protected":false},"excerpt":{"rendered":"<p>Elegancki biustonosz typu Full Cup, zdobiony uroczym, delikatnym, r\u00f3\u017cowym wzorem. Model ca\u0142kowicie usztywniony, na fiszbinach, kt\u00f3re pozwalaj\u0105 zachowa\u0107 stabiln\u0105 konstrukcj\u0119. Biustonosz dobrze zbiera piersi (r\u00f3wnie\u017c z bok\u00f3w) i umiej\u0119tnie przesuwa je do \u015brodka, poprawia u\u0142o\u017cenie biustu, sprawia, \u017ce piersi s\u0105 doskonale podtrzymane, dzi\u0119ki temu dekolt prezentuje si\u0119 zmys\u0142owo i kobieco. Elastyczny obw\u00f3d, kt\u00f3ry dobrze trzyma. &hellip; <\/p>\n","protected":false},"featured_media":15505,"comment_status":"open","ping_status":"closed","template":"","meta":[],"product_brand":[],"product_cat":[1552,629,24],"product_tag":[1671,1672,1662,1669,1660,1673,1665,1670,1664,1666,1663,1667,1674,1661,1668],"class_list":{"0":"post-13668","1":"product","2":"type-product","3":"status-publish","4":"has-post-thumbnail","6":"product_cat-70-h","7":"product_cat-biustonosze-podkategoria-do-bielizny","8":"product_cat-produkty","9":"product_tag-70h","10":"product_tag-biustonosz-sirene-902","11":"product_tag-delikatnym","12":"product_tag-dzieki-temu-dekolt-prezentuje-sie-zmyslowo-i-kobieco-elastyczny-obwod","13":"product_tag-elegancki-biustonosz-typu-full-cup","14":"product_tag-fioletowy","15":"product_tag-ktore-pozwalaja-zachowac-stabilna-konstrukcje-biustonosz-dobrze-zbiera-piersi-rowniez-z-bokow-i-umiejetnie-przesuwa-je-do-srodka","16":"product_tag-ktory-dobrze-trzyma","17":"product_tag-na-fiszbinach","18":"product_tag-poprawia-ulozenie-biustu","19":"product_tag-rozowym-wzorem-model-calkowicie-usztywniony","20":"product_tag-sprawia","21":"product_tag-wzorzysty","22":"product_tag-zdobiony-uroczym","23":"product_tag-ze-piersi-sa-doskonale-podtrzymane","25":"first","26":"instock","27":"taxable","28":"shipping-taxable","29":"purchasable","30":"product-type-simple"},"_links":{"self":[{"href":"https:\/\/butikhome.pl\/index.php\/wp-json\/wp\/v2\/product\/13668","targetHints":{"allow":["GET"]}}],"collection":[{"href":"https:\/\/butikhome.pl\/index.php\/wp-json\/wp\/v2\/product"}],"about":[{"href":"https:\/\/butikhome.pl\/index.php\/wp-json\/wp\/v2\/types\/product"}],"replies":[{"embeddable":true,"href":"https:\/\/butikhome.pl\/index.php\/wp-json\/wp\/v2\/comments?post=13668"}],"wp:featuredmedia":[{"embeddable":true,"href":"https:\/\/butikhome.pl\/index.php\/wp-json\/wp\/v2\/media\/15505"}],"wp:attachment":[{"href":"https:\/\/butikhome.pl\/index.php\/wp-json\/wp\/v2\/media?parent=13668"}],"wp:term":[{"taxonomy":"product_brand","embeddable":true,"href":"https:\/\/butikhome.pl\/index.php\/wp-json\/wp\/v2\/product_brand?post=13668"},{"taxonomy":"product_cat","embeddable":true,"href":"https:\/\/butikhome.pl\/index.php\/wp-json\/wp\/v2\/product_cat?post=13668"},{"taxonomy":"product_tag","embeddable":true,"href":"https:\/\/butikhome.pl\/index.php\/wp-json\/wp\/v2\/product_tag?post=13668"}],"curies":[{"name":"wp","href":"https:\/\/api.w.org\/{rel}","templated":true}]}}