{"id":13669,"date":"2023-03-29T17:38:27","date_gmt":"2023-03-29T15:38:27","guid":{"rendered":"https:\/\/butikhome.pl\/index.php\/produkt\/biustonosz-soft-chantal-maxi-bsm534\/"},"modified":"2023-06-12T14:39:48","modified_gmt":"2023-06-12T12:39:48","slug":"biustonosz-soft-chantal-maxi-bsm534","status":"publish","type":"product","link":"https:\/\/butikhome.pl\/index.php\/produkt\/biustonosz-soft-chantal-maxi-bsm534\/","title":{"rendered":"Biustonosz Soft Chantal Maxi BSM534"},"content":{"rendered":"<p><span>Czarno-be\u017cowy biustonosz pokryty \u015blicznym, a\u017curowym wzorem. Idealny na wi\u0119ksze piersi. Miski ci\u0119te pionowo, wzbogacone o fiszbiny &#8211; \u015bwietnie unosz\u0105 piersi, dbaj\u0105 o ich odpowiednie utrzymanie we w\u0142a\u015bciwym miejscu, dobrze je modeluj\u0105. Regulowane rami\u0105czka, szeroko\u015bci\u0105 dostosowane do rozmiaru biustonosza. Sk\u0142ad: 48% poliamid, 40% poliester, 12% elastan.<\/span><\/p>\n<p><span>\u00a0<\/span><\/p>\n<p><span>\u00a0<\/span><\/p>\n","protected":false},"excerpt":{"rendered":"<p>Czarno-be\u017cowy biustonosz pokryty \u015blicznym, a\u017curowym wzorem. Idealny na wi\u0119ksze piersi. Miski ci\u0119te pionowo, wzbogacone o fiszbiny &#8211; \u015bwietnie unosz\u0105 piersi, dbaj\u0105 o ich odpowiednie utrzymanie we w\u0142a\u015bciwym miejscu, dobrze je modeluj\u0105. Regulowane rami\u0105czka, szeroko\u015bci\u0105 dostosowane do rozmiaru biustonosza. Sk\u0142ad: 48% poliamid, 40% poliester, 12% elastan. \u00a0 \u00a0<\/p>\n","protected":false},"featured_media":15504,"comment_status":"open","ping_status":"closed","template":"","meta":[],"product_brand":[],"product_cat":[629,24],"product_tag":[1640,1641,1642,1643,1644,1645,1646,1647,1648,1649,1624,1625,1626,1627,1628,1629,1630,1631,1632,1633,1634,1635,1636,1637,1638,1639,1651,1650,1656,1657,1603,1652,1653,1390,388,1658,1655,1659,1654],"class_list":{"0":"post-13669","1":"product","2":"type-product","3":"status-publish","4":"has-post-thumbnail","6":"product_cat-biustonosze-podkategoria-do-bielizny","7":"product_cat-produkty","8":"product_tag-100-e","9":"product_tag-100-f","10":"product_tag-100-g","11":"product_tag-100-h","12":"product_tag-105-c","13":"product_tag-105-d","14":"product_tag-105-e","15":"product_tag-105-f","16":"product_tag-105-g","17":"product_tag-105k","18":"product_tag-70-k","19":"product_tag-75-j","20":"product_tag-75-k","21":"product_tag-80-i","22":"product_tag-80-j","23":"product_tag-80-k","24":"product_tag-85-h","25":"product_tag-85-i","26":"product_tag-85-j","27":"product_tag-90-g","28":"product_tag-90-h","29":"product_tag-90-i","30":"product_tag-90-k","31":"product_tag-95-f","32":"product_tag-95-h","33":"product_tag-95-i","34":"product_tag-biustonosz-pokryty-slicznym-azurowym-wzorem","35":"product_tag-czarno-bezowy","36":"product_tag-dbaja-o-ich-odpowiednie-utrzymanie-we-wlasciwym-miejscu","37":"product_tag-dobrze-je-modeluja","38":"product_tag-gaia","39":"product_tag-idealny-na-wieksze-piersi","40":"product_tag-miski-ciete-pionowo","41":"product_tag-pakowany-w-pudelko","42":"product_tag-produkt-polski","43":"product_tag-regulowane-ramiaczka","44":"product_tag-swietnie-unosza-piersi","45":"product_tag-szerokoscia-dostosowane-do-rozmiaru-biustonosza","46":"product_tag-wzbogacone-o-fiszbiny","48":"first","49":"instock","50":"sale","51":"taxable","52":"shipping-taxable","53":"purchasable","54":"product-type-simple"},"_links":{"self":[{"href":"https:\/\/butikhome.pl\/index.php\/wp-json\/wp\/v2\/product\/13669","targetHints":{"allow":["GET"]}}],"collection":[{"href":"https:\/\/butikhome.pl\/index.php\/wp-json\/wp\/v2\/product"}],"about":[{"href":"https:\/\/butikhome.pl\/index.php\/wp-json\/wp\/v2\/types\/product"}],"replies":[{"embeddable":true,"href":"https:\/\/butikhome.pl\/index.php\/wp-json\/wp\/v2\/comments?post=13669"}],"wp:featuredmedia":[{"embeddable":true,"href":"https:\/\/butikhome.pl\/index.php\/wp-json\/wp\/v2\/media\/15504"}],"wp:attachment":[{"href":"https:\/\/butikhome.pl\/index.php\/wp-json\/wp\/v2\/media?parent=13669"}],"wp:term":[{"taxonomy":"product_brand","embeddable":true,"href":"https:\/\/butikhome.pl\/index.php\/wp-json\/wp\/v2\/product_brand?post=13669"},{"taxonomy":"product_cat","embeddable":true,"href":"https:\/\/butikhome.pl\/index.php\/wp-json\/wp\/v2\/product_cat?post=13669"},{"taxonomy":"product_tag","embeddable":true,"href":"https:\/\/butikhome.pl\/index.php\/wp-json\/wp\/v2\/product_tag?post=13669"}],"curies":[{"name":"wp","href":"https:\/\/api.w.org\/{rel}","templated":true}]}}