{"id":13705,"date":"2023-03-29T17:40:06","date_gmt":"2023-03-29T15:40:06","guid":{"rendered":"https:\/\/butikhome.pl\/index.php\/produkt\/biustonosz-sonia-1058-bezowy\/"},"modified":"2023-06-12T14:30:00","modified_gmt":"2023-06-12T12:30:00","slug":"biustonosz-sonia-1058-bezowy","status":"publish","type":"product","link":"https:\/\/butikhome.pl\/index.php\/produkt\/biustonosz-sonia-1058-bezowy\/","title":{"rendered":"Biustonosz Sonia 1058 Be\u017cowy"},"content":{"rendered":"<ul>\n<li>Bielizna typu basic<\/li>\n<li>Biustonosz p\u00f3\u0142usztywniany<\/li>\n<li>Biustonosz zapinany na plecach<\/li>\n<li>Dekolt g\u0142\u0119boki<\/li>\n<li>Fiszbiny dolne<\/li>\n<li>G\u0142adka tkanina<\/li>\n<li>G\u0142\u0119bokie, wygodne miseczki<\/li>\n<li>Kobieca stylistyka<\/li>\n<li>Kr\u00f3j, kt\u00f3ry podkre\u015bla sylwetk\u0119<\/li>\n<li>Nieodpinane rami\u0105czka<\/li>\n<li>Obw\u00f3d biustonosza regulowany<\/li>\n<li>Ozdobna kokarda<\/li>\n<li>Pakowany w pude\u0142ko<\/li>\n<li>Produkt polski<\/li>\n<li>Przyjemna w dotyku, mi\u0119kka dzianina\/tkanina<\/li>\n<li>Rami\u0105czka regulowane<\/li>\n<li>Siateczkowe zdobienia<\/li>\n<li>Wewn\u0119trzna cz\u0119\u015b\u0107 miseczek pokryta bawe\u0142n\u0105<\/li>\n<li>Wykonana z elastycznego materia\u0142u<\/li>\n<li>Wysoka jako\u015b\u0107<\/li>\n<li>Bawe\u0142na: 23%<\/li>\n<li>Elastan: 9%<\/li>\n<li>Poliamid: 62%<\/li>\n<li>Polipropylen: 6%<\/li>\n<\/ul>\n","protected":false},"excerpt":{"rendered":"<p>Bielizna typu basic Biustonosz p\u00f3\u0142usztywniany Biustonosz zapinany na plecach Dekolt g\u0142\u0119boki Fiszbiny dolne G\u0142adka tkanina G\u0142\u0119bokie, wygodne miseczki Kobieca stylistyka Kr\u00f3j, kt\u00f3ry podkre\u015bla sylwetk\u0119 Nieodpinane rami\u0105czka Obw\u00f3d biustonosza regulowany Ozdobna kokarda Pakowany w pude\u0142ko Produkt polski Przyjemna w dotyku, mi\u0119kka dzianina\/tkanina Rami\u0105czka regulowane Siateczkowe zdobienia Wewn\u0119trzna cz\u0119\u015b\u0107 miseczek pokryta bawe\u0142n\u0105 Wykonana z elastycznego materia\u0142u Wysoka &hellip; <\/p>\n","protected":false},"featured_media":15502,"comment_status":"open","ping_status":"closed","template":"","meta":[],"product_brand":[],"product_cat":[1557,1558,1559,1560,1565,1566,1567,1569,1570,1574,1575,1576,1577,1583,1584,1585,1586,1592,1593,1594,629,24],"product_tag":[1482,1483,1484,1485,1489,1490,1491,1493,1494,1496,1497,1498,1499,1502,1503,1504,1505,1507,1508,1509,1615,1613,667,1614,1616,1617,681,599,1618,1479,385,1621,1619,661,1620,1390,388,1341,664,665,1622,1623,301],"class_list":{"0":"post-13705","1":"product","2":"type-product","3":"status-publish","4":"has-post-thumbnail","6":"product_cat-75-d","7":"product_cat-75-e","8":"product_cat-75-f","9":"product_cat-75-g","10":"product_cat-80-c","11":"product_cat-80-d","12":"product_cat-80-e","13":"product_cat-80-g","14":"product_cat-80-h","15":"product_cat-85-c","16":"product_cat-85-d","17":"product_cat-85-e","18":"product_cat-85-f","19":"product_cat-90-c","20":"product_cat-90-d","21":"product_cat-90-e","22":"product_cat-90-f","23":"product_cat-95-c","24":"product_cat-95-d","25":"product_cat-95-e","26":"product_cat-biustonosze-podkategoria-do-bielizny","27":"product_cat-produkty","28":"product_tag-75-d","29":"product_tag-75-e","30":"product_tag-75-f","31":"product_tag-75-g","32":"product_tag-80-c","33":"product_tag-80-d","34":"product_tag-80-e","35":"product_tag-80-g","36":"product_tag-80-h","37":"product_tag-85-c","38":"product_tag-85-d","39":"product_tag-85-e","40":"product_tag-85-f","41":"product_tag-90-c","42":"product_tag-90-d","43":"product_tag-90-e","44":"product_tag-90-f","45":"product_tag-95-c","46":"product_tag-95-d","47":"product_tag-95-e","48":"product_tag-bezowy","49":"product_tag-bielizna-typu-basic","50":"product_tag-biustonosz-polusztywniany","51":"product_tag-biustonosz-sonia-1058-bezowy","52":"product_tag-biustonosz-zapinany-na-plecach","53":"product_tag-dekolt-gleboki","54":"product_tag-fiszbiny-dolne","55":"product_tag-gladka-tkanina","56":"product_tag-glebokie-wygodne-miseczki","57":"product_tag-kobieca-stylistyka","58":"product_tag-kroj-ktory-podkresla-sylwetke","59":"product_tag-miekka-dzianina-tkanina","60":"product_tag-niedpinane-ramiaczka","61":"product_tag-obwod-biustonosza-regulowany","62":"product_tag-ozdobna-kokarda","63":"product_tag-pakowany-w-pudelko","64":"product_tag-produkt-polski","65":"product_tag-przyjemna-w-dotyku","66":"product_tag-ramiaczka-regulowane","67":"product_tag-siateczkowe-zdobienia","68":"product_tag-wewnetrzna-czesc-miseczek-pokryta-bawelna","69":"product_tag-wykonana-z-elastycznego-materialu","70":"product_tag-wysoka-jakosc","72":"first","73":"instock","74":"taxable","75":"shipping-taxable","76":"purchasable","77":"product-type-simple"},"_links":{"self":[{"href":"https:\/\/butikhome.pl\/index.php\/wp-json\/wp\/v2\/product\/13705","targetHints":{"allow":["GET"]}}],"collection":[{"href":"https:\/\/butikhome.pl\/index.php\/wp-json\/wp\/v2\/product"}],"about":[{"href":"https:\/\/butikhome.pl\/index.php\/wp-json\/wp\/v2\/types\/product"}],"replies":[{"embeddable":true,"href":"https:\/\/butikhome.pl\/index.php\/wp-json\/wp\/v2\/comments?post=13705"}],"wp:featuredmedia":[{"embeddable":true,"href":"https:\/\/butikhome.pl\/index.php\/wp-json\/wp\/v2\/media\/15502"}],"wp:attachment":[{"href":"https:\/\/butikhome.pl\/index.php\/wp-json\/wp\/v2\/media?parent=13705"}],"wp:term":[{"taxonomy":"product_brand","embeddable":true,"href":"https:\/\/butikhome.pl\/index.php\/wp-json\/wp\/v2\/product_brand?post=13705"},{"taxonomy":"product_cat","embeddable":true,"href":"https:\/\/butikhome.pl\/index.php\/wp-json\/wp\/v2\/product_cat?post=13705"},{"taxonomy":"product_tag","embeddable":true,"href":"https:\/\/butikhome.pl\/index.php\/wp-json\/wp\/v2\/product_tag?post=13705"}],"curies":[{"name":"wp","href":"https:\/\/api.w.org\/{rel}","templated":true}]}}