{"id":13759,"date":"2023-03-29T17:42:32","date_gmt":"2023-03-29T15:42:32","guid":{"rendered":"https:\/\/butikhome.pl\/index.php\/produkt\/biustonosz-talia-1132\/"},"modified":"2023-06-12T13:11:08","modified_gmt":"2023-06-12T11:11:08","slug":"biustonosz-talia-1132","status":"publish","type":"product","link":"https:\/\/butikhome.pl\/index.php\/produkt\/biustonosz-talia-1132\/","title":{"rendered":"Biustonosz Talia 1132"},"content":{"rendered":"<ul>\n<li>Biustonosz p\u00f3\u0142usztywniany<\/li>\n<li>Dekolt g\u0142\u0119boki<\/li>\n<li>Fiszbiny boczne<\/li>\n<li>Fiszbiny dolne<\/li>\n<li>Koronkowe zdobienia<\/li>\n<li>Kr\u00f3j, kt\u00f3ry podkre\u015bla sylwetk\u0119<\/li>\n<li>Obw\u00f3d biustonosza regulowany<\/li>\n<li>Pakowany w pude\u0142ko<\/li>\n<li>Produkt polski<\/li>\n<li>Przy rami\u0105czkach ozdobne kokardki<\/li>\n<li>Rami\u0105czka regulowane<\/li>\n<li>Siateczkowe zdobienia<\/li>\n<li>Wysoka jako\u015b\u0107<\/li>\n<li>Zbiera piersi z bok\u00f3w do \u015brodka dekoltu<\/li>\n<li>Bawe\u0142na: 14%<\/li>\n<li>Elastan: 8%<\/li>\n<li>Poliamid: 45%<\/li>\n<li>Poliester: 30%<\/li>\n<li>Polipropylen: 3%<\/li>\n<\/ul>\n","protected":false},"excerpt":{"rendered":"<p>Biustonosz p\u00f3\u0142usztywniany Dekolt g\u0142\u0119boki Fiszbiny boczne Fiszbiny dolne Koronkowe zdobienia Kr\u00f3j, kt\u00f3ry podkre\u015bla sylwetk\u0119 Obw\u00f3d biustonosza regulowany Pakowany w pude\u0142ko Produkt polski Przy rami\u0105czkach ozdobne kokardki Rami\u0105czka regulowane Siateczkowe zdobienia Wysoka jako\u015b\u0107 Zbiera piersi z bok\u00f3w do \u015brodka dekoltu Bawe\u0142na: 14% Elastan: 8% Poliamid: 45% Poliester: 30% Polipropylen: 3%<\/p>\n","protected":false},"featured_media":15499,"comment_status":"open","ping_status":"closed","template":"","meta":[],"product_brand":[],"product_cat":[1548,1549,1550,1557,1562,1591,629,24],"product_tag":[1604,1605,1606,1482,1487,1506,667,1607,1609,1469,681,1603,206,659,661,1602,1297,1078,664,1608,665,301],"class_list":{"0":"post-13759","1":"product","2":"type-product","3":"status-publish","4":"has-post-thumbnail","6":"product_cat-70-d","7":"product_cat-70-e","8":"product_cat-70-f","9":"product_cat-75-d","10":"product_cat-75-i","11":"product_cat-95-b","12":"product_cat-biustonosze-podkategoria-do-bielizny","13":"product_cat-produkty","14":"product_tag-70-d","15":"product_tag-70-e","16":"product_tag-70-f","17":"product_tag-75-d","18":"product_tag-75-i","19":"product_tag-95-b","20":"product_tag-biustonosz-polusztywniany","21":"product_tag-biustonosz-talia-1132","22":"product_tag-do-glebokiego-dekoldu","23":"product_tag-fiszbiny-boczne","24":"product_tag-fiszbiny-dolne","25":"product_tag-gaia","26":"product_tag-koronkowe-zdobienia","27":"product_tag-kroj-podkreslajacy-sylwetke","28":"product_tag-obwod-biustonosza-regulowany","29":"product_tag-ozdobne-kokardki","30":"product_tag-pakowane-w-pudelko","31":"product_tag-polski-produkt","32":"product_tag-ramiaczka-regulowane","33":"product_tag-rozowo-szary","34":"product_tag-siateczkowe-zdobienia","35":"product_tag-wysoka-jakosc","37":"first","38":"instock","39":"taxable","40":"shipping-taxable","41":"purchasable","42":"product-type-simple"},"_links":{"self":[{"href":"https:\/\/butikhome.pl\/index.php\/wp-json\/wp\/v2\/product\/13759","targetHints":{"allow":["GET"]}}],"collection":[{"href":"https:\/\/butikhome.pl\/index.php\/wp-json\/wp\/v2\/product"}],"about":[{"href":"https:\/\/butikhome.pl\/index.php\/wp-json\/wp\/v2\/types\/product"}],"replies":[{"embeddable":true,"href":"https:\/\/butikhome.pl\/index.php\/wp-json\/wp\/v2\/comments?post=13759"}],"wp:featuredmedia":[{"embeddable":true,"href":"https:\/\/butikhome.pl\/index.php\/wp-json\/wp\/v2\/media\/15499"}],"wp:attachment":[{"href":"https:\/\/butikhome.pl\/index.php\/wp-json\/wp\/v2\/media?parent=13759"}],"wp:term":[{"taxonomy":"product_brand","embeddable":true,"href":"https:\/\/butikhome.pl\/index.php\/wp-json\/wp\/v2\/product_brand?post=13759"},{"taxonomy":"product_cat","embeddable":true,"href":"https:\/\/butikhome.pl\/index.php\/wp-json\/wp\/v2\/product_cat?post=13759"},{"taxonomy":"product_tag","embeddable":true,"href":"https:\/\/butikhome.pl\/index.php\/wp-json\/wp\/v2\/product_tag?post=13759"}],"curies":[{"name":"wp","href":"https:\/\/api.w.org\/{rel}","templated":true}]}}