{"id":13766,"date":"2023-03-29T17:42:48","date_gmt":"2023-03-29T15:42:48","guid":{"rendered":"https:\/\/butikhome.pl\/index.php\/produkt\/biustonosz-teona-1152\/"},"modified":"2023-06-12T12:26:52","modified_gmt":"2023-06-12T10:26:52","slug":"biustonosz-teona-1152","status":"publish","type":"product","link":"https:\/\/butikhome.pl\/index.php\/produkt\/biustonosz-teona-1152\/","title":{"rendered":"Biustonosz Teona 1152"},"content":{"rendered":"<ul>\n<li>Biustonosz p\u00f3\u0142 usztywniany<\/li>\n<li>Dekolt g\u0142\u0119boki<\/li>\n<li>Fiszbiny boczne<\/li>\n<li>Fiszbiny dolne<\/li>\n<li>G\u0142\u0119bokie, wygodne miseczki<\/li>\n<li>Koronkowe zdobienia<\/li>\n<li>Kr\u00f3j, kt\u00f3ry podkre\u015bla sylwetk\u0119<\/li>\n<li>Na wi\u0119ksze biusty<\/li>\n<li>Przy rami\u0105czkach ozdobne kokardki<\/li>\n<li>Rami\u0105czka regulowane<\/li>\n<li>Wysoka jako\u015b\u0107<\/li>\n<li>Zbiera piersi z bok\u00f3w do \u015brodka dekoltu<\/li>\n<li>Bawe\u0142na: 18%<\/li>\n<li>Elastan: 6%<\/li>\n<li>Poliamid: 41%<\/li>\n<li>Poliester: 30%<\/li>\n<li>Polipropylen: 5%<\/li>\n<\/ul>\n<p> 75 C, 75 D, 75 F, 75 G, 75 H, 80 C, 80 D, 80 F, 80 H, 85 F, 90 C, 90 E, 90 F<\/p>\n","protected":false},"excerpt":{"rendered":"<p>Biustonosz p\u00f3\u0142 usztywniany Dekolt g\u0142\u0119boki Fiszbiny boczne Fiszbiny dolne G\u0142\u0119bokie, wygodne miseczki Koronkowe zdobienia Kr\u00f3j, kt\u00f3ry podkre\u015bla sylwetk\u0119 Na wi\u0119ksze biusty Przy rami\u0105czkach ozdobne kokardki Rami\u0105czka regulowane Wysoka jako\u015b\u0107 Zbiera piersi z bok\u00f3w do \u015brodka dekoltu Bawe\u0142na: 18% Elastan: 6% Poliamid: 41% Poliester: 30% Polipropylen: 5% 75 C, 75 D, 75 F, 75 G, 75 &hellip; <\/p>\n","protected":false},"featured_media":15497,"comment_status":"open","ping_status":"closed","template":"","meta":[],"product_brand":[],"product_cat":[629,24],"product_tag":[1599,1482,1484,1485,1486,1489,1490,1492,1494,1499,1502,1504,1505,667,1600,1469,681,1603,206,659,1601,1602,1514,388,664,655,301,1471],"class_list":{"0":"post-13766","1":"product","2":"type-product","3":"status-publish","4":"has-post-thumbnail","6":"product_cat-biustonosze-podkategoria-do-bielizny","7":"product_cat-produkty","8":"product_tag-75-c","9":"product_tag-75-d","10":"product_tag-75-f","11":"product_tag-75-g","12":"product_tag-75-h","13":"product_tag-80-c","14":"product_tag-80-d","15":"product_tag-80-f","16":"product_tag-80-h","17":"product_tag-85-f","18":"product_tag-90-c","19":"product_tag-90-e","20":"product_tag-90-f","21":"product_tag-biustonosz-polusztywniany","22":"product_tag-biustonosz-teona-1152-bialo-czarny","23":"product_tag-fiszbiny-boczne","24":"product_tag-fiszbiny-dolne","25":"product_tag-gaia","26":"product_tag-koronkowe-zdobienia","27":"product_tag-kroj-podkreslajacy-sylwetke","28":"product_tag-na-wieksze-biusty","29":"product_tag-ozdobne-kokardki","30":"product_tag-pod-gleboki-dekold","31":"product_tag-produkt-polski","32":"product_tag-ramiaczka-regulowane","33":"product_tag-wygodne-miseczki","34":"product_tag-wysoka-jakosc","35":"product_tag-zbiera-piersi-z-bokow-do-srodka-dekoltu","37":"first","38":"instock","39":"taxable","40":"shipping-taxable","41":"purchasable","42":"product-type-simple"},"_links":{"self":[{"href":"https:\/\/butikhome.pl\/index.php\/wp-json\/wp\/v2\/product\/13766","targetHints":{"allow":["GET"]}}],"collection":[{"href":"https:\/\/butikhome.pl\/index.php\/wp-json\/wp\/v2\/product"}],"about":[{"href":"https:\/\/butikhome.pl\/index.php\/wp-json\/wp\/v2\/types\/product"}],"replies":[{"embeddable":true,"href":"https:\/\/butikhome.pl\/index.php\/wp-json\/wp\/v2\/comments?post=13766"}],"wp:featuredmedia":[{"embeddable":true,"href":"https:\/\/butikhome.pl\/index.php\/wp-json\/wp\/v2\/media\/15497"}],"wp:attachment":[{"href":"https:\/\/butikhome.pl\/index.php\/wp-json\/wp\/v2\/media?parent=13766"}],"wp:term":[{"taxonomy":"product_brand","embeddable":true,"href":"https:\/\/butikhome.pl\/index.php\/wp-json\/wp\/v2\/product_brand?post=13766"},{"taxonomy":"product_cat","embeddable":true,"href":"https:\/\/butikhome.pl\/index.php\/wp-json\/wp\/v2\/product_cat?post=13766"},{"taxonomy":"product_tag","embeddable":true,"href":"https:\/\/butikhome.pl\/index.php\/wp-json\/wp\/v2\/product_tag?post=13766"}],"curies":[{"name":"wp","href":"https:\/\/api.w.org\/{rel}","templated":true}]}}