{"id":13780,"date":"2023-03-29T17:43:26","date_gmt":"2023-03-29T15:43:26","guid":{"rendered":"https:\/\/butikhome.pl\/index.php\/produkt\/biustonosz-tetyda-1136\/"},"modified":"2023-06-07T15:46:33","modified_gmt":"2023-06-07T13:46:33","slug":"biustonosz-tetyda-1136","status":"publish","type":"product","link":"https:\/\/butikhome.pl\/index.php\/produkt\/biustonosz-tetyda-1136\/","title":{"rendered":"Biustonosz Tetyda 1136"},"content":{"rendered":"<ul>\n<li>Dekolt g\u0142\u0119boki<\/li>\n<li>Fiszbiny dolne<\/li>\n<li>G\u0142\u0119bokie, wygodne miseczki<\/li>\n<li>Koronkowe zdobienia<\/li>\n<li>Kr\u00f3j, kt\u00f3ry podkre\u015bla sylwetk\u0119<\/li>\n<li>Na wi\u0119ksze biusty<\/li>\n<li>Nieodpinane ozdobne paski na dekolcie<\/li>\n<li>Obw\u00f3d biustonosza regulowany<\/li>\n<li>Ozdobna kokarda<\/li>\n<li>Ozdobne przeszycia na biustonoszu<\/li>\n<li>Pakowany w pude\u0142ko<\/li>\n<li>Produkt polski<\/li>\n<li>Przyjemna w dotyku, mi\u0119kka dzianina\/tkanina<\/li>\n<li>Rami\u0105czka regulowane<\/li>\n<li>Wysoka jako\u015b\u0107<\/li>\n<li>Zbiera piersi z bok\u00f3w do \u015brodka dekoltu<\/li>\n<li>Bawe\u0142na: 14%<\/li>\n<li>Elastan: 14%<\/li>\n<li>Poliamid: 69%<\/li>\n<li>Polipropylen: 3%<\/li>\n<\/ul>\n","protected":false},"excerpt":{"rendered":"<p>Dekolt g\u0142\u0119boki Fiszbiny dolne G\u0142\u0119bokie, wygodne miseczki Koronkowe zdobienia Kr\u00f3j, kt\u00f3ry podkre\u015bla sylwetk\u0119 Na wi\u0119ksze biusty Nieodpinane ozdobne paski na dekolcie Obw\u00f3d biustonosza regulowany Ozdobna kokarda Ozdobne przeszycia na biustonoszu Pakowany w pude\u0142ko Produkt polski Przyjemna w dotyku, mi\u0119kka dzianina\/tkanina Rami\u0105czka regulowane Wysoka jako\u015b\u0107 Zbiera piersi z bok\u00f3w do \u015brodka dekoltu Bawe\u0142na: 14% Elastan: 14% &hellip; <\/p>\n","protected":false},"featured_media":15416,"comment_status":"open","ping_status":"closed","template":"","meta":[],"product_brand":[],"product_cat":[629,24],"product_tag":[1512,1513,1089,1515,206,659,660,1480,661,1294,1516,1517,1390,1514,1078,1410,664,301,1471],"class_list":{"0":"post-13780","1":"product","2":"type-product","3":"status-publish","4":"has-post-thumbnail","6":"product_cat-biustonosze-podkategoria-do-bielizny","7":"product_cat-produkty","8":"product_tag-85e","9":"product_tag-biustonosz-tetyda-1136-czarny","10":"product_tag-czarny","11":"product_tag-glebokie-wysokie-miseczki","12":"product_tag-koronkowe-zdobienia","13":"product_tag-kroj-podkreslajacy-sylwetke","14":"product_tag-na-wiekszy-biust","15":"product_tag-nieodpinane-ramiaczka","16":"product_tag-obwod-biustonosza-regulowany","17":"product_tag-ozdobna-kokardka","18":"product_tag-ozdobne-paski-na-dekoldzie","19":"product_tag-ozdobne-przeszycia-na-biustonoszu","20":"product_tag-pakowany-w-pudelko","21":"product_tag-pod-gleboki-dekold","22":"product_tag-polski-produkt","23":"product_tag-przyjemna-i-miekka-tkanina","24":"product_tag-ramiaczka-regulowane","25":"product_tag-wysoka-jakosc","26":"product_tag-zbiera-piersi-z-bokow-do-srodka-dekoltu","28":"first","29":"instock","30":"taxable","31":"shipping-taxable","32":"purchasable","33":"product-type-simple"},"_links":{"self":[{"href":"https:\/\/butikhome.pl\/index.php\/wp-json\/wp\/v2\/product\/13780","targetHints":{"allow":["GET"]}}],"collection":[{"href":"https:\/\/butikhome.pl\/index.php\/wp-json\/wp\/v2\/product"}],"about":[{"href":"https:\/\/butikhome.pl\/index.php\/wp-json\/wp\/v2\/types\/product"}],"replies":[{"embeddable":true,"href":"https:\/\/butikhome.pl\/index.php\/wp-json\/wp\/v2\/comments?post=13780"}],"wp:featuredmedia":[{"embeddable":true,"href":"https:\/\/butikhome.pl\/index.php\/wp-json\/wp\/v2\/media\/15416"}],"wp:attachment":[{"href":"https:\/\/butikhome.pl\/index.php\/wp-json\/wp\/v2\/media?parent=13780"}],"wp:term":[{"taxonomy":"product_brand","embeddable":true,"href":"https:\/\/butikhome.pl\/index.php\/wp-json\/wp\/v2\/product_brand?post=13780"},{"taxonomy":"product_cat","embeddable":true,"href":"https:\/\/butikhome.pl\/index.php\/wp-json\/wp\/v2\/product_cat?post=13780"},{"taxonomy":"product_tag","embeddable":true,"href":"https:\/\/butikhome.pl\/index.php\/wp-json\/wp\/v2\/product_tag?post=13780"}],"curies":[{"name":"wp","href":"https:\/\/api.w.org\/{rel}","templated":true}]}}