{"id":13807,"date":"2023-03-29T17:44:35","date_gmt":"2023-03-29T15:44:35","guid":{"rendered":"https:\/\/butikhome.pl\/index.php\/produkt\/biustonosz-ursula-1059-bialy\/"},"modified":"2023-06-07T14:56:54","modified_gmt":"2023-06-07T12:56:54","slug":"biustonosz-ursula-1059-bialy","status":"publish","type":"product","link":"https:\/\/butikhome.pl\/index.php\/produkt\/biustonosz-ursula-1059-bialy\/","title":{"rendered":"Biustonosz Ursula 1059 Bia\u0142y"},"content":{"rendered":"<ul>\n<li>Biustonosz p\u00f3\u0142usztywniany<\/li>\n<li>Biustonosz zapinany na plecach<\/li>\n<li>Fiszbiny boczne<\/li>\n<li>Fiszbiny dolne<\/li>\n<li>G\u0142adki prz\u00f3d<\/li>\n<li>G\u0142\u0119bokie, wygodne miseczki<\/li>\n<li>Kobieca stylistyka<\/li>\n<li>Koronkowe zdobienia<\/li>\n<li>Na wi\u0119ksze biusty<\/li>\n<li>Nieodpinane rami\u0105czka<\/li>\n<li>Obw\u00f3d biustonosza regulowany<\/li>\n<li>Pakowany w pude\u0142ko<\/li>\n<li>Produkt polski<\/li>\n<li>Przyjemna w dotyku, mi\u0119kka dzianina\/tkanina<\/li>\n<li>Rami\u0105czka regulowane<\/li>\n<li>Wysoka jako\u015b\u0107<\/li>\n<li>Zbiera piersi z bok\u00f3w do \u015brodka dekoltu<\/li>\n<li>Zdobienia bi\u017cuteryjne<\/li>\n<li>Bawe\u0142na: 23%<\/li>\n<li>Elastan: 9%<\/li>\n<li>Poliamid: 55%<\/li>\n<li>Poliester: 7%<\/li>\n<li>Polipropylen: 6%<\/li>\n<\/ul>\n","protected":false},"excerpt":{"rendered":"<p>Biustonosz p\u00f3\u0142usztywniany Biustonosz zapinany na plecach Fiszbiny boczne Fiszbiny dolne G\u0142adki prz\u00f3d G\u0142\u0119bokie, wygodne miseczki Kobieca stylistyka Koronkowe zdobienia Na wi\u0119ksze biusty Nieodpinane rami\u0105czka Obw\u00f3d biustonosza regulowany Pakowany w pude\u0142ko Produkt polski Przyjemna w dotyku, mi\u0119kka dzianina\/tkanina Rami\u0105czka regulowane Wysoka jako\u015b\u0107 Zbiera piersi z bok\u00f3w do \u015brodka dekoltu Zdobienia bi\u017cuteryjne Bawe\u0142na: 23% Elastan: 9% Poliamid: &hellip; <\/p>\n","protected":false},"featured_media":15412,"comment_status":"open","ping_status":"closed","template":"","meta":[],"product_brand":[],"product_cat":[629,24],"product_tag":[1482,1483,1484,1485,1486,1487,1488,1489,1490,1491,1492,1493,1494,1495,1496,1497,1498,1499,1500,1501,1502,1503,1504,1505,1506,1507,1508,1509,672,1481,1478,1469,681,260,1479,206,663,660,1480,661,1390,653,388,1341,664,655,301,1468,1471,1293],"class_list":{"0":"post-13807","1":"product","2":"type-product","3":"status-publish","4":"has-post-thumbnail","6":"product_cat-biustonosze-podkategoria-do-bielizny","7":"product_cat-produkty","8":"product_tag-75-d","9":"product_tag-75-e","10":"product_tag-75-f","11":"product_tag-75-g","12":"product_tag-75-h","13":"product_tag-75-i","14":"product_tag-80-b","15":"product_tag-80-c","16":"product_tag-80-d","17":"product_tag-80-e","18":"product_tag-80-f","19":"product_tag-80-g","20":"product_tag-80-h","21":"product_tag-85-b","22":"product_tag-85-c","23":"product_tag-85-d","24":"product_tag-85-e","25":"product_tag-85-f","26":"product_tag-85-g","27":"product_tag-90-b","28":"product_tag-90-c","29":"product_tag-90-d","30":"product_tag-90-e","31":"product_tag-90-f","32":"product_tag-95-b","33":"product_tag-95-c","34":"product_tag-95-d","35":"product_tag-95-e","36":"product_tag-bialy","37":"product_tag-bialy-75-c","38":"product_tag-biustonosz-ursula-1059-bialy","39":"product_tag-fiszbiny-boczne","40":"product_tag-fiszbiny-dolne","41":"product_tag-gladki-przod","42":"product_tag-kobieca-stylistyka","43":"product_tag-koronkowe-zdobienia","44":"product_tag-miekka-dzianina","45":"product_tag-na-wiekszy-biust","46":"product_tag-nieodpinane-ramiaczka","47":"product_tag-obwod-biustonosza-regulowany","48":"product_tag-pakowany-w-pudelko","49":"product_tag-polusztywniany","50":"product_tag-produkt-polski","51":"product_tag-przyjemna-w-dotyku","52":"product_tag-ramiaczka-regulowane","53":"product_tag-wygodne-miseczki","54":"product_tag-wysoka-jakosc","55":"product_tag-zapinany-na-plecach","56":"product_tag-zbiera-piersi-z-bokow-do-srodka-dekoltu","57":"product_tag-zdobienia-bizuteryjne","59":"first","60":"instock","61":"taxable","62":"shipping-taxable","63":"purchasable","64":"product-type-simple"},"_links":{"self":[{"href":"https:\/\/butikhome.pl\/index.php\/wp-json\/wp\/v2\/product\/13807","targetHints":{"allow":["GET"]}}],"collection":[{"href":"https:\/\/butikhome.pl\/index.php\/wp-json\/wp\/v2\/product"}],"about":[{"href":"https:\/\/butikhome.pl\/index.php\/wp-json\/wp\/v2\/types\/product"}],"replies":[{"embeddable":true,"href":"https:\/\/butikhome.pl\/index.php\/wp-json\/wp\/v2\/comments?post=13807"}],"wp:featuredmedia":[{"embeddable":true,"href":"https:\/\/butikhome.pl\/index.php\/wp-json\/wp\/v2\/media\/15412"}],"wp:attachment":[{"href":"https:\/\/butikhome.pl\/index.php\/wp-json\/wp\/v2\/media?parent=13807"}],"wp:term":[{"taxonomy":"product_brand","embeddable":true,"href":"https:\/\/butikhome.pl\/index.php\/wp-json\/wp\/v2\/product_brand?post=13807"},{"taxonomy":"product_cat","embeddable":true,"href":"https:\/\/butikhome.pl\/index.php\/wp-json\/wp\/v2\/product_cat?post=13807"},{"taxonomy":"product_tag","embeddable":true,"href":"https:\/\/butikhome.pl\/index.php\/wp-json\/wp\/v2\/product_tag?post=13807"}],"curies":[{"name":"wp","href":"https:\/\/api.w.org\/{rel}","templated":true}]}}