{"id":13836,"date":"2023-03-29T18:48:18","date_gmt":"2023-03-29T16:48:18","guid":{"rendered":"https:\/\/butikhome.pl\/index.php\/produkt\/biustonosz-valentina-1112\/"},"modified":"2023-06-07T14:20:12","modified_gmt":"2023-06-07T12:20:12","slug":"biustonosz-valentina-1112","status":"publish","type":"product","link":"https:\/\/butikhome.pl\/index.php\/produkt\/biustonosz-valentina-1112\/","title":{"rendered":"Biustonosz Valentina 1112"},"content":{"rendered":"<ul>\n<li>Biustonosz push-up<\/li>\n<li>Dekolt g\u0142\u0119boki<\/li>\n<li>Fiszbiny dolne<\/li>\n<li>Idealna tak\u017ce na prezent<\/li>\n<li>Koronkowe zdobienia<\/li>\n<li>Koronkowy ty\u0142<\/li>\n<li>Nieodpinane rami\u0105czka<\/li>\n<li>Obw\u00f3d biustonosza regulowany<\/li>\n<li>Pakowany w pude\u0142ko<\/li>\n<li>Produkt polski<\/li>\n<li>Rami\u0105czka ozdobne<\/li>\n<li>Rami\u0105czka regulowane<\/li>\n<li>Unosi i powi\u0119ksza piersi<\/li>\n<li>Wyjmowane wk\u0142adki biustonosza<\/li>\n<li>Wysoka jako\u015b\u0107<\/li>\n<li>Zbiera piersi z bok\u00f3w do \u015brodka dekoltu<\/li>\n<li>Zdobienia w stylu Glamour<\/li>\n<li>Bawe\u0142na: 14%<\/li>\n<li>Elastan: 14%<\/li>\n<li>Poliamid: 67%<\/li>\n<li>Poliester: 3%<\/li>\n<li>Polipropylen: 2%<\/li>\n<\/ul>\n","protected":false},"excerpt":{"rendered":"<p>Biustonosz push-up Dekolt g\u0142\u0119boki Fiszbiny dolne Idealna tak\u017ce na prezent Koronkowe zdobienia Koronkowy ty\u0142 Nieodpinane rami\u0105czka Obw\u00f3d biustonosza regulowany Pakowany w pude\u0142ko Produkt polski Rami\u0105czka ozdobne Rami\u0105czka regulowane Unosi i powi\u0119ksza piersi Wyjmowane wk\u0142adki biustonosza Wysoka jako\u015b\u0107 Zbiera piersi z bok\u00f3w do \u015brodka dekoltu Zdobienia w stylu Glamour Bawe\u0142na: 14% Elastan: 14% Poliamid: 67% Poliester: &hellip; <\/p>\n","protected":false},"featured_media":15037,"comment_status":"open","ping_status":"closed","template":"","meta":[],"product_brand":[],"product_cat":[629,24],"product_tag":[679,680,681,685,206,442,661,682,388,683,684,301],"class_list":{"0":"post-13836","1":"product","2":"type-product","3":"status-publish","4":"has-post-thumbnail","6":"product_cat-biustonosze-podkategoria-do-bielizny","7":"product_cat-produkty","8":"product_tag-65f","9":"product_tag-biustonosz-push-up","10":"product_tag-fiszbiny-dolne","11":"product_tag-glamour","12":"product_tag-koronkowe-zdobienia","13":"product_tag-koronkowy-tyl","14":"product_tag-obwod-biustonosza-regulowany","15":"product_tag-ozdobne-i-regulowane-ramiaczka","16":"product_tag-produkt-polski","17":"product_tag-unosi-i-powieksza-piersi","18":"product_tag-wyjmowane-wkladki","19":"product_tag-wysoka-jakosc","21":"first","22":"instock","23":"taxable","24":"shipping-taxable","25":"purchasable","26":"product-type-simple"},"_links":{"self":[{"href":"https:\/\/butikhome.pl\/index.php\/wp-json\/wp\/v2\/product\/13836","targetHints":{"allow":["GET"]}}],"collection":[{"href":"https:\/\/butikhome.pl\/index.php\/wp-json\/wp\/v2\/product"}],"about":[{"href":"https:\/\/butikhome.pl\/index.php\/wp-json\/wp\/v2\/types\/product"}],"replies":[{"embeddable":true,"href":"https:\/\/butikhome.pl\/index.php\/wp-json\/wp\/v2\/comments?post=13836"}],"wp:featuredmedia":[{"embeddable":true,"href":"https:\/\/butikhome.pl\/index.php\/wp-json\/wp\/v2\/media\/15037"}],"wp:attachment":[{"href":"https:\/\/butikhome.pl\/index.php\/wp-json\/wp\/v2\/media?parent=13836"}],"wp:term":[{"taxonomy":"product_brand","embeddable":true,"href":"https:\/\/butikhome.pl\/index.php\/wp-json\/wp\/v2\/product_brand?post=13836"},{"taxonomy":"product_cat","embeddable":true,"href":"https:\/\/butikhome.pl\/index.php\/wp-json\/wp\/v2\/product_cat?post=13836"},{"taxonomy":"product_tag","embeddable":true,"href":"https:\/\/butikhome.pl\/index.php\/wp-json\/wp\/v2\/product_tag?post=13836"}],"curies":[{"name":"wp","href":"https:\/\/api.w.org\/{rel}","templated":true}]}}