{"id":13845,"date":"2023-03-29T18:48:38","date_gmt":"2023-03-29T16:48:38","guid":{"rendered":"https:\/\/butikhome.pl\/index.php\/produkt\/biustonosz-veronika-931-bialy\/"},"modified":"2023-06-07T14:18:13","modified_gmt":"2023-06-07T12:18:13","slug":"biustonosz-veronika-931-bialy","status":"publish","type":"product","link":"https:\/\/butikhome.pl\/index.php\/produkt\/biustonosz-veronika-931-bialy\/","title":{"rendered":"Biustonosz Veronika 931 Bia\u0142y"},"content":{"rendered":"<p>Romantyczny i kobiecy, p\u00f3\u0142usztywniany biustonosz w bia\u0142ym kolorze. Model pi\u0119knie wyko\u0144czony na brzegach, z koronkowym dekorem, kt\u00f3ry przechodzi wy\u017cej w kierunku rami\u0105czek, zdobi\u0105c je dodatkowo. Model z uroczymi mini kokardkami na rami\u0105czkach. Dekolt wyko\u0144czony subtelnym, a\u017curowym tiulem, sexy. Konstrukcja na fiszbinach, zmys\u0142owo zbiera unosi i modeluje biust. Sk\u0142ad: 49% poliamid, 28% poliester, 14% bawe\u0142na, 9% elastan.<\/p>\n","protected":false},"excerpt":{"rendered":"<p>Romantyczny i kobiecy, p\u00f3\u0142usztywniany biustonosz w bia\u0142ym kolorze. Model pi\u0119knie wyko\u0144czony na brzegach, z koronkowym dekorem, kt\u00f3ry przechodzi wy\u017cej w kierunku rami\u0105czek, zdobi\u0105c je dodatkowo. Model z uroczymi mini kokardkami na rami\u0105czkach. Dekolt wyko\u0144czony subtelnym, a\u017curowym tiulem, sexy. Konstrukcja na fiszbinach, zmys\u0142owo zbiera unosi i modeluje biust. Sk\u0142ad: 49% poliamid, 28% poliester, 14% bawe\u0142na, 9% &hellip; <\/p>\n","protected":false},"featured_media":14900,"comment_status":"open","ping_status":"closed","template":"","meta":[],"product_brand":[],"product_cat":[629,24],"product_tag":[669,672,675,654,671,673,674,676,653,670,159],"class_list":{"0":"post-13845","1":"product","2":"type-product","3":"status-publish","4":"has-post-thumbnail","6":"product_cat-biustonosze-podkategoria-do-bielizny","7":"product_cat-produkty","8":"product_tag-70d","9":"product_tag-bialy","10":"product_tag-dekolt-wykonczony-subtelnym-azurowym-tiulem","11":"product_tag-fiszbiny","12":"product_tag-kobiecy","13":"product_tag-koronkowy-dekold","14":"product_tag-mini-kokardki","15":"product_tag-modeluje-biust","16":"product_tag-polusztywniany","17":"product_tag-romantyczny","18":"product_tag-sexy","20":"first","21":"instock","22":"taxable","23":"shipping-taxable","24":"purchasable","25":"product-type-simple"},"_links":{"self":[{"href":"https:\/\/butikhome.pl\/index.php\/wp-json\/wp\/v2\/product\/13845","targetHints":{"allow":["GET"]}}],"collection":[{"href":"https:\/\/butikhome.pl\/index.php\/wp-json\/wp\/v2\/product"}],"about":[{"href":"https:\/\/butikhome.pl\/index.php\/wp-json\/wp\/v2\/types\/product"}],"replies":[{"embeddable":true,"href":"https:\/\/butikhome.pl\/index.php\/wp-json\/wp\/v2\/comments?post=13845"}],"wp:featuredmedia":[{"embeddable":true,"href":"https:\/\/butikhome.pl\/index.php\/wp-json\/wp\/v2\/media\/14900"}],"wp:attachment":[{"href":"https:\/\/butikhome.pl\/index.php\/wp-json\/wp\/v2\/media?parent=13845"}],"wp:term":[{"taxonomy":"product_brand","embeddable":true,"href":"https:\/\/butikhome.pl\/index.php\/wp-json\/wp\/v2\/product_brand?post=13845"},{"taxonomy":"product_cat","embeddable":true,"href":"https:\/\/butikhome.pl\/index.php\/wp-json\/wp\/v2\/product_cat?post=13845"},{"taxonomy":"product_tag","embeddable":true,"href":"https:\/\/butikhome.pl\/index.php\/wp-json\/wp\/v2\/product_tag?post=13845"}],"curies":[{"name":"wp","href":"https:\/\/api.w.org\/{rel}","templated":true}]}}