{"id":13871,"date":"2023-03-29T18:49:46","date_gmt":"2023-03-29T16:49:46","guid":{"rendered":"https:\/\/butikhome.pl\/index.php\/produkt\/biustonosz-violette-1111-fioletowy\/"},"modified":"2023-04-14T15:26:58","modified_gmt":"2023-04-14T13:26:58","slug":"biustonosz-violette-1111-fioletowy","status":"publish","type":"product","link":"https:\/\/butikhome.pl\/index.php\/produkt\/biustonosz-violette-1111-fioletowy\/","title":{"rendered":"Biustonosz Violette 1111 Fioletowy"},"content":{"rendered":"<ul>\n<li>Biustonosz p\u00f3\u0142usztywniany<\/li>\n<li>Fiszbiny boczne<\/li>\n<li>G\u0142\u0119bokie, wygodne miseczki<\/li>\n<li>Koronkowe zdobienia<\/li>\n<li>Kr\u00f3j, kt\u00f3ry podkre\u015bla sylwetk\u0119<\/li>\n<li>Na wi\u0119ksze biusty<\/li>\n<li>Nieodpinane rami\u0105czka<\/li>\n<li>Obw\u00f3d biustonosza regulowany<\/li>\n<li>Pakowany w pude\u0142ko<\/li>\n<li>Produkt polski<\/li>\n<li>Przyjemna w dotyku, mi\u0119kka dzianina\/tkanina<\/li>\n<li>Rami\u0105czka regulowane<\/li>\n<li>Siateczkowe zdobienia<\/li>\n<li>Wewn\u0119trzna cz\u0119\u015b\u0107 miseczek pokryta bawe\u0142n\u0105<\/li>\n<li>Wykonana z elastycznego materia\u0142u<\/li>\n<li>Wysoka jako\u015b\u0107<\/li>\n<li>Bawe\u0142na: 14%<\/li>\n<li>Elastan: 12%<\/li>\n<li>Poliamid: 61%<\/li>\n<li>Poliester: 10%<\/li>\n<li>Polipropylen: 3%<\/li>\n<\/ul>\n","protected":false},"excerpt":{"rendered":"<p>Biustonosz p\u00f3\u0142usztywniany Fiszbiny boczne G\u0142\u0119bokie, wygodne miseczki Koronkowe zdobienia Kr\u00f3j, kt\u00f3ry podkre\u015bla sylwetk\u0119 Na wi\u0119ksze biusty Nieodpinane rami\u0105czka Obw\u00f3d biustonosza regulowany Pakowany w pude\u0142ko Produkt polski Przyjemna w dotyku, mi\u0119kka dzianina\/tkanina Rami\u0105czka regulowane Siateczkowe zdobienia Wewn\u0119trzna cz\u0119\u015b\u0107 miseczek pokryta bawe\u0142n\u0105 Wykonana z elastycznego materia\u0142u Wysoka jako\u015b\u0107 Bawe\u0142na: 14% Elastan: 12% Poliamid: 61% Poliester: 10% Polipropylen: &hellip; <\/p>\n","protected":false},"featured_media":14895,"comment_status":"open","ping_status":"closed","template":"","meta":[],"product_brand":[],"product_cat":[629,24],"product_tag":[658,630,654,206,659,663,660,661,653,388,662,664,665,655,301],"class_list":{"0":"post-13871","1":"product","2":"type-product","3":"status-publish","4":"has-post-thumbnail","6":"product_cat-biustonosze-podkategoria-do-bielizny","7":"product_cat-produkty","8":"product_tag-75d","9":"product_tag-biustonosz","10":"product_tag-fiszbiny","11":"product_tag-koronkowe-zdobienia","12":"product_tag-kroj-podkreslajacy-sylwetke","13":"product_tag-miekka-dzianina","14":"product_tag-na-wiekszy-biust","15":"product_tag-obwod-biustonosza-regulowany","16":"product_tag-polusztywniany","17":"product_tag-produkt-polski","18":"product_tag-przyjemny-w-dotyku","19":"product_tag-ramiaczka-regulowane","20":"product_tag-siateczkowe-zdobienia","21":"product_tag-wygodne-miseczki","22":"product_tag-wysoka-jakosc","24":"first","25":"instock","26":"taxable","27":"shipping-taxable","28":"purchasable","29":"product-type-simple"},"_links":{"self":[{"href":"https:\/\/butikhome.pl\/index.php\/wp-json\/wp\/v2\/product\/13871","targetHints":{"allow":["GET"]}}],"collection":[{"href":"https:\/\/butikhome.pl\/index.php\/wp-json\/wp\/v2\/product"}],"about":[{"href":"https:\/\/butikhome.pl\/index.php\/wp-json\/wp\/v2\/types\/product"}],"replies":[{"embeddable":true,"href":"https:\/\/butikhome.pl\/index.php\/wp-json\/wp\/v2\/comments?post=13871"}],"wp:featuredmedia":[{"embeddable":true,"href":"https:\/\/butikhome.pl\/index.php\/wp-json\/wp\/v2\/media\/14895"}],"wp:attachment":[{"href":"https:\/\/butikhome.pl\/index.php\/wp-json\/wp\/v2\/media?parent=13871"}],"wp:term":[{"taxonomy":"product_brand","embeddable":true,"href":"https:\/\/butikhome.pl\/index.php\/wp-json\/wp\/v2\/product_brand?post=13871"},{"taxonomy":"product_cat","embeddable":true,"href":"https:\/\/butikhome.pl\/index.php\/wp-json\/wp\/v2\/product_cat?post=13871"},{"taxonomy":"product_tag","embeddable":true,"href":"https:\/\/butikhome.pl\/index.php\/wp-json\/wp\/v2\/product_tag?post=13871"}],"curies":[{"name":"wp","href":"https:\/\/api.w.org\/{rel}","templated":true}]}}