{"id":13873,"date":"2023-03-29T18:49:49","date_gmt":"2023-03-29T16:49:49","guid":{"rendered":"https:\/\/butikhome.pl\/index.php\/produkt\/biustonosz-wenus-1150\/"},"modified":"2023-06-06T15:59:44","modified_gmt":"2023-06-06T13:59:44","slug":"biustonosz-wenus-1150","status":"publish","type":"product","link":"https:\/\/butikhome.pl\/index.php\/produkt\/biustonosz-wenus-1150\/","title":{"rendered":"Biustonosz Wenus 1150"},"content":{"rendered":"<ul>\n<li>Biustonosz zapinany na plecach<\/li>\n<li>Fiszbiny boczne<\/li>\n<li>Fiszbiny dolne<\/li>\n<li>G\u0142\u0119bokie, wygodne miseczki<\/li>\n<li>Koronkowe zdobienia<\/li>\n<li>Pakowany w pude\u0142ko<\/li>\n<li>Produkt polski<\/li>\n<li>Przy rami\u0105czkach ozdobne kokardki<\/li>\n<li>Rami\u0105czka regulowane<\/li>\n<li>Wysoka jako\u015b\u0107<\/li>\n<li>Zbiera piersi z bok\u00f3w do \u015brodka dekoltu<\/li>\n<li>Elastan: 16%<\/li>\n<li>Poliamid: 84%<\/li>\n<\/ul>\n","protected":false},"excerpt":{"rendered":"<p>Biustonosz zapinany na plecach Fiszbiny boczne Fiszbiny dolne G\u0142\u0119bokie, wygodne miseczki Koronkowe zdobienia Pakowany w pude\u0142ko Produkt polski Przy rami\u0105czkach ozdobne kokardki Rami\u0105czka regulowane Wysoka jako\u015b\u0107 Zbiera piersi z bok\u00f3w do \u015brodka dekoltu Elastan: 16% Poliamid: 84%<\/p>\n","protected":false},"featured_media":15409,"comment_status":"open","ping_status":"closed","template":"","meta":[],"product_brand":[],"product_cat":[629,24],"product_tag":[669,1472,657,1473,1474,1475,1476,1477,1467,1089,1469,681,206,1390,388,1470,664,655,301,1468,1471],"class_list":{"0":"post-13873","1":"product","2":"type-product","3":"status-publish","4":"has-post-thumbnail","6":"product_cat-biustonosze-podkategoria-do-bielizny","7":"product_cat-produkty","8":"product_tag-70d","9":"product_tag-70e","10":"product_tag-75c","11":"product_tag-80d","12":"product_tag-85b","13":"product_tag-85c","14":"product_tag-90b","15":"product_tag-95b","16":"product_tag-biustonosz-wenus-1150-czarny","17":"product_tag-czarny","18":"product_tag-fiszbiny-boczne","19":"product_tag-fiszbiny-dolne","20":"product_tag-koronkowe-zdobienia","21":"product_tag-pakowany-w-pudelko","22":"product_tag-produkt-polski","23":"product_tag-ramiaczka-ozdobione-kokardka","24":"product_tag-ramiaczka-regulowane","25":"product_tag-wygodne-miseczki","26":"product_tag-wysoka-jakosc","27":"product_tag-zapinany-na-plecach","28":"product_tag-zbiera-piersi-z-bokow-do-srodka-dekoltu","30":"first","31":"instock","32":"taxable","33":"shipping-taxable","34":"purchasable","35":"product-type-simple"},"_links":{"self":[{"href":"https:\/\/butikhome.pl\/index.php\/wp-json\/wp\/v2\/product\/13873","targetHints":{"allow":["GET"]}}],"collection":[{"href":"https:\/\/butikhome.pl\/index.php\/wp-json\/wp\/v2\/product"}],"about":[{"href":"https:\/\/butikhome.pl\/index.php\/wp-json\/wp\/v2\/types\/product"}],"replies":[{"embeddable":true,"href":"https:\/\/butikhome.pl\/index.php\/wp-json\/wp\/v2\/comments?post=13873"}],"wp:featuredmedia":[{"embeddable":true,"href":"https:\/\/butikhome.pl\/index.php\/wp-json\/wp\/v2\/media\/15409"}],"wp:attachment":[{"href":"https:\/\/butikhome.pl\/index.php\/wp-json\/wp\/v2\/media?parent=13873"}],"wp:term":[{"taxonomy":"product_brand","embeddable":true,"href":"https:\/\/butikhome.pl\/index.php\/wp-json\/wp\/v2\/product_brand?post=13873"},{"taxonomy":"product_cat","embeddable":true,"href":"https:\/\/butikhome.pl\/index.php\/wp-json\/wp\/v2\/product_cat?post=13873"},{"taxonomy":"product_tag","embeddable":true,"href":"https:\/\/butikhome.pl\/index.php\/wp-json\/wp\/v2\/product_tag?post=13873"}],"curies":[{"name":"wp","href":"https:\/\/api.w.org\/{rel}","templated":true}]}}