{"id":13882,"date":"2023-03-29T18:50:13","date_gmt":"2023-03-29T16:50:13","guid":{"rendered":"https:\/\/butikhome.pl\/index.php\/produkt\/biustonosz-zofia-1123\/"},"modified":"2023-06-06T15:51:50","modified_gmt":"2023-06-06T13:51:50","slug":"biustonosz-zofia-1123","status":"publish","type":"product","link":"https:\/\/butikhome.pl\/index.php\/produkt\/biustonosz-zofia-1123\/","title":{"rendered":"Biustonosz Zofia 1123"},"content":{"rendered":"<ul>\n<li>Biustonosz p\u00f3\u0142usztywniany<\/li>\n<li>Dolna cz\u0119\u015b\u0107 biustonosza usztywniona<\/li>\n<li>Fiszbiny boczne<\/li>\n<li>Fiszbiny dolne<\/li>\n<li>G\u0142\u0119bokie, wygodne miseczki<\/li>\n<li>Koronkowe zdobienia<\/li>\n<li>Nieodpinane rami\u0105czka<\/li>\n<li>Obw\u00f3d biustonosza regulowany<\/li>\n<li>Ozdobna kokarda<\/li>\n<li>Pakowany w pude\u0142ko<\/li>\n<li>Produkt polski<\/li>\n<li>Wysoka jako\u015b\u0107<\/li>\n<li>Bawe\u0142na: 18%<\/li>\n<li>Elastan: 6%<\/li>\n<li>Poliamid: 41%<\/li>\n<li>Poliester: 30%<\/li>\n<li>Polipropylen: 5%<\/li>\n<\/ul>\n","protected":false},"excerpt":{"rendered":"<p>Biustonosz p\u00f3\u0142usztywniany Dolna cz\u0119\u015b\u0107 biustonosza usztywniona Fiszbiny boczne Fiszbiny dolne G\u0142\u0119bokie, wygodne miseczki Koronkowe zdobienia Nieodpinane rami\u0105czka Obw\u00f3d biustonosza regulowany Ozdobna kokarda Pakowany w pude\u0142ko Produkt polski Wysoka jako\u015b\u0107 Bawe\u0142na: 18% Elastan: 6% Poliamid: 41% Poliester: 30% Polipropylen: 5%<\/p>\n","protected":false},"featured_media":14893,"comment_status":"open","ping_status":"closed","template":"","meta":[],"product_brand":[],"product_cat":[629,24],"product_tag":[657,652,654,206,653,388,656,655],"class_list":{"0":"post-13882","1":"product","2":"type-product","3":"status-publish","4":"has-post-thumbnail","6":"product_cat-biustonosze-podkategoria-do-bielizny","7":"product_cat-produkty","8":"product_tag-75c","9":"product_tag-bustonosz","10":"product_tag-fiszbiny","11":"product_tag-koronkowe-zdobienia","12":"product_tag-polusztywniany","13":"product_tag-produkt-polski","14":"product_tag-regulowany-obwod-biutonosza","15":"product_tag-wygodne-miseczki","17":"first","18":"instock","19":"taxable","20":"shipping-taxable","21":"purchasable","22":"product-type-simple"},"_links":{"self":[{"href":"https:\/\/butikhome.pl\/index.php\/wp-json\/wp\/v2\/product\/13882","targetHints":{"allow":["GET"]}}],"collection":[{"href":"https:\/\/butikhome.pl\/index.php\/wp-json\/wp\/v2\/product"}],"about":[{"href":"https:\/\/butikhome.pl\/index.php\/wp-json\/wp\/v2\/types\/product"}],"replies":[{"embeddable":true,"href":"https:\/\/butikhome.pl\/index.php\/wp-json\/wp\/v2\/comments?post=13882"}],"wp:featuredmedia":[{"embeddable":true,"href":"https:\/\/butikhome.pl\/index.php\/wp-json\/wp\/v2\/media\/14893"}],"wp:attachment":[{"href":"https:\/\/butikhome.pl\/index.php\/wp-json\/wp\/v2\/media?parent=13882"}],"wp:term":[{"taxonomy":"product_brand","embeddable":true,"href":"https:\/\/butikhome.pl\/index.php\/wp-json\/wp\/v2\/product_brand?post=13882"},{"taxonomy":"product_cat","embeddable":true,"href":"https:\/\/butikhome.pl\/index.php\/wp-json\/wp\/v2\/product_cat?post=13882"},{"taxonomy":"product_tag","embeddable":true,"href":"https:\/\/butikhome.pl\/index.php\/wp-json\/wp\/v2\/product_tag?post=13882"}],"curies":[{"name":"wp","href":"https:\/\/api.w.org\/{rel}","templated":true}]}}