{"id":13893,"date":"2023-03-29T18:50:45","date_gmt":"2023-03-29T16:50:45","guid":{"rendered":"https:\/\/butikhome.pl\/index.php\/produkt\/biustonosz-zuza-1122\/"},"modified":"2023-06-12T15:06:48","modified_gmt":"2023-06-12T13:06:48","slug":"biustonosz-zuza-1122","status":"publish","type":"product","link":"https:\/\/butikhome.pl\/index.php\/produkt\/biustonosz-zuza-1122\/","title":{"rendered":"Biustonosz Mi\u0119kki Soft Gaia Zuza 1122 Br\u0105z"},"content":{"rendered":"<ul>\n<li>Biustonosz zapinany na plecach<\/li>\n<li>Brak usztywnienia w miseczkach<\/li>\n<li>Fiszbiny boczne<\/li>\n<li>Fiszbiny dolne<\/li>\n<li>Kobieca stylistyka<\/li>\n<li>Koronkowe zdobienia<\/li>\n<li>Kr\u00f3j, kt\u00f3ry podkre\u015bla sylwetk\u0119<\/li>\n<li>Obw\u00f3d biustonosza regulowany<\/li>\n<li>Ozdobna kokarda<\/li>\n<li>Pakowany w pude\u0142ko<\/li>\n<li>Produkt polski<\/li>\n<li>Przyjemna w dotyku, mi\u0119kka dzianina\/tkanina<\/li>\n<li>Rami\u0105czka regulowane<\/li>\n<li>Wysoka jako\u015b\u0107<\/li>\n<li>Elastan: 4%<\/li>\n<li>Poliamid: 16%<\/li>\n<li>Poliester: 80%<\/li>\n<\/ul>\n<p>&nbsp;<\/p>\n","protected":false},"excerpt":{"rendered":"<p>Biustonosz zapinany na plecach Brak usztywnienia w miseczkach Fiszbiny boczne Fiszbiny dolne Kobieca stylistyka Koronkowe zdobienia Kr\u00f3j, kt\u00f3ry podkre\u015bla sylwetk\u0119 Obw\u00f3d biustonosza regulowany Ozdobna kokarda Pakowany w pude\u0142ko Produkt polski Przyjemna w dotyku, mi\u0119kka dzianina\/tkanina Rami\u0105czka regulowane Wysoka jako\u015b\u0107 Elastan: 4% Poliamid: 16% Poliester: 80% &nbsp;<\/p>\n","protected":false},"featured_media":14854,"comment_status":"open","ping_status":"closed","template":"","meta":[],"product_brand":[],"product_cat":[1549,1550,1551,1556,1557,1566,1570,1585,29,629,24],"product_tag":[1605,1606,1610,1599,1482,1490,1494,1504,1616,1678,1469,681,1479,206,385,661,1620,1390,388,1679,664,301],"class_list":{"0":"post-13893","1":"product","2":"type-product","3":"status-publish","4":"has-post-thumbnail","6":"product_cat-70-e","7":"product_cat-70-f","8":"product_cat-70-g","9":"product_cat-75-c","10":"product_cat-75-d","11":"product_cat-80-d","12":"product_cat-80-h","13":"product_cat-90-e","14":"product_cat-bielizna","15":"product_cat-biustonosze-podkategoria-do-bielizny","16":"product_cat-produkty","17":"product_tag-70-e","18":"product_tag-70-f","19":"product_tag-70-g","20":"product_tag-75-c","21":"product_tag-75-d","22":"product_tag-80-d","23":"product_tag-80-h","24":"product_tag-90-e","25":"product_tag-biustonosz-zapinany-na-plecach","26":"product_tag-brak-usztywnienia-w-miseczkach","27":"product_tag-fiszbiny-boczne","28":"product_tag-fiszbiny-dolne","29":"product_tag-kobieca-stylistyka","30":"product_tag-koronkowe-zdobienia","31":"product_tag-kroj-ktory-podkresla-sylwetke","32":"product_tag-obwod-biustonosza-regulowany","33":"product_tag-ozdobna-kokarda","34":"product_tag-pakowany-w-pudelko","35":"product_tag-produkt-polski","36":"product_tag-przyjemna-w-dotyku-miekka-dzianina-tkanina","37":"product_tag-ramiaczka-regulowane","38":"product_tag-wysoka-jakosc","40":"first","41":"instock","42":"taxable","43":"shipping-taxable","44":"purchasable","45":"product-type-simple"},"_links":{"self":[{"href":"https:\/\/butikhome.pl\/index.php\/wp-json\/wp\/v2\/product\/13893","targetHints":{"allow":["GET"]}}],"collection":[{"href":"https:\/\/butikhome.pl\/index.php\/wp-json\/wp\/v2\/product"}],"about":[{"href":"https:\/\/butikhome.pl\/index.php\/wp-json\/wp\/v2\/types\/product"}],"replies":[{"embeddable":true,"href":"https:\/\/butikhome.pl\/index.php\/wp-json\/wp\/v2\/comments?post=13893"}],"wp:featuredmedia":[{"embeddable":true,"href":"https:\/\/butikhome.pl\/index.php\/wp-json\/wp\/v2\/media\/14854"}],"wp:attachment":[{"href":"https:\/\/butikhome.pl\/index.php\/wp-json\/wp\/v2\/media?parent=13893"}],"wp:term":[{"taxonomy":"product_brand","embeddable":true,"href":"https:\/\/butikhome.pl\/index.php\/wp-json\/wp\/v2\/product_brand?post=13893"},{"taxonomy":"product_cat","embeddable":true,"href":"https:\/\/butikhome.pl\/index.php\/wp-json\/wp\/v2\/product_cat?post=13893"},{"taxonomy":"product_tag","embeddable":true,"href":"https:\/\/butikhome.pl\/index.php\/wp-json\/wp\/v2\/product_tag?post=13893"}],"curies":[{"name":"wp","href":"https:\/\/api.w.org\/{rel}","templated":true}]}}