{"id":13940,"date":"2023-03-29T18:52:37","date_gmt":"2023-03-29T16:52:37","guid":{"rendered":"https:\/\/butikhome.pl\/index.php\/produkt\/figi-harmonia-1142m\/"},"modified":"2023-07-06T13:54:34","modified_gmt":"2023-07-06T11:54:34","slug":"figi-harmonia-1142m","status":"publish","type":"product","link":"https:\/\/butikhome.pl\/index.php\/produkt\/figi-harmonia-1142m\/","title":{"rendered":"Figi Harmonia 1142M"},"content":{"rendered":"<p>    Klasyczny kr\u00f3j majteczek<br \/>\n    Kr\u00f3j kryje brzuszek<br \/>\n    Majteczki g\u0142adkie<br \/>\n    Majteczki wy\u017csze<br \/>\n    Produkt polski<br \/>\n    Siateczkowe zdobienia<br \/>\n    W pasie ozdobna kokardka<br \/>\n    Wewn\u0105trz bawe\u0142niana wk\u0142adka<br \/>\n    Wysoka jako\u015b\u0107<br \/>\n    Bawe\u0142na: 5%<br \/>\n    Elastan: 19%<br \/>\n    Poliamid: 79%<\/p>\n","protected":false},"excerpt":{"rendered":"<p>Klasyczny kr\u00f3j majteczek Kr\u00f3j kryje brzuszek Majteczki g\u0142adkie Majteczki wy\u017csze Produkt polski Siateczkowe zdobienia W pasie ozdobna kokardka Wewn\u0105trz bawe\u0142niana wk\u0142adka Wysoka jako\u015b\u0107 Bawe\u0142na: 5% Elastan: 19% Poliamid: 79%<\/p>\n","protected":false},"featured_media":15779,"comment_status":"open","ping_status":"closed","template":"","meta":[],"product_brand":[],"product_cat":[29,48,24,41,40,43,44],"product_tag":[1089,2270,126,64,2311,1603,1433,2277,1434,387,1297,1078,586,1679,665,203,2264,1305,301,2266,2267],"class_list":{"0":"post-13940","1":"product","2":"type-product","3":"status-publish","4":"has-post-thumbnail","6":"product_cat-bielizna","7":"product_cat-majtki-podkategoria-do-bielizny","8":"product_cat-produkty","9":"product_cat-l","10":"product_cat-m","11":"product_cat-2xl","12":"product_cat-3xl","13":"product_tag-czarny","14":"product_tag-czarny-m","15":"product_tag-fason-klasyczny","16":"product_tag-figi-gladkie","17":"product_tag-figi-harmonia-1142m-czarny","18":"product_tag-gaia","19":"product_tag-kryje-brzuszek","20":"product_tag-l","21":"product_tag-majteczki-o-komfortowym-kroju","22":"product_tag-majteczki-wyzsze","23":"product_tag-pakowane-w-pudelko","24":"product_tag-polski-produkt","25":"product_tag-przod-i-tyl-gladki","26":"product_tag-przyjemna-w-dotyku-miekka-dzianina-tkanina","27":"product_tag-siateczkowe-zdobienia","28":"product_tag-transparentne-wstawki","29":"product_tag-typu-figi","30":"product_tag-wewnatrz-bawelniana-wkladka","31":"product_tag-wysoka-jakosc","32":"product_tag-xxl","33":"product_tag-xxxl","35":"first","36":"instock","37":"taxable","38":"shipping-taxable","39":"purchasable","40":"product-type-simple"},"_links":{"self":[{"href":"https:\/\/butikhome.pl\/index.php\/wp-json\/wp\/v2\/product\/13940","targetHints":{"allow":["GET"]}}],"collection":[{"href":"https:\/\/butikhome.pl\/index.php\/wp-json\/wp\/v2\/product"}],"about":[{"href":"https:\/\/butikhome.pl\/index.php\/wp-json\/wp\/v2\/types\/product"}],"replies":[{"embeddable":true,"href":"https:\/\/butikhome.pl\/index.php\/wp-json\/wp\/v2\/comments?post=13940"}],"wp:featuredmedia":[{"embeddable":true,"href":"https:\/\/butikhome.pl\/index.php\/wp-json\/wp\/v2\/media\/15779"}],"wp:attachment":[{"href":"https:\/\/butikhome.pl\/index.php\/wp-json\/wp\/v2\/media?parent=13940"}],"wp:term":[{"taxonomy":"product_brand","embeddable":true,"href":"https:\/\/butikhome.pl\/index.php\/wp-json\/wp\/v2\/product_brand?post=13940"},{"taxonomy":"product_cat","embeddable":true,"href":"https:\/\/butikhome.pl\/index.php\/wp-json\/wp\/v2\/product_cat?post=13940"},{"taxonomy":"product_tag","embeddable":true,"href":"https:\/\/butikhome.pl\/index.php\/wp-json\/wp\/v2\/product_tag?post=13940"}],"curies":[{"name":"wp","href":"https:\/\/api.w.org\/{rel}","templated":true}]}}