{"id":13945,"date":"2023-03-29T18:52:48","date_gmt":"2023-03-29T16:52:48","guid":{"rendered":"https:\/\/butikhome.pl\/index.php\/produkt\/figi-harmonia-1142p\/"},"modified":"2023-07-06T13:48:33","modified_gmt":"2023-07-06T11:48:33","slug":"figi-harmonia-1142p","status":"publish","type":"product","link":"https:\/\/butikhome.pl\/index.php\/produkt\/figi-harmonia-1142p\/","title":{"rendered":"Figi Harmonia 1142P"},"content":{"rendered":"<p>    Majteczki o komfortowym kroju<br \/>\n    Majteczki typu figi<br \/>\n    Pakowany w pude\u0142ko<br \/>\n    Produkt polski<br \/>\n    Przyjemna w dotyku, mi\u0119kka dzianina\/tkanina<br \/>\n    Siateczkowe zdobienia<br \/>\n    Wewn\u0105trz bawe\u0142niana wk\u0142adka<br \/>\n    Wysoka jako\u015b\u0107<br \/>\n    Bawe\u0142na: 5%<br \/>\n    Elastan: 19%<br \/>\n    Poliamid: 76%<\/p>\n","protected":false},"excerpt":{"rendered":"<p>Majteczki o komfortowym kroju Majteczki typu figi Pakowany w pude\u0142ko Produkt polski Przyjemna w dotyku, mi\u0119kka dzianina\/tkanina Siateczkowe zdobienia Wewn\u0105trz bawe\u0142niana wk\u0142adka Wysoka jako\u015b\u0107 Bawe\u0142na: 5% Elastan: 19% Poliamid: 76%<\/p>\n","protected":false},"featured_media":15777,"comment_status":"open","ping_status":"closed","template":"","meta":[],"product_brand":[],"product_cat":[29,48,24,42,43,44],"product_tag":[1089,2265,2310,1603,1434,1297,1078,586,1679,665,203,2264,1305,301,2266,2267],"class_list":{"0":"post-13945","1":"product","2":"type-product","3":"status-publish","4":"has-post-thumbnail","6":"product_cat-bielizna","7":"product_cat-majtki-podkategoria-do-bielizny","8":"product_cat-produkty","9":"product_cat-xl","10":"product_cat-2xl","11":"product_cat-3xl","12":"product_tag-czarny","13":"product_tag-czarny-xl","14":"product_tag-figi-harmonia-1142p-czarny","15":"product_tag-gaia","16":"product_tag-majteczki-o-komfortowym-kroju","17":"product_tag-pakowane-w-pudelko","18":"product_tag-polski-produkt","19":"product_tag-przod-i-tyl-gladki","20":"product_tag-przyjemna-w-dotyku-miekka-dzianina-tkanina","21":"product_tag-siateczkowe-zdobienia","22":"product_tag-transparentne-wstawki","23":"product_tag-typu-figi","24":"product_tag-wewnatrz-bawelniana-wkladka","25":"product_tag-wysoka-jakosc","26":"product_tag-xxl","27":"product_tag-xxxl","29":"first","30":"instock","31":"taxable","32":"shipping-taxable","33":"purchasable","34":"product-type-simple"},"_links":{"self":[{"href":"https:\/\/butikhome.pl\/index.php\/wp-json\/wp\/v2\/product\/13945","targetHints":{"allow":["GET"]}}],"collection":[{"href":"https:\/\/butikhome.pl\/index.php\/wp-json\/wp\/v2\/product"}],"about":[{"href":"https:\/\/butikhome.pl\/index.php\/wp-json\/wp\/v2\/types\/product"}],"replies":[{"embeddable":true,"href":"https:\/\/butikhome.pl\/index.php\/wp-json\/wp\/v2\/comments?post=13945"}],"wp:featuredmedia":[{"embeddable":true,"href":"https:\/\/butikhome.pl\/index.php\/wp-json\/wp\/v2\/media\/15777"}],"wp:attachment":[{"href":"https:\/\/butikhome.pl\/index.php\/wp-json\/wp\/v2\/media?parent=13945"}],"wp:term":[{"taxonomy":"product_brand","embeddable":true,"href":"https:\/\/butikhome.pl\/index.php\/wp-json\/wp\/v2\/product_brand?post=13945"},{"taxonomy":"product_cat","embeddable":true,"href":"https:\/\/butikhome.pl\/index.php\/wp-json\/wp\/v2\/product_cat?post=13945"},{"taxonomy":"product_tag","embeddable":true,"href":"https:\/\/butikhome.pl\/index.php\/wp-json\/wp\/v2\/product_tag?post=13945"}],"curies":[{"name":"wp","href":"https:\/\/api.w.org\/{rel}","templated":true}]}}