{"id":13954,"date":"2023-03-29T18:53:08","date_gmt":"2023-03-29T16:53:08","guid":{"rendered":"https:\/\/butikhome.pl\/index.php\/produkt\/figi-idalia-1144p\/"},"modified":"2023-07-06T13:34:28","modified_gmt":"2023-07-06T11:34:28","slug":"figi-idalia-1144p","status":"publish","type":"product","link":"https:\/\/butikhome.pl\/index.php\/produkt\/figi-idalia-1144p\/","title":{"rendered":"Figi Idalia 1144P"},"content":{"rendered":"<p>    -G\u0142adki ty\u0142<br \/>\n    -Klasyczny kr\u00f3j majteczek<br \/>\n    -Kobieca stylistyka<br \/>\n    -Koronkowe zdobienia<br \/>\n    -Kr\u00f3j, kt\u00f3ry podkre\u015bla sylwetk\u0119<br \/>\n    -Majteczki o komfortowym kroju<br \/>\n    -Majteczki typu figi<br \/>\n    -Siateczkowe zdobienia<br \/>\n    -W pasie ozdobna kokardka<br \/>\n    -Wewn\u0105trz bawe\u0142niana wk\u0142adka<br \/>\n    -Wysoka jako\u015b\u0107<br \/>\n    -Bawe\u0142na: 5%<br \/>\n    -Elastan: 15%<br \/>\n    -Poliamid: 60%<br \/>\n    -Poliester: 20%<\/p>\n","protected":false},"excerpt":{"rendered":"<p>-G\u0142adki ty\u0142 -Klasyczny kr\u00f3j majteczek -Kobieca stylistyka -Koronkowe zdobienia -Kr\u00f3j, kt\u00f3ry podkre\u015bla sylwetk\u0119 -Majteczki o komfortowym kroju -Majteczki typu figi -Siateczkowe zdobienia -W pasie ozdobna kokardka -Wewn\u0105trz bawe\u0142niana wk\u0142adka -Wysoka jako\u015b\u0107 -Bawe\u0142na: 5% -Elastan: 15% -Poliamid: 60% -Poliester: 20%<\/p>\n","protected":false},"featured_media":15774,"comment_status":"open","ping_status":"closed","template":"","meta":[],"product_brand":[],"product_cat":[29,48,24,41,42,43,44],"product_tag":[1885,2309,1673,2308,1603,125,1337,199,206,385,1434,386,665,1398,1305,301,2282,2266,2267],"class_list":{"0":"post-13954","1":"product","2":"type-product","3":"status-publish","4":"has-post-thumbnail","6":"product_cat-bielizna","7":"product_cat-majtki-podkategoria-do-bielizny","8":"product_cat-produkty","9":"product_cat-l","10":"product_cat-xl","11":"product_cat-2xl","12":"product_cat-3xl","13":"product_tag-delikatna-kobieca-stylistyka","14":"product_tag-figi-idalia-1144p-fioletowy","15":"product_tag-fioletowy","16":"product_tag-fioletowy-l","17":"product_tag-gaia","18":"product_tag-gladki-tyl","19":"product_tag-klasyczny-kroj-majtek","20":"product_tag-koronkowe-wstawki","21":"product_tag-koronkowe-zdobienia","22":"product_tag-kroj-ktory-podkresla-sylwetke","23":"product_tag-majteczki-o-komfortowym-kroju","24":"product_tag-majteczki-typu-figi","25":"product_tag-siateczkowe-zdobienia","26":"product_tag-w-pasie-ozdobna-kokardka","27":"product_tag-wewnatrz-bawelniana-wkladka","28":"product_tag-wysoka-jakosc","29":"product_tag-xl","30":"product_tag-xxl","31":"product_tag-xxxl","33":"first","34":"instock","35":"taxable","36":"shipping-taxable","37":"purchasable","38":"product-type-simple"},"_links":{"self":[{"href":"https:\/\/butikhome.pl\/index.php\/wp-json\/wp\/v2\/product\/13954","targetHints":{"allow":["GET"]}}],"collection":[{"href":"https:\/\/butikhome.pl\/index.php\/wp-json\/wp\/v2\/product"}],"about":[{"href":"https:\/\/butikhome.pl\/index.php\/wp-json\/wp\/v2\/types\/product"}],"replies":[{"embeddable":true,"href":"https:\/\/butikhome.pl\/index.php\/wp-json\/wp\/v2\/comments?post=13954"}],"wp:featuredmedia":[{"embeddable":true,"href":"https:\/\/butikhome.pl\/index.php\/wp-json\/wp\/v2\/media\/15774"}],"wp:attachment":[{"href":"https:\/\/butikhome.pl\/index.php\/wp-json\/wp\/v2\/media?parent=13954"}],"wp:term":[{"taxonomy":"product_brand","embeddable":true,"href":"https:\/\/butikhome.pl\/index.php\/wp-json\/wp\/v2\/product_brand?post=13954"},{"taxonomy":"product_cat","embeddable":true,"href":"https:\/\/butikhome.pl\/index.php\/wp-json\/wp\/v2\/product_cat?post=13954"},{"taxonomy":"product_tag","embeddable":true,"href":"https:\/\/butikhome.pl\/index.php\/wp-json\/wp\/v2\/product_tag?post=13954"}],"curies":[{"name":"wp","href":"https:\/\/api.w.org\/{rel}","templated":true}]}}