{"id":13961,"date":"2023-03-29T18:53:22","date_gmt":"2023-03-29T16:53:22","guid":{"rendered":"https:\/\/butikhome.pl\/index.php\/produkt\/figi-jasmine-1035b-grafitowy\/"},"modified":"2023-07-06T12:49:54","modified_gmt":"2023-07-06T10:49:54","slug":"figi-jasmine-1035b-grafitowy","status":"publish","type":"product","link":"https:\/\/butikhome.pl\/index.php\/produkt\/figi-jasmine-1035b-grafitowy\/","title":{"rendered":"Figi Jasmine 1035B Grafitowy"},"content":{"rendered":"<p>    -G\u0142adki ty\u0142<br \/>\n    -Majteczki typu brazyliany<br \/>\n    -Ozdobne przeszycia po bokach fig<br \/>\n    -Pakowany w pude\u0142ko<br \/>\n    -Produkt polski<br \/>\n    -Przyjemna w dotyku, mi\u0119kka dzianina\/tkanina<br \/>\n    -Siateczkowe zdobienia<br \/>\n    -Wewn\u0105trz bawe\u0142niana wk\u0142adka<br \/>\n    -Wykonana z elastycznego materia\u0142u<br \/>\n    -Wykonany z wzorzystego tiulu<br \/>\n    -Wysoka jako\u015b\u0107<br \/>\n    -Bawe\u0142na: 5%<br \/>\n    -Elastan: 19%<br \/>\n    -Poliamid: 76%<\/p>\n","protected":false},"excerpt":{"rendered":"<p>-G\u0142adki ty\u0142 -Majteczki typu brazyliany -Ozdobne przeszycia po bokach fig -Pakowany w pude\u0142ko -Produkt polski -Przyjemna w dotyku, mi\u0119kka dzianina\/tkanina -Siateczkowe zdobienia -Wewn\u0105trz bawe\u0142niana wk\u0142adka -Wykonana z elastycznego materia\u0142u -Wykonany z wzorzystego tiulu -Wysoka jako\u015b\u0107 -Bawe\u0142na: 5% -Elastan: 19% -Poliamid: 76%<\/p>\n","protected":false},"featured_media":15772,"comment_status":"open","ping_status":"closed","template":"","meta":[],"product_brand":[],"product_cat":[29,48,24,43],"product_tag":[2303,1603,2304,2302,1397,2306,1297,1078,2305,1679,665,282,1305,1623,301,2307],"class_list":{"0":"post-13961","1":"product","2":"type-product","3":"status-publish","4":"has-post-thumbnail","6":"product_cat-bielizna","7":"product_cat-majtki-podkategoria-do-bielizny","8":"product_cat-produkty","9":"product_cat-2xl","10":"product_tag-figi-jasmine-1025b-grafitowy","11":"product_tag-gaia","12":"product_tag-grafitowy","13":"product_tag-grafitowy-xxl","14":"product_tag-majteczki-typu-brazyliany","15":"product_tag-ozdobne-przeszycia-po-bokach","16":"product_tag-pakowane-w-pudelko","17":"product_tag-polski-produkt","18":"product_tag-przod-drapowany","19":"product_tag-przyjemna-w-dotyku-miekka-dzianina-tkanina","20":"product_tag-siateczkowe-zdobienia","21":"product_tag-tyl-gladki","22":"product_tag-wewnatrz-bawelniana-wkladka","23":"product_tag-wykonana-z-elastycznego-materialu","24":"product_tag-wysoka-jakosc","25":"product_tag-z-wzorzystego-tiulu","27":"first","28":"instock","29":"taxable","30":"shipping-taxable","31":"purchasable","32":"product-type-simple"},"_links":{"self":[{"href":"https:\/\/butikhome.pl\/index.php\/wp-json\/wp\/v2\/product\/13961","targetHints":{"allow":["GET"]}}],"collection":[{"href":"https:\/\/butikhome.pl\/index.php\/wp-json\/wp\/v2\/product"}],"about":[{"href":"https:\/\/butikhome.pl\/index.php\/wp-json\/wp\/v2\/types\/product"}],"replies":[{"embeddable":true,"href":"https:\/\/butikhome.pl\/index.php\/wp-json\/wp\/v2\/comments?post=13961"}],"wp:featuredmedia":[{"embeddable":true,"href":"https:\/\/butikhome.pl\/index.php\/wp-json\/wp\/v2\/media\/15772"}],"wp:attachment":[{"href":"https:\/\/butikhome.pl\/index.php\/wp-json\/wp\/v2\/media?parent=13961"}],"wp:term":[{"taxonomy":"product_brand","embeddable":true,"href":"https:\/\/butikhome.pl\/index.php\/wp-json\/wp\/v2\/product_brand?post=13961"},{"taxonomy":"product_cat","embeddable":true,"href":"https:\/\/butikhome.pl\/index.php\/wp-json\/wp\/v2\/product_cat?post=13961"},{"taxonomy":"product_tag","embeddable":true,"href":"https:\/\/butikhome.pl\/index.php\/wp-json\/wp\/v2\/product_tag?post=13961"}],"curies":[{"name":"wp","href":"https:\/\/api.w.org\/{rel}","templated":true}]}}