{"id":13965,"date":"2023-03-29T18:53:32","date_gmt":"2023-03-29T16:53:32","guid":{"rendered":"https:\/\/butikhome.pl\/index.php\/produkt\/figi-kasjana-1161p\/"},"modified":"2023-07-06T12:08:59","modified_gmt":"2023-07-06T10:08:59","slug":"figi-kasjana-1161p","status":"publish","type":"product","link":"https:\/\/butikhome.pl\/index.php\/produkt\/figi-kasjana-1161p\/","title":{"rendered":"Figi Kasjana 1161P"},"content":{"rendered":"<p>    Klasyczny kr\u00f3j majteczek<br \/>\n    Koronkowe zdobienia<br \/>\n    Koronkowy ty\u0142<br \/>\n    Majteczki o komfortowym kroju<br \/>\n    Majteczki typu figi<br \/>\n    Pakowany w pude\u0142ko<br \/>\n    Produkt polski<br \/>\n    W pasie ozdobna kokardka<br \/>\n    Wewn\u0105trz bawe\u0142niana wk\u0142adka<br \/>\n    Wysoka jako\u015b\u0107<br \/>\n    Bawe\u0142na: 5%<br \/>\n    Elastan: 15%<br \/>\n    Poliamid: 80%<\/p>\n","protected":false},"excerpt":{"rendered":"<p>Klasyczny kr\u00f3j majteczek Koronkowe zdobienia Koronkowy ty\u0142 Majteczki o komfortowym kroju Majteczki typu figi Pakowany w pude\u0142ko Produkt polski W pasie ozdobna kokardka Wewn\u0105trz bawe\u0142niana wk\u0142adka Wysoka jako\u015b\u0107 Bawe\u0142na: 5% Elastan: 15% Poliamid: 80%<\/p>\n","protected":false},"featured_media":15771,"comment_status":"open","ping_status":"closed","template":"","meta":[],"product_brand":[],"product_cat":[29,48,24,41,40,39,42,43],"product_tag":[1338,1615,2298,2300,1337,2301,199,442,2277,2299,1434,386,1297,1078,1398,301,2282,2266],"class_list":{"0":"post-13965","1":"product","2":"type-product","3":"status-publish","4":"has-post-thumbnail","6":"product_cat-bielizna","7":"product_cat-majtki-podkategoria-do-bielizny","8":"product_cat-produkty","9":"product_cat-l","10":"product_cat-m","11":"product_cat-s","12":"product_cat-xl","13":"product_cat-2xl","14":"product_tag-bawelniana-wkladka","15":"product_tag-bezowy","16":"product_tag-bezowy-s","17":"product_tag-figi-kasjana-1161p-bezowy","18":"product_tag-klasyczny-kroj-majtek","19":"product_tag-komplet-z-biustonoszem-kasjana-1161","20":"product_tag-koronkowe-wstawki","21":"product_tag-koronkowy-tyl","22":"product_tag-l","23":"product_tag-m","24":"product_tag-majteczki-o-komfortowym-kroju","25":"product_tag-majteczki-typu-figi","26":"product_tag-pakowane-w-pudelko","27":"product_tag-polski-produkt","28":"product_tag-w-pasie-ozdobna-kokardka","29":"product_tag-wysoka-jakosc","30":"product_tag-xl","31":"product_tag-xxl","33":"first","34":"instock","35":"taxable","36":"shipping-taxable","37":"purchasable","38":"product-type-simple"},"_links":{"self":[{"href":"https:\/\/butikhome.pl\/index.php\/wp-json\/wp\/v2\/product\/13965","targetHints":{"allow":["GET"]}}],"collection":[{"href":"https:\/\/butikhome.pl\/index.php\/wp-json\/wp\/v2\/product"}],"about":[{"href":"https:\/\/butikhome.pl\/index.php\/wp-json\/wp\/v2\/types\/product"}],"replies":[{"embeddable":true,"href":"https:\/\/butikhome.pl\/index.php\/wp-json\/wp\/v2\/comments?post=13965"}],"wp:featuredmedia":[{"embeddable":true,"href":"https:\/\/butikhome.pl\/index.php\/wp-json\/wp\/v2\/media\/15771"}],"wp:attachment":[{"href":"https:\/\/butikhome.pl\/index.php\/wp-json\/wp\/v2\/media?parent=13965"}],"wp:term":[{"taxonomy":"product_brand","embeddable":true,"href":"https:\/\/butikhome.pl\/index.php\/wp-json\/wp\/v2\/product_brand?post=13965"},{"taxonomy":"product_cat","embeddable":true,"href":"https:\/\/butikhome.pl\/index.php\/wp-json\/wp\/v2\/product_cat?post=13965"},{"taxonomy":"product_tag","embeddable":true,"href":"https:\/\/butikhome.pl\/index.php\/wp-json\/wp\/v2\/product_tag?post=13965"}],"curies":[{"name":"wp","href":"https:\/\/api.w.org\/{rel}","templated":true}]}}