{"id":13978,"date":"2023-03-29T18:53:58","date_gmt":"2023-03-29T16:53:58","guid":{"rendered":"https:\/\/butikhome.pl\/index.php\/produkt\/figi-lou-1119p\/"},"modified":"2023-07-06T10:26:42","modified_gmt":"2023-07-06T08:26:42","slug":"figi-lou-1119p","status":"publish","type":"product","link":"https:\/\/butikhome.pl\/index.php\/produkt\/figi-lou-1119p\/","title":{"rendered":"Figi Lou 1119P"},"content":{"rendered":"<p>    Idealna tak\u017ce na prezent<br \/>\n    Kobieca stylistyka<br \/>\n    Majteczki o komfortowym kroju<br \/>\n    Majteczki typu bikini<br \/>\n    Pakowany w pude\u0142ko<br \/>\n    Produkt polski<br \/>\n    Przyjemna w dotyku, mi\u0119kka dzianina\/tkanina<br \/>\n    Wewn\u0105trz bawe\u0142niana wk\u0142adka<br \/>\n    Wykonana z eleganckiej koronki<br \/>\n    Wysoka jako\u015b\u0107<br \/>\n    Bawe\u0142na: 13%<br \/>\n    Elastan: 15%<br \/>\n    Poliamid: 72%<\/p>\n","protected":false},"excerpt":{"rendered":"<p>Idealna tak\u017ce na prezent Kobieca stylistyka Majteczki o komfortowym kroju Majteczki typu bikini Pakowany w pude\u0142ko Produkt polski Przyjemna w dotyku, mi\u0119kka dzianina\/tkanina Wewn\u0105trz bawe\u0142niana wk\u0142adka Wykonana z eleganckiej koronki Wysoka jako\u015b\u0107 Bawe\u0142na: 13% Elastan: 15% Poliamid: 72%<\/p>\n","protected":false},"featured_media":15769,"comment_status":"open","ping_status":"closed","template":"","meta":[],"product_brand":[],"product_cat":[29,48,24,43],"product_tag":[2296,1781,1479,1434,2284,1297,1078,1679,664,1696,2295,1305,301,2297],"class_list":{"0":"post-13978","1":"product","2":"type-product","3":"status-publish","4":"has-post-thumbnail","6":"product_cat-bielizna","7":"product_cat-majtki-podkategoria-do-bielizny","8":"product_cat-produkty","9":"product_cat-2xl","10":"product_tag-figi-lou-1119p-rozowy","11":"product_tag-idealna-na-prezent","12":"product_tag-kobieca-stylistyka","13":"product_tag-majteczki-o-komfortowym-kroju","14":"product_tag-majteczki-typu-bikini","15":"product_tag-pakowane-w-pudelko","16":"product_tag-polski-produkt","17":"product_tag-przyjemna-w-dotyku-miekka-dzianina-tkanina","18":"product_tag-ramiaczka-regulowane","19":"product_tag-rozowy","20":"product_tag-rozowy-xxl","21":"product_tag-wewnatrz-bawelniana-wkladka","22":"product_tag-wysoka-jakosc","23":"product_tag-z-eleganckiej-koronki","25":"first","26":"instock","27":"taxable","28":"shipping-taxable","29":"purchasable","30":"product-type-simple"},"_links":{"self":[{"href":"https:\/\/butikhome.pl\/index.php\/wp-json\/wp\/v2\/product\/13978","targetHints":{"allow":["GET"]}}],"collection":[{"href":"https:\/\/butikhome.pl\/index.php\/wp-json\/wp\/v2\/product"}],"about":[{"href":"https:\/\/butikhome.pl\/index.php\/wp-json\/wp\/v2\/types\/product"}],"replies":[{"embeddable":true,"href":"https:\/\/butikhome.pl\/index.php\/wp-json\/wp\/v2\/comments?post=13978"}],"wp:featuredmedia":[{"embeddable":true,"href":"https:\/\/butikhome.pl\/index.php\/wp-json\/wp\/v2\/media\/15769"}],"wp:attachment":[{"href":"https:\/\/butikhome.pl\/index.php\/wp-json\/wp\/v2\/media?parent=13978"}],"wp:term":[{"taxonomy":"product_brand","embeddable":true,"href":"https:\/\/butikhome.pl\/index.php\/wp-json\/wp\/v2\/product_brand?post=13978"},{"taxonomy":"product_cat","embeddable":true,"href":"https:\/\/butikhome.pl\/index.php\/wp-json\/wp\/v2\/product_cat?post=13978"},{"taxonomy":"product_tag","embeddable":true,"href":"https:\/\/butikhome.pl\/index.php\/wp-json\/wp\/v2\/product_tag?post=13978"}],"curies":[{"name":"wp","href":"https:\/\/api.w.org\/{rel}","templated":true}]}}