{"id":13983,"date":"2023-03-29T18:54:09","date_gmt":"2023-03-29T16:54:09","guid":{"rendered":"https:\/\/butikhome.pl\/index.php\/produkt\/figi-nancy-059p-rozowe\/"},"modified":"2023-07-05T15:27:16","modified_gmt":"2023-07-05T13:27:16","slug":"figi-nancy-059p-rozowe","status":"publish","type":"product","link":"https:\/\/butikhome.pl\/index.php\/produkt\/figi-nancy-059p-rozowe\/","title":{"rendered":"Figi Nancy 059P R\u00f3\u017cowe"},"content":{"rendered":"<p>    -Klasyczny kr\u00f3j majteczek<br \/>\n    -Koronkowe zdobienia<br \/>\n    -Majteczki o komfortowym kroju<br \/>\n    -Majteczki typu figi<br \/>\n    -Pakowany w pude\u0142ko<br \/>\n    -Produkt polski<br \/>\n    -Siateczkowe zdobienia<br \/>\n    -Wewn\u0105trz bawe\u0142niana wk\u0142adka<br \/>\n    -Wysoka jako\u015b\u0107<br \/>\n    -Bawe\u0142na: 5%<br \/>\n    -Elastan: 19%<br \/>\n    -Poliamid: 76%<\/p>\n","protected":false},"excerpt":{"rendered":"<p>-Klasyczny kr\u00f3j majteczek -Koronkowe zdobienia -Majteczki o komfortowym kroju -Majteczki typu figi -Pakowany w pude\u0142ko -Produkt polski -Siateczkowe zdobienia -Wewn\u0105trz bawe\u0142niana wk\u0142adka -Wysoka jako\u015b\u0107 -Bawe\u0142na: 5% -Elastan: 19% -Poliamid: 76%<\/p>\n","protected":false},"featured_media":15763,"comment_status":"open","ping_status":"closed","template":"","meta":[],"product_brand":[],"product_cat":[29,48,24,40],"product_tag":[2290,1603,1337,206,1434,386,1390,1078,2291,2289,665,203,1305,301],"class_list":{"0":"post-13983","1":"product","2":"type-product","3":"status-publish","4":"has-post-thumbnail","6":"product_cat-bielizna","7":"product_cat-majtki-podkategoria-do-bielizny","8":"product_cat-produkty","9":"product_cat-m","10":"product_tag-figi-nancy-059p-rozowe","11":"product_tag-gaia","12":"product_tag-klasyczny-kroj-majtek","13":"product_tag-koronkowe-zdobienia","14":"product_tag-majteczki-o-komfortowym-kroju","15":"product_tag-majteczki-typu-figi","16":"product_tag-pakowany-w-pudelko","17":"product_tag-polski-produkt","18":"product_tag-rozowe","19":"product_tag-rozowy-m","20":"product_tag-siateczkowe-zdobienia","21":"product_tag-transparentne-wstawki","22":"product_tag-wewnatrz-bawelniana-wkladka","23":"product_tag-wysoka-jakosc","25":"first","26":"instock","27":"taxable","28":"shipping-taxable","29":"purchasable","30":"product-type-simple"},"_links":{"self":[{"href":"https:\/\/butikhome.pl\/index.php\/wp-json\/wp\/v2\/product\/13983","targetHints":{"allow":["GET"]}}],"collection":[{"href":"https:\/\/butikhome.pl\/index.php\/wp-json\/wp\/v2\/product"}],"about":[{"href":"https:\/\/butikhome.pl\/index.php\/wp-json\/wp\/v2\/types\/product"}],"replies":[{"embeddable":true,"href":"https:\/\/butikhome.pl\/index.php\/wp-json\/wp\/v2\/comments?post=13983"}],"wp:featuredmedia":[{"embeddable":true,"href":"https:\/\/butikhome.pl\/index.php\/wp-json\/wp\/v2\/media\/15763"}],"wp:attachment":[{"href":"https:\/\/butikhome.pl\/index.php\/wp-json\/wp\/v2\/media?parent=13983"}],"wp:term":[{"taxonomy":"product_brand","embeddable":true,"href":"https:\/\/butikhome.pl\/index.php\/wp-json\/wp\/v2\/product_brand?post=13983"},{"taxonomy":"product_cat","embeddable":true,"href":"https:\/\/butikhome.pl\/index.php\/wp-json\/wp\/v2\/product_cat?post=13983"},{"taxonomy":"product_tag","embeddable":true,"href":"https:\/\/butikhome.pl\/index.php\/wp-json\/wp\/v2\/product_tag?post=13983"}],"curies":[{"name":"wp","href":"https:\/\/api.w.org\/{rel}","templated":true}]}}