{"id":13985,"date":"2023-03-29T18:54:12","date_gmt":"2023-03-29T16:54:12","guid":{"rendered":"https:\/\/butikhome.pl\/index.php\/produkt\/figi-rose-1115m\/"},"modified":"2023-07-05T14:48:47","modified_gmt":"2023-07-05T12:48:47","slug":"figi-rose-1115m","status":"publish","type":"product","link":"https:\/\/butikhome.pl\/index.php\/produkt\/figi-rose-1115m\/","title":{"rendered":"Figi Rose 1115M"},"content":{"rendered":"<p>    -G\u0142adki ty\u0142<br \/>\n    -Klasyczny kr\u00f3j majteczek<br \/>\n    -Koronkowe zdobienia<br \/>\n    -Kr\u00f3j kryje brzuszek<br \/>\n    -Majteczki o komfortowym kroju<br \/>\n    -Majteczki wy\u017csze<br \/>\n    -Ozdobna kokarda<br \/>\n    -Pakowany w pude\u0142ko<br \/>\n    -Produkt polski<br \/>\n    -Przyjemna w dotyku, mi\u0119kka dzianina\/tkanina<br \/>\n    -Wewn\u0105trz bawe\u0142niana wk\u0142adka<br \/>\n    -Wykonana z elastycznego materia\u0142u<br \/>\n    -Wysoka jako\u015b\u0107<br \/>\n    -Bawe\u0142na: 5%<br \/>\n    -Elastan: 19%<br \/>\n    -Poliamid: 76%<\/p>\n","protected":false},"excerpt":{"rendered":"<p>-G\u0142adki ty\u0142 -Klasyczny kr\u00f3j majteczek -Koronkowe zdobienia -Kr\u00f3j kryje brzuszek -Majteczki o komfortowym kroju -Majteczki wy\u017csze -Ozdobna kokarda -Pakowany w pude\u0142ko -Produkt polski -Przyjemna w dotyku, mi\u0119kka dzianina\/tkanina -Wewn\u0105trz bawe\u0142niana wk\u0142adka -Wykonana z elastycznego materia\u0142u -Wysoka jako\u015b\u0107 -Bawe\u0142na: 5% -Elastan: 19% -Poliamid: 76%<\/p>\n","protected":false},"featured_media":15762,"comment_status":"open","ping_status":"closed","template":"","meta":[],"product_brand":[],"product_cat":[629,48,24,41],"product_tag":[2286,2287,1603,125,286,253,206,387,1294,1297,1078,1679,2130,2288,1305,1703,301],"class_list":{"0":"post-13985","1":"product","2":"type-product","3":"status-publish","4":"has-post-thumbnail","6":"product_cat-biustonosze-podkategoria-do-bielizny","7":"product_cat-majtki-podkategoria-do-bielizny","8":"product_cat-produkty","9":"product_cat-l","10":"product_tag-czerwony-l","11":"product_tag-figi-rose-1115m","12":"product_tag-gaia","13":"product_tag-gladki-tyl","14":"product_tag-klasyczny-kroj","15":"product_tag-komfortowy-kroj","16":"product_tag-koronkowe-zdobienia","17":"product_tag-majteczki-wyzsze","18":"product_tag-ozdobna-kokardka","19":"product_tag-pakowane-w-pudelko","20":"product_tag-polski-produkt","21":"product_tag-przyjemna-w-dotyku-miekka-dzianina-tkanina","22":"product_tag-tiulowe-wstawki","23":"product_tag-w-komplecie-z-biustonoszem-rose-1115","24":"product_tag-wewnatrz-bawelniana-wkladka","25":"product_tag-wykonany-z-elastycznego-materialu","26":"product_tag-wysoka-jakosc","28":"first","29":"instock","30":"taxable","31":"shipping-taxable","32":"purchasable","33":"product-type-simple"},"_links":{"self":[{"href":"https:\/\/butikhome.pl\/index.php\/wp-json\/wp\/v2\/product\/13985","targetHints":{"allow":["GET"]}}],"collection":[{"href":"https:\/\/butikhome.pl\/index.php\/wp-json\/wp\/v2\/product"}],"about":[{"href":"https:\/\/butikhome.pl\/index.php\/wp-json\/wp\/v2\/types\/product"}],"replies":[{"embeddable":true,"href":"https:\/\/butikhome.pl\/index.php\/wp-json\/wp\/v2\/comments?post=13985"}],"wp:featuredmedia":[{"embeddable":true,"href":"https:\/\/butikhome.pl\/index.php\/wp-json\/wp\/v2\/media\/15762"}],"wp:attachment":[{"href":"https:\/\/butikhome.pl\/index.php\/wp-json\/wp\/v2\/media?parent=13985"}],"wp:term":[{"taxonomy":"product_brand","embeddable":true,"href":"https:\/\/butikhome.pl\/index.php\/wp-json\/wp\/v2\/product_brand?post=13985"},{"taxonomy":"product_cat","embeddable":true,"href":"https:\/\/butikhome.pl\/index.php\/wp-json\/wp\/v2\/product_cat?post=13985"},{"taxonomy":"product_tag","embeddable":true,"href":"https:\/\/butikhome.pl\/index.php\/wp-json\/wp\/v2\/product_tag?post=13985"}],"curies":[{"name":"wp","href":"https:\/\/api.w.org\/{rel}","templated":true}]}}