{"id":13988,"date":"2023-03-29T18:54:18","date_gmt":"2023-03-29T16:54:18","guid":{"rendered":"https:\/\/butikhome.pl\/index.php\/produkt\/figi-simona-1109p\/"},"modified":"2023-07-05T14:40:04","modified_gmt":"2023-07-05T12:40:04","slug":"figi-simona-1109p","status":"publish","type":"product","link":"https:\/\/butikhome.pl\/index.php\/produkt\/figi-simona-1109p\/","title":{"rendered":"Figi Simona 1109P"},"content":{"rendered":"<p>    Koronkowe zdobienia<br \/>\n    Kr\u00f3j, kt\u00f3ry podkre\u015bla sylwetk\u0119<br \/>\n    Majteczki o komfortowym kroju<br \/>\n    Majteczki typu bikini<br \/>\n    Produkt polski<br \/>\n    Przyjemna w dotyku, mi\u0119kka dzianina\/tkanina<br \/>\n    Siateczkowe zdobienia<br \/>\n    Tiulowy ty\u0142<br \/>\n    Wewn\u0105trz bawe\u0142niana wk\u0142adka<br \/>\n    Wysoka jako\u015b\u0107<br \/>\n    Bawe\u0142na: 10%<br \/>\n    Elastan: 12%<br \/>\n    Poliamid: 48%<br \/>\n    Poliester: 30%<\/p>\n","protected":false},"excerpt":{"rendered":"<p>Koronkowe zdobienia Kr\u00f3j, kt\u00f3ry podkre\u015bla sylwetk\u0119 Majteczki o komfortowym kroju Majteczki typu bikini Produkt polski Przyjemna w dotyku, mi\u0119kka dzianina\/tkanina Siateczkowe zdobienia Tiulowy ty\u0142 Wewn\u0105trz bawe\u0142niana wk\u0142adka Wysoka jako\u015b\u0107 Bawe\u0142na: 10% Elastan: 12% Poliamid: 48% Poliester: 30%<\/p>\n","protected":false},"featured_media":15759,"comment_status":"open","ping_status":"closed","template":"","meta":[],"product_brand":[],"product_cat":[29,48,24,41,40,42,44],"product_tag":[2283,1603,206,659,2277,1434,2284,1814,2281,1078,1679,665,2285,1305,301,2282,2267],"class_list":{"0":"post-13988","1":"product","2":"type-product","3":"status-publish","4":"has-post-thumbnail","6":"product_cat-bielizna","7":"product_cat-majtki-podkategoria-do-bielizny","8":"product_cat-produkty","9":"product_cat-l","10":"product_cat-m","11":"product_cat-xl","12":"product_cat-3xl","13":"product_tag-figi-simona-1109p","14":"product_tag-gaia","15":"product_tag-koronkowe-zdobienia","16":"product_tag-kroj-podkreslajacy-sylwetke","17":"product_tag-l","18":"product_tag-majteczki-o-komfortowym-kroju","19":"product_tag-majteczki-typu-bikini","20":"product_tag-perlowy","21":"product_tag-perlowy-m","22":"product_tag-polski-produkt","23":"product_tag-przyjemna-w-dotyku-miekka-dzianina-tkanina","24":"product_tag-siateczkowe-zdobienia","25":"product_tag-tiulowy-tyl","26":"product_tag-wewnatrz-bawelniana-wkladka","27":"product_tag-wysoka-jakosc","28":"product_tag-xl","29":"product_tag-xxxl","31":"first","32":"instock","33":"taxable","34":"shipping-taxable","35":"purchasable","36":"product-type-simple"},"_links":{"self":[{"href":"https:\/\/butikhome.pl\/index.php\/wp-json\/wp\/v2\/product\/13988","targetHints":{"allow":["GET"]}}],"collection":[{"href":"https:\/\/butikhome.pl\/index.php\/wp-json\/wp\/v2\/product"}],"about":[{"href":"https:\/\/butikhome.pl\/index.php\/wp-json\/wp\/v2\/types\/product"}],"replies":[{"embeddable":true,"href":"https:\/\/butikhome.pl\/index.php\/wp-json\/wp\/v2\/comments?post=13988"}],"wp:featuredmedia":[{"embeddable":true,"href":"https:\/\/butikhome.pl\/index.php\/wp-json\/wp\/v2\/media\/15759"}],"wp:attachment":[{"href":"https:\/\/butikhome.pl\/index.php\/wp-json\/wp\/v2\/media?parent=13988"}],"wp:term":[{"taxonomy":"product_brand","embeddable":true,"href":"https:\/\/butikhome.pl\/index.php\/wp-json\/wp\/v2\/product_brand?post=13988"},{"taxonomy":"product_cat","embeddable":true,"href":"https:\/\/butikhome.pl\/index.php\/wp-json\/wp\/v2\/product_cat?post=13988"},{"taxonomy":"product_tag","embeddable":true,"href":"https:\/\/butikhome.pl\/index.php\/wp-json\/wp\/v2\/product_tag?post=13988"}],"curies":[{"name":"wp","href":"https:\/\/api.w.org\/{rel}","templated":true}]}}