{"id":13993,"date":"2023-03-29T18:54:26","date_gmt":"2023-03-29T16:54:26","guid":{"rendered":"https:\/\/butikhome.pl\/index.php\/produkt\/figi-teona-1152p\/"},"modified":"2023-07-05T14:21:46","modified_gmt":"2023-07-05T12:21:46","slug":"figi-teona-1152p","status":"publish","type":"product","link":"https:\/\/butikhome.pl\/index.php\/produkt\/figi-teona-1152p\/","title":{"rendered":"Figi Teona 1152P"},"content":{"rendered":"<p>    -Klasyczny kr\u00f3j majteczek<br \/>\n    -Koronkowe zdobienia<br \/>\n    -Majteczki o komfortowym kroju<br \/>\n    -Majteczki typu figi<br \/>\n    -Majteczki wzorzyste<br \/>\n    -Pakowany w pude\u0142ko<br \/>\n    -Produkt polski<br \/>\n    -Przyjemna w dotyku, mi\u0119kka dzianina\/tkanina<br \/>\n    -Wewn\u0105trz bawe\u0142niana wk\u0142adka<br \/>\n    -Wysoka jako\u015b\u0107<br \/>\n    -Bawe\u0142na: 5%<br \/>\n    -Elastan: 19%<br \/>\n    -Poliamid: 76%<\/p>\n","protected":false},"excerpt":{"rendered":"<p>-Klasyczny kr\u00f3j majteczek -Koronkowe zdobienia -Majteczki o komfortowym kroju -Majteczki typu figi -Majteczki wzorzyste -Pakowany w pude\u0142ko -Produkt polski -Przyjemna w dotyku, mi\u0119kka dzianina\/tkanina -Wewn\u0105trz bawe\u0142niana wk\u0142adka -Wysoka jako\u015b\u0107 -Bawe\u0142na: 5% -Elastan: 19% -Poliamid: 76%<\/p>\n","protected":false},"featured_media":15758,"comment_status":"open","ping_status":"closed","template":"","meta":[],"product_brand":[],"product_cat":[29,48,24,40,43,44],"product_tag":[1913,2276,2278,1603,1337,2279,206,2277,1434,386,1297,1078,1679,1305,301,2280,2266,2267],"class_list":{"0":"post-13993","1":"product","2":"type-product","3":"status-publish","4":"has-post-thumbnail","6":"product_cat-bielizna","7":"product_cat-majtki-podkategoria-do-bielizny","8":"product_cat-produkty","9":"product_cat-m","10":"product_cat-2xl","11":"product_cat-3xl","12":"product_tag-czarno-bialy","13":"product_tag-czarno-bialy-m","14":"product_tag-figi-teona-1152p-czarno-bialy","15":"product_tag-gaia","16":"product_tag-klasyczny-kroj-majtek","17":"product_tag-komplet-z-biustonoszem-teona-1152p","18":"product_tag-koronkowe-zdobienia","19":"product_tag-l","20":"product_tag-majteczki-o-komfortowym-kroju","21":"product_tag-majteczki-typu-figi","22":"product_tag-pakowane-w-pudelko","23":"product_tag-polski-produkt","24":"product_tag-przyjemna-w-dotyku-miekka-dzianina-tkanina","25":"product_tag-wewnatrz-bawelniana-wkladka","26":"product_tag-wysoka-jakosc","27":"product_tag-wzorzyste-majteczki","28":"product_tag-xxl","29":"product_tag-xxxl","31":"first","32":"instock","33":"taxable","34":"shipping-taxable","35":"purchasable","36":"product-type-simple"},"_links":{"self":[{"href":"https:\/\/butikhome.pl\/index.php\/wp-json\/wp\/v2\/product\/13993","targetHints":{"allow":["GET"]}}],"collection":[{"href":"https:\/\/butikhome.pl\/index.php\/wp-json\/wp\/v2\/product"}],"about":[{"href":"https:\/\/butikhome.pl\/index.php\/wp-json\/wp\/v2\/types\/product"}],"replies":[{"embeddable":true,"href":"https:\/\/butikhome.pl\/index.php\/wp-json\/wp\/v2\/comments?post=13993"}],"wp:featuredmedia":[{"embeddable":true,"href":"https:\/\/butikhome.pl\/index.php\/wp-json\/wp\/v2\/media\/15758"}],"wp:attachment":[{"href":"https:\/\/butikhome.pl\/index.php\/wp-json\/wp\/v2\/media?parent=13993"}],"wp:term":[{"taxonomy":"product_brand","embeddable":true,"href":"https:\/\/butikhome.pl\/index.php\/wp-json\/wp\/v2\/product_brand?post=13993"},{"taxonomy":"product_cat","embeddable":true,"href":"https:\/\/butikhome.pl\/index.php\/wp-json\/wp\/v2\/product_cat?post=13993"},{"taxonomy":"product_tag","embeddable":true,"href":"https:\/\/butikhome.pl\/index.php\/wp-json\/wp\/v2\/product_tag?post=13993"}],"curies":[{"name":"wp","href":"https:\/\/api.w.org\/{rel}","templated":true}]}}