{"id":13998,"date":"2023-03-29T18:54:38","date_gmt":"2023-03-29T16:54:38","guid":{"rendered":"https:\/\/butikhome.pl\/index.php\/produkt\/figi-tetyda-1136p\/"},"modified":"2023-07-05T13:49:08","modified_gmt":"2023-07-05T11:49:08","slug":"figi-tetyda-1136p","status":"publish","type":"product","link":"https:\/\/butikhome.pl\/index.php\/produkt\/figi-tetyda-1136p\/","title":{"rendered":"Figi Tetyda 1136P"},"content":{"rendered":"<p>    -Idealna tak\u017ce na prezent<br \/>\n    -Klasyczny kr\u00f3j majteczek<br \/>\n    -Koronkowe zdobienia<br \/>\n    -Kr\u00f3j, kt\u00f3ry podkre\u015bla sylwetk\u0119<br \/>\n    -Majteczki o komfortowym kroju<br \/>\n    -Majteczki typu figi<br \/>\n    -Pakowany w pude\u0142ko<br \/>\n    -Produkt polski<br \/>\n    -Przyjemna w dotyku, mi\u0119kka dzianina\/tkanina<br \/>\n    -W pasie ozdobna kokardka<br \/>\n    -Wewn\u0105trz bawe\u0142niana wk\u0142adka<br \/>\n    -Wysoka jako\u015b\u0107<br \/>\n    -Bawe\u0142na: 14%<br \/>\n    -Elastan: 14%<br \/>\n    -Poliamid: 69%<br \/>\n    -Polipropylen: 3%<\/p>\n","protected":false},"excerpt":{"rendered":"<p>-Idealna tak\u017ce na prezent -Klasyczny kr\u00f3j majteczek -Koronkowe zdobienia -Kr\u00f3j, kt\u00f3ry podkre\u015bla sylwetk\u0119 -Majteczki o komfortowym kroju -Majteczki typu figi -Pakowany w pude\u0142ko -Produkt polski -Przyjemna w dotyku, mi\u0119kka dzianina\/tkanina -W pasie ozdobna kokardka -Wewn\u0105trz bawe\u0142niana wk\u0142adka -Wysoka jako\u015b\u0107 -Bawe\u0142na: 14% -Elastan: 14% -Poliamid: 69% -Polipropylen: 3%<\/p>\n","protected":false},"featured_media":15755,"comment_status":"open","ping_status":"closed","template":"","meta":[],"product_brand":[],"product_cat":[629,48,24,44],"product_tag":[1338,52,2273,2275,1603,1337,253,2274,206,659,57,1391,1297,1078,1679,203,301],"class_list":{"0":"post-13998","1":"product","2":"type-product","3":"status-publish","4":"has-post-thumbnail","6":"product_cat-biustonosze-podkategoria-do-bielizny","7":"product_cat-majtki-podkategoria-do-bielizny","8":"product_cat-produkty","9":"product_cat-3xl","10":"product_tag-bawelniana-wkladka","11":"product_tag-czarne","12":"product_tag-czarny-xxxl","13":"product_tag-figi-tetyda-1136p-czarne","14":"product_tag-gaia","15":"product_tag-klasyczny-kroj-majtek","16":"product_tag-komfortowy-kroj","17":"product_tag-komplet-do-biustonosza-tetyda-1136p","18":"product_tag-koronkowe-zdobienia","19":"product_tag-kroj-podkreslajacy-sylwetke","20":"product_tag-majtki-typu-figi","21":"product_tag-ozdobna-kokardka-w-pasie","22":"product_tag-pakowane-w-pudelko","23":"product_tag-polski-produkt","24":"product_tag-przyjemna-w-dotyku-miekka-dzianina-tkanina","25":"product_tag-transparentne-wstawki","26":"product_tag-wysoka-jakosc","28":"first","29":"instock","30":"taxable","31":"shipping-taxable","32":"purchasable","33":"product-type-simple"},"_links":{"self":[{"href":"https:\/\/butikhome.pl\/index.php\/wp-json\/wp\/v2\/product\/13998","targetHints":{"allow":["GET"]}}],"collection":[{"href":"https:\/\/butikhome.pl\/index.php\/wp-json\/wp\/v2\/product"}],"about":[{"href":"https:\/\/butikhome.pl\/index.php\/wp-json\/wp\/v2\/types\/product"}],"replies":[{"embeddable":true,"href":"https:\/\/butikhome.pl\/index.php\/wp-json\/wp\/v2\/comments?post=13998"}],"wp:featuredmedia":[{"embeddable":true,"href":"https:\/\/butikhome.pl\/index.php\/wp-json\/wp\/v2\/media\/15755"}],"wp:attachment":[{"href":"https:\/\/butikhome.pl\/index.php\/wp-json\/wp\/v2\/media?parent=13998"}],"wp:term":[{"taxonomy":"product_brand","embeddable":true,"href":"https:\/\/butikhome.pl\/index.php\/wp-json\/wp\/v2\/product_brand?post=13998"},{"taxonomy":"product_cat","embeddable":true,"href":"https:\/\/butikhome.pl\/index.php\/wp-json\/wp\/v2\/product_cat?post=13998"},{"taxonomy":"product_tag","embeddable":true,"href":"https:\/\/butikhome.pl\/index.php\/wp-json\/wp\/v2\/product_tag?post=13998"}],"curies":[{"name":"wp","href":"https:\/\/api.w.org\/{rel}","templated":true}]}}