{"id":14000,"date":"2023-03-29T18:54:40","date_gmt":"2023-03-29T16:54:40","guid":{"rendered":"https:\/\/butikhome.pl\/index.php\/produkt\/figi-ursula-1059b-czarne\/"},"modified":"2023-07-05T13:26:51","modified_gmt":"2023-07-05T11:26:51","slug":"figi-ursula-1059b-czarne","status":"publish","type":"product","link":"https:\/\/butikhome.pl\/index.php\/produkt\/figi-ursula-1059b-czarne\/","title":{"rendered":"Figi Ursula 1059B Czarne"},"content":{"rendered":"<p>    -Koronkowe zdobienia<br \/>\n    -Majteczki typu brazyliany<br \/>\n    -Pakowany w pude\u0142ko<br \/>\n    -Produkt polski<br \/>\n    -Przyjemna w dotyku, mi\u0119kka dzianina\/tkanina<br \/>\n    -Seksowne wyci\u0119cie w przedniej cz\u0119\u015bci majtek<br \/>\n    -Siateczkowe zdobienia<br \/>\n    -Wewn\u0105trz bawe\u0142niana wk\u0142adka<br \/>\n    -Wykonana z elastycznego materia\u0142u<br \/>\n    -Wysoka jako\u015b\u0107<br \/>\n    -Bawe\u0142na: 10%<br \/>\n    -Elastan: 12%<br \/>\n    -Poliamid: 48%<br \/>\n    -Poliester: 30%<\/p>\n","protected":false},"excerpt":{"rendered":"<p>-Koronkowe zdobienia -Majteczki typu brazyliany -Pakowany w pude\u0142ko -Produkt polski -Przyjemna w dotyku, mi\u0119kka dzianina\/tkanina -Seksowne wyci\u0119cie w przedniej cz\u0119\u015bci majtek -Siateczkowe zdobienia -Wewn\u0105trz bawe\u0142niana wk\u0142adka -Wykonana z elastycznego materia\u0142u -Wysoka jako\u015b\u0107 -Bawe\u0142na: 10% -Elastan: 12% -Poliamid: 48% -Poliester: 30%<\/p>\n","protected":false},"featured_media":15754,"comment_status":"open","ping_status":"closed","template":"","meta":[],"product_brand":[],"product_cat":[29,48,24,40,42],"product_tag":[1338,52,2270,2271,1603,206,1397,1297,1078,1679,2272,665,203,301,2266,1339],"class_list":{"0":"post-14000","1":"product","2":"type-product","3":"status-publish","4":"has-post-thumbnail","6":"product_cat-bielizna","7":"product_cat-majtki-podkategoria-do-bielizny","8":"product_cat-produkty","9":"product_cat-m","10":"product_cat-xl","11":"product_tag-bawelniana-wkladka","12":"product_tag-czarne","13":"product_tag-czarny-m","14":"product_tag-figi-ursula-1059b-czarne","15":"product_tag-gaia","16":"product_tag-koronkowe-zdobienia","17":"product_tag-majteczki-typu-brazyliany","18":"product_tag-pakowane-w-pudelko","19":"product_tag-polski-produkt","20":"product_tag-przyjemna-w-dotyku-miekka-dzianina-tkanina","21":"product_tag-seksowne-wyciecie-na-przedniej-czesci-majtek","22":"product_tag-siateczkowe-zdobienia","23":"product_tag-transparentne-wstawki","24":"product_tag-wysoka-jakosc","25":"product_tag-xxl","26":"product_tag-z-elastycznego-materialu","28":"first","29":"instock","30":"taxable","31":"shipping-taxable","32":"purchasable","33":"product-type-simple"},"_links":{"self":[{"href":"https:\/\/butikhome.pl\/index.php\/wp-json\/wp\/v2\/product\/14000","targetHints":{"allow":["GET"]}}],"collection":[{"href":"https:\/\/butikhome.pl\/index.php\/wp-json\/wp\/v2\/product"}],"about":[{"href":"https:\/\/butikhome.pl\/index.php\/wp-json\/wp\/v2\/types\/product"}],"replies":[{"embeddable":true,"href":"https:\/\/butikhome.pl\/index.php\/wp-json\/wp\/v2\/comments?post=14000"}],"wp:featuredmedia":[{"embeddable":true,"href":"https:\/\/butikhome.pl\/index.php\/wp-json\/wp\/v2\/media\/15754"}],"wp:attachment":[{"href":"https:\/\/butikhome.pl\/index.php\/wp-json\/wp\/v2\/media?parent=14000"}],"wp:term":[{"taxonomy":"product_brand","embeddable":true,"href":"https:\/\/butikhome.pl\/index.php\/wp-json\/wp\/v2\/product_brand?post=14000"},{"taxonomy":"product_cat","embeddable":true,"href":"https:\/\/butikhome.pl\/index.php\/wp-json\/wp\/v2\/product_cat?post=14000"},{"taxonomy":"product_tag","embeddable":true,"href":"https:\/\/butikhome.pl\/index.php\/wp-json\/wp\/v2\/product_tag?post=14000"}],"curies":[{"name":"wp","href":"https:\/\/api.w.org\/{rel}","templated":true}]}}