{"id":14006,"date":"2023-03-29T18:54:47","date_gmt":"2023-03-29T16:54:47","guid":{"rendered":"https:\/\/butikhome.pl\/index.php\/produkt\/figi-wenus-1150p\/"},"modified":"2023-07-05T12:45:12","modified_gmt":"2023-07-05T10:45:12","slug":"figi-wenus-1150p","status":"publish","type":"product","link":"https:\/\/butikhome.pl\/index.php\/produkt\/figi-wenus-1150p\/","title":{"rendered":"Figi Wenus 1150P"},"content":{"rendered":"<p>    -Klasyczny kr\u00f3j majteczek<br \/>\n    -Majteczki o komfortowym kroju<br \/>\n    -Majteczki typu figi<br \/>\n    -Pakowany w pude\u0142ko<br \/>\n    -Produkt polski<br \/>\n    -Przyjemna w dotyku, mi\u0119kka dzianina\/tkanina<br \/>\n    -Siateczkowe zdobienia<br \/>\n    -Wewn\u0105trz bawe\u0142niana wk\u0142adka<br \/>\n    -Wysoka jako\u015b\u0107<br \/>\n    -Bawe\u0142na: 5%<br \/>\n    -Elastan: 19%<br \/>\n    -Poliamid: 76%<\/p>\n","protected":false},"excerpt":{"rendered":"<p>-Klasyczny kr\u00f3j majteczek -Majteczki o komfortowym kroju -Majteczki typu figi -Pakowany w pude\u0142ko -Produkt polski -Przyjemna w dotyku, mi\u0119kka dzianina\/tkanina -Siateczkowe zdobienia -Wewn\u0105trz bawe\u0142niana wk\u0142adka -Wysoka jako\u015b\u0107 -Bawe\u0142na: 5% -Elastan: 19% -Poliamid: 76%<\/p>\n","protected":false},"featured_media":15751,"comment_status":"open","ping_status":"closed","template":"","meta":[],"product_brand":[],"product_cat":[29,48,24,42,43,44],"product_tag":[494,1338,1089,2265,126,2268,1603,2269,206,386,1390,1078,1679,665,203,301,2266,2267],"class_list":{"0":"post-14006","1":"product","2":"type-product","3":"status-publish","4":"has-post-thumbnail","6":"product_cat-bielizna","7":"product_cat-majtki-podkategoria-do-bielizny","8":"product_cat-produkty","9":"product_cat-xl","10":"product_cat-2xl","11":"product_cat-3xl","12":"product_tag-bardzo-komfortowe","13":"product_tag-bawelniana-wkladka","14":"product_tag-czarny","15":"product_tag-czarny-xl","16":"product_tag-fason-klasyczny","17":"product_tag-figi-wenus-1150p-czarny","18":"product_tag-gaia","19":"product_tag-komplet-do-biustonosza-wenus-1150","20":"product_tag-koronkowe-zdobienia","21":"product_tag-majteczki-typu-figi","22":"product_tag-pakowany-w-pudelko","23":"product_tag-polski-produkt","24":"product_tag-przyjemna-w-dotyku-miekka-dzianina-tkanina","25":"product_tag-siateczkowe-zdobienia","26":"product_tag-transparentne-wstawki","27":"product_tag-wysoka-jakosc","28":"product_tag-xxl","29":"product_tag-xxxl","31":"first","32":"instock","33":"taxable","34":"shipping-taxable","35":"purchasable","36":"product-type-simple"},"_links":{"self":[{"href":"https:\/\/butikhome.pl\/index.php\/wp-json\/wp\/v2\/product\/14006","targetHints":{"allow":["GET"]}}],"collection":[{"href":"https:\/\/butikhome.pl\/index.php\/wp-json\/wp\/v2\/product"}],"about":[{"href":"https:\/\/butikhome.pl\/index.php\/wp-json\/wp\/v2\/types\/product"}],"replies":[{"embeddable":true,"href":"https:\/\/butikhome.pl\/index.php\/wp-json\/wp\/v2\/comments?post=14006"}],"wp:featuredmedia":[{"embeddable":true,"href":"https:\/\/butikhome.pl\/index.php\/wp-json\/wp\/v2\/media\/15751"}],"wp:attachment":[{"href":"https:\/\/butikhome.pl\/index.php\/wp-json\/wp\/v2\/media?parent=14006"}],"wp:term":[{"taxonomy":"product_brand","embeddable":true,"href":"https:\/\/butikhome.pl\/index.php\/wp-json\/wp\/v2\/product_brand?post=14006"},{"taxonomy":"product_cat","embeddable":true,"href":"https:\/\/butikhome.pl\/index.php\/wp-json\/wp\/v2\/product_cat?post=14006"},{"taxonomy":"product_tag","embeddable":true,"href":"https:\/\/butikhome.pl\/index.php\/wp-json\/wp\/v2\/product_tag?post=14006"}],"curies":[{"name":"wp","href":"https:\/\/api.w.org\/{rel}","templated":true}]}}