{"id":14009,"date":"2023-03-29T18:54:56","date_gmt":"2023-03-29T16:54:56","guid":{"rendered":"https:\/\/butikhome.pl\/index.php\/produkt\/figi-zuza-1122p\/"},"modified":"2023-07-04T15:47:35","modified_gmt":"2023-07-04T13:47:35","slug":"figi-zuza-1122p","status":"publish","type":"product","link":"https:\/\/butikhome.pl\/index.php\/produkt\/figi-zuza-1122p\/","title":{"rendered":"Figi Zuza 1122P"},"content":{"rendered":"<p>    -Majteczki o komfortowym kroju<br \/>\n    -Majteczki typu figi<br \/>\n    -Pakowany w pude\u0142ko<br \/>\n    -Produkt polski<br \/>\n    -Przyjemna w dotyku, mi\u0119kka dzianina\/tkanina<br \/>\n    -Siateczkowe zdobienia<br \/>\n    -W pasie ozdobna kokardka<br \/>\n    -Wewn\u0105trz bawe\u0142niana wk\u0142adka<br \/>\n    -Wysoka jako\u015b\u0107<br \/>\n    -Bawe\u0142na: 5%<br \/>\n    -Elastan: 19%<br \/>\n    -Poliamid: 76%<\/p>\n","protected":false},"excerpt":{"rendered":"<p>-Majteczki o komfortowym kroju -Majteczki typu figi -Pakowany w pude\u0142ko -Produkt polski -Przyjemna w dotyku, mi\u0119kka dzianina\/tkanina -Siateczkowe zdobienia -W pasie ozdobna kokardka -Wewn\u0105trz bawe\u0142niana wk\u0142adka -Wysoka jako\u015b\u0107 -Bawe\u0142na: 5% -Elastan: 19% -Poliamid: 76%<\/p>\n","protected":false},"featured_media":15748,"comment_status":"open","ping_status":"closed","template":"","meta":[],"product_brand":[],"product_cat":[29,48,24,43],"product_tag":[768,2263,2262,1603,253,1297,1078,1679,665,2264,1398,1305,301],"class_list":{"0":"post-14009","1":"product","2":"type-product","3":"status-publish","4":"has-post-thumbnail","6":"product_cat-bielizna","7":"product_cat-majtki-podkategoria-do-bielizny","8":"product_cat-produkty","9":"product_cat-2xl","10":"product_tag-6-xxl","11":"product_tag-brazowy","12":"product_tag-figi-zuza-1122p-brazowy","13":"product_tag-gaia","14":"product_tag-komfortowy-kroj","15":"product_tag-pakowane-w-pudelko","16":"product_tag-polski-produkt","17":"product_tag-przyjemna-w-dotyku-miekka-dzianina-tkanina","18":"product_tag-siateczkowe-zdobienia","19":"product_tag-typu-figi","20":"product_tag-w-pasie-ozdobna-kokardka","21":"product_tag-wewnatrz-bawelniana-wkladka","22":"product_tag-wysoka-jakosc","24":"first","25":"instock","26":"taxable","27":"shipping-taxable","28":"purchasable","29":"product-type-simple"},"_links":{"self":[{"href":"https:\/\/butikhome.pl\/index.php\/wp-json\/wp\/v2\/product\/14009","targetHints":{"allow":["GET"]}}],"collection":[{"href":"https:\/\/butikhome.pl\/index.php\/wp-json\/wp\/v2\/product"}],"about":[{"href":"https:\/\/butikhome.pl\/index.php\/wp-json\/wp\/v2\/types\/product"}],"replies":[{"embeddable":true,"href":"https:\/\/butikhome.pl\/index.php\/wp-json\/wp\/v2\/comments?post=14009"}],"wp:featuredmedia":[{"embeddable":true,"href":"https:\/\/butikhome.pl\/index.php\/wp-json\/wp\/v2\/media\/15748"}],"wp:attachment":[{"href":"https:\/\/butikhome.pl\/index.php\/wp-json\/wp\/v2\/media?parent=14009"}],"wp:term":[{"taxonomy":"product_brand","embeddable":true,"href":"https:\/\/butikhome.pl\/index.php\/wp-json\/wp\/v2\/product_brand?post=14009"},{"taxonomy":"product_cat","embeddable":true,"href":"https:\/\/butikhome.pl\/index.php\/wp-json\/wp\/v2\/product_cat?post=14009"},{"taxonomy":"product_tag","embeddable":true,"href":"https:\/\/butikhome.pl\/index.php\/wp-json\/wp\/v2\/product_tag?post=14009"}],"curies":[{"name":"wp","href":"https:\/\/api.w.org\/{rel}","templated":true}]}}