{"id":14024,"date":"2023-03-29T18:55:19","date_gmt":"2023-03-29T16:55:19","guid":{"rendered":"https:\/\/butikhome.pl\/index.php\/produkt\/figi-andrea-136\/"},"modified":"2023-06-05T13:04:36","modified_gmt":"2023-06-05T11:04:36","slug":"figi-andrea-136","status":"publish","type":"product","link":"https:\/\/butikhome.pl\/index.php\/produkt\/figi-andrea-136\/","title":{"rendered":"Figi Andrea 136"},"content":{"rendered":"<p>Wygodne figi damskie wykonane z bawe\u0142ny. Kr\u00f3j podwy\u017cszony, pi\u0119kne koronkowe wstawki. Wysoka jako\u015b\u0107 dzianiny bawe\u0142nianej. Sk\u0142ad: 95% bawe\u0142na, 5% elastan.<\/p>\n","protected":false},"excerpt":{"rendered":"<p>Wygodne figi damskie wykonane z bawe\u0142ny. Kr\u00f3j podwy\u017cszony, pi\u0119kne koronkowe wstawki. Wysoka jako\u015b\u0107 dzianiny bawe\u0142nianej. Sk\u0142ad: 95% bawe\u0142na, 5% elastan.<\/p>\n","protected":false},"featured_media":15407,"comment_status":"open","ping_status":"closed","template":"","meta":[],"product_brand":[],"product_cat":[48,24,41,40,42,43],"product_tag":[709,710,736,768,169,408,1466,286,199,475,388,282,120,301],"class_list":{"0":"post-14024","1":"product","2":"type-product","3":"status-publish","4":"has-post-thumbnail","6":"product_cat-majtki-podkategoria-do-bielizny","7":"product_cat-produkty","8":"product_cat-l","9":"product_cat-m","10":"product_cat-xl","11":"product_cat-2xl","12":"product_tag-3-m","13":"product_tag-4-l","14":"product_tag-5-xl","15":"product_tag-6-xxl","16":"product_tag-bawelniane-figi","17":"product_tag-biale","18":"product_tag-figi-andrea-136-biale","19":"product_tag-klasyczny-kroj","20":"product_tag-koronkowe-wstawki","21":"product_tag-podwyzszony-stan","22":"product_tag-produkt-polski","23":"product_tag-tyl-gladki","24":"product_tag-wygodne","25":"product_tag-wysoka-jakosc","27":"first","28":"instock","29":"taxable","30":"shipping-taxable","31":"purchasable","32":"product-type-simple"},"_links":{"self":[{"href":"https:\/\/butikhome.pl\/index.php\/wp-json\/wp\/v2\/product\/14024","targetHints":{"allow":["GET"]}}],"collection":[{"href":"https:\/\/butikhome.pl\/index.php\/wp-json\/wp\/v2\/product"}],"about":[{"href":"https:\/\/butikhome.pl\/index.php\/wp-json\/wp\/v2\/types\/product"}],"replies":[{"embeddable":true,"href":"https:\/\/butikhome.pl\/index.php\/wp-json\/wp\/v2\/comments?post=14024"}],"wp:featuredmedia":[{"embeddable":true,"href":"https:\/\/butikhome.pl\/index.php\/wp-json\/wp\/v2\/media\/15407"}],"wp:attachment":[{"href":"https:\/\/butikhome.pl\/index.php\/wp-json\/wp\/v2\/media?parent=14024"}],"wp:term":[{"taxonomy":"product_brand","embeddable":true,"href":"https:\/\/butikhome.pl\/index.php\/wp-json\/wp\/v2\/product_brand?post=14024"},{"taxonomy":"product_cat","embeddable":true,"href":"https:\/\/butikhome.pl\/index.php\/wp-json\/wp\/v2\/product_cat?post=14024"},{"taxonomy":"product_tag","embeddable":true,"href":"https:\/\/butikhome.pl\/index.php\/wp-json\/wp\/v2\/product_tag?post=14024"}],"curies":[{"name":"wp","href":"https:\/\/api.w.org\/{rel}","templated":true}]}}