{"id":14035,"date":"2023-03-29T18:55:45","date_gmt":"2023-03-29T16:55:45","guid":{"rendered":"https:\/\/butikhome.pl\/index.php\/produkt\/figi-astra-100\/"},"modified":"2023-06-02T12:38:45","modified_gmt":"2023-06-02T10:38:45","slug":"figi-astra-100","status":"publish","type":"product","link":"https:\/\/butikhome.pl\/index.php\/produkt\/figi-astra-100\/","title":{"rendered":"Figi Astra 100"},"content":{"rendered":"<p>Klasyczne figi wykonane z bawe\u0142ny. Z pi\u0119knym, koronkowym dope\u0142nieniem widocznym na boku. Sk\u0142ad: 95% bawe\u0142na, 5% elastan. <\/p>\n","protected":false},"excerpt":{"rendered":"<p>Klasyczne figi wykonane z bawe\u0142ny. Z pi\u0119knym, koronkowym dope\u0142nieniem widocznym na boku. Sk\u0142ad: 95% bawe\u0142na, 5% elastan.<\/p>\n","protected":false},"featured_media":15406,"comment_status":"open","ping_status":"closed","template":"","meta":[],"product_brand":[],"product_cat":[48,24,41,40,42,43,44],"product_tag":[709,710,736,768,1368,169,408,1465,648,260,125,321,199,486],"class_list":{"0":"post-14035","1":"product","2":"type-product","3":"status-publish","4":"has-post-thumbnail","6":"product_cat-majtki-podkategoria-do-bielizny","7":"product_cat-produkty","8":"product_cat-l","9":"product_cat-m","10":"product_cat-xl","11":"product_cat-2xl","12":"product_cat-3xl","13":"product_tag-3-m","14":"product_tag-4-l","15":"product_tag-5-xl","16":"product_tag-6-xxl","17":"product_tag-7-xxxl","18":"product_tag-bawelniane-figi","19":"product_tag-biale","20":"product_tag-figi-astra-100-biale","21":"product_tag-gabidar","22":"product_tag-gladki-przod","23":"product_tag-gladki-tyl","24":"product_tag-klasyczny-fason","25":"product_tag-koronkowe-wstawki","26":"product_tag-wyzszy-fason","28":"first","29":"instock","30":"taxable","31":"shipping-taxable","32":"purchasable","33":"product-type-simple"},"_links":{"self":[{"href":"https:\/\/butikhome.pl\/index.php\/wp-json\/wp\/v2\/product\/14035","targetHints":{"allow":["GET"]}}],"collection":[{"href":"https:\/\/butikhome.pl\/index.php\/wp-json\/wp\/v2\/product"}],"about":[{"href":"https:\/\/butikhome.pl\/index.php\/wp-json\/wp\/v2\/types\/product"}],"replies":[{"embeddable":true,"href":"https:\/\/butikhome.pl\/index.php\/wp-json\/wp\/v2\/comments?post=14035"}],"wp:featuredmedia":[{"embeddable":true,"href":"https:\/\/butikhome.pl\/index.php\/wp-json\/wp\/v2\/media\/15406"}],"wp:attachment":[{"href":"https:\/\/butikhome.pl\/index.php\/wp-json\/wp\/v2\/media?parent=14035"}],"wp:term":[{"taxonomy":"product_brand","embeddable":true,"href":"https:\/\/butikhome.pl\/index.php\/wp-json\/wp\/v2\/product_brand?post=14035"},{"taxonomy":"product_cat","embeddable":true,"href":"https:\/\/butikhome.pl\/index.php\/wp-json\/wp\/v2\/product_cat?post=14035"},{"taxonomy":"product_tag","embeddable":true,"href":"https:\/\/butikhome.pl\/index.php\/wp-json\/wp\/v2\/product_tag?post=14035"}],"curies":[{"name":"wp","href":"https:\/\/api.w.org\/{rel}","templated":true}]}}