{"id":14050,"date":"2023-03-29T18:56:24","date_gmt":"2023-03-29T16:56:24","guid":{"rendered":"https:\/\/butikhome.pl\/index.php\/produkt\/figi-beatrice-153-biale\/"},"modified":"2023-06-02T12:08:05","modified_gmt":"2023-06-02T10:08:05","slug":"figi-beatrice-153-biale","status":"publish","type":"product","link":"https:\/\/butikhome.pl\/index.php\/produkt\/figi-beatrice-153-biale\/","title":{"rendered":"Figi Beatrice 153 Bia\u0142e"},"content":{"rendered":"<p>Kwieciste, koronkowe boki i g\u0142adki prz\u00f3d, a do tego fason typu biodr\u00f3wka. Oto bardzo kobiece, bawe\u0142niane figi Beatrice. Sk\u0142ad: 95% bawe\u0142na, 5% elastan.<\/p>\n","protected":false},"excerpt":{"rendered":"<p>Kwieciste, koronkowe boki i g\u0142adki prz\u00f3d, a do tego fason typu biodr\u00f3wka. Oto bardzo kobiece, bawe\u0142niane figi Beatrice. Sk\u0142ad: 95% bawe\u0142na, 5% elastan.<\/p>\n","protected":false},"featured_media":15405,"comment_status":"open","ping_status":"closed","template":"","meta":[],"product_brand":[],"product_cat":[48,24,41,40,39,42],"product_tag":[708,709,710,736,169,408,440,1463,648,260,81,397,1464,1078],"class_list":{"0":"post-14050","1":"product","2":"type-product","3":"status-publish","4":"has-post-thumbnail","6":"product_cat-majtki-podkategoria-do-bielizny","7":"product_cat-produkty","8":"product_cat-l","9":"product_cat-m","10":"product_cat-s","11":"product_cat-xl","12":"product_tag-2-s","13":"product_tag-3-m","14":"product_tag-4-l","15":"product_tag-5-xl","16":"product_tag-bawelniane-figi","17":"product_tag-biale","18":"product_tag-fason-typu-biodrowki","19":"product_tag-figi-beatrice-153-biale","20":"product_tag-gabidar","21":"product_tag-gladki-przod","22":"product_tag-kobiece","23":"product_tag-koronkowe-boki","24":"product_tag-kwieciste-wstawki","25":"product_tag-polski-produkt","27":"first","28":"instock","29":"taxable","30":"shipping-taxable","31":"purchasable","32":"product-type-simple"},"_links":{"self":[{"href":"https:\/\/butikhome.pl\/index.php\/wp-json\/wp\/v2\/product\/14050","targetHints":{"allow":["GET"]}}],"collection":[{"href":"https:\/\/butikhome.pl\/index.php\/wp-json\/wp\/v2\/product"}],"about":[{"href":"https:\/\/butikhome.pl\/index.php\/wp-json\/wp\/v2\/types\/product"}],"replies":[{"embeddable":true,"href":"https:\/\/butikhome.pl\/index.php\/wp-json\/wp\/v2\/comments?post=14050"}],"wp:featuredmedia":[{"embeddable":true,"href":"https:\/\/butikhome.pl\/index.php\/wp-json\/wp\/v2\/media\/15405"}],"wp:attachment":[{"href":"https:\/\/butikhome.pl\/index.php\/wp-json\/wp\/v2\/media?parent=14050"}],"wp:term":[{"taxonomy":"product_brand","embeddable":true,"href":"https:\/\/butikhome.pl\/index.php\/wp-json\/wp\/v2\/product_brand?post=14050"},{"taxonomy":"product_cat","embeddable":true,"href":"https:\/\/butikhome.pl\/index.php\/wp-json\/wp\/v2\/product_cat?post=14050"},{"taxonomy":"product_tag","embeddable":true,"href":"https:\/\/butikhome.pl\/index.php\/wp-json\/wp\/v2\/product_tag?post=14050"}],"curies":[{"name":"wp","href":"https:\/\/api.w.org\/{rel}","templated":true}]}}