{"id":14054,"date":"2023-03-29T18:56:30","date_gmt":"2023-03-29T16:56:30","guid":{"rendered":"https:\/\/butikhome.pl\/index.php\/produkt\/figi-beatrice-153-czarne\/"},"modified":"2023-06-02T11:52:39","modified_gmt":"2023-06-02T09:52:39","slug":"figi-beatrice-153-czarne","status":"publish","type":"product","link":"https:\/\/butikhome.pl\/index.php\/produkt\/figi-beatrice-153-czarne\/","title":{"rendered":"Figi Beatrice 153 Czarne"},"content":{"rendered":"<p>Kwieciste, koronkowe boki i g\u0142adki prz\u00f3d, a do tego fason typu biodr\u00f3wka. Oto bardzo kobiece, bawe\u0142niane figi Beatrice. Sk\u0142ad: 95% bawe\u0142na, 5% elastan. <\/p>\n","protected":false},"excerpt":{"rendered":"<p>Kwieciste, koronkowe boki i g\u0142adki prz\u00f3d, a do tego fason typu biodr\u00f3wka. Oto bardzo kobiece, bawe\u0142niane figi Beatrice. Sk\u0142ad: 95% bawe\u0142na, 5% elastan.<\/p>\n","protected":false},"featured_media":15404,"comment_status":"open","ping_status":"closed","template":"","meta":[],"product_brand":[],"product_cat":[48,24,41,40,39,42],"product_tag":[708,709,710,736,70,52,440,1462,648,260,81,1460,397,505,388],"class_list":{"0":"post-14054","1":"product","2":"type-product","3":"status-publish","4":"has-post-thumbnail","6":"product_cat-majtki-podkategoria-do-bielizny","7":"product_cat-produkty","8":"product_cat-l","9":"product_cat-m","10":"product_cat-s","11":"product_cat-xl","12":"product_tag-2-s","13":"product_tag-3-m","14":"product_tag-4-l","15":"product_tag-5-xl","16":"product_tag-bawelniane","17":"product_tag-czarne","18":"product_tag-fason-typu-biodrowki","19":"product_tag-figi-beatrice-153-czarne","20":"product_tag-gabidar","21":"product_tag-gladki-przod","22":"product_tag-kobiece","23":"product_tag-koronkowa-wstawka","24":"product_tag-koronkowe-boki","25":"product_tag-kwiecista-koronka","26":"product_tag-produkt-polski","28":"first","29":"instock","30":"taxable","31":"shipping-taxable","32":"purchasable","33":"product-type-simple"},"_links":{"self":[{"href":"https:\/\/butikhome.pl\/index.php\/wp-json\/wp\/v2\/product\/14054","targetHints":{"allow":["GET"]}}],"collection":[{"href":"https:\/\/butikhome.pl\/index.php\/wp-json\/wp\/v2\/product"}],"about":[{"href":"https:\/\/butikhome.pl\/index.php\/wp-json\/wp\/v2\/types\/product"}],"replies":[{"embeddable":true,"href":"https:\/\/butikhome.pl\/index.php\/wp-json\/wp\/v2\/comments?post=14054"}],"wp:featuredmedia":[{"embeddable":true,"href":"https:\/\/butikhome.pl\/index.php\/wp-json\/wp\/v2\/media\/15404"}],"wp:attachment":[{"href":"https:\/\/butikhome.pl\/index.php\/wp-json\/wp\/v2\/media?parent=14054"}],"wp:term":[{"taxonomy":"product_brand","embeddable":true,"href":"https:\/\/butikhome.pl\/index.php\/wp-json\/wp\/v2\/product_brand?post=14054"},{"taxonomy":"product_cat","embeddable":true,"href":"https:\/\/butikhome.pl\/index.php\/wp-json\/wp\/v2\/product_cat?post=14054"},{"taxonomy":"product_tag","embeddable":true,"href":"https:\/\/butikhome.pl\/index.php\/wp-json\/wp\/v2\/product_tag?post=14054"}],"curies":[{"name":"wp","href":"https:\/\/api.w.org\/{rel}","templated":true}]}}