{"id":14061,"date":"2023-03-29T18:56:44","date_gmt":"2023-03-29T16:56:44","guid":{"rendered":"https:\/\/butikhome.pl\/index.php\/produkt\/figi-bess-126-czarne\/"},"modified":"2023-06-02T11:35:14","modified_gmt":"2023-06-02T09:35:14","slug":"figi-bess-126-czarne","status":"publish","type":"product","link":"https:\/\/butikhome.pl\/index.php\/produkt\/figi-bess-126-czarne\/","title":{"rendered":"Figi Bess 126 Czarne"},"content":{"rendered":"<p>Wygodne, nieco wy\u017csze w stanie, bawe\u0142niane figi, znanej marki Gabidar. Propozycja dla Pa\u0144 ceni\u0105cych sobie klasyczne projekty. Prz\u00f3d uzupe\u0142niony koronkow\u0105 wstawk\u0105. Sk\u0142ad: 95% bawe\u0142na, 5% elastan. <\/p>\n","protected":false},"excerpt":{"rendered":"<p>Wygodne, nieco wy\u017csze w stanie, bawe\u0142niane figi, znanej marki Gabidar. Propozycja dla Pa\u0144 ceni\u0105cych sobie klasyczne projekty. Prz\u00f3d uzupe\u0142niony koronkow\u0105 wstawk\u0105. Sk\u0142ad: 95% bawe\u0142na, 5% elastan.<\/p>\n","protected":false},"featured_media":15401,"comment_status":"open","ping_status":"closed","template":"","meta":[],"product_brand":[],"product_cat":[48,24,41,40,42,43],"product_tag":[709,710,736,768,169,52,1459,648,125,321,1460,158,1078,65],"class_list":{"0":"post-14061","1":"product","2":"type-product","3":"status-publish","4":"has-post-thumbnail","6":"product_cat-majtki-podkategoria-do-bielizny","7":"product_cat-produkty","8":"product_cat-l","9":"product_cat-m","10":"product_cat-xl","11":"product_cat-2xl","12":"product_tag-3-m","13":"product_tag-4-l","14":"product_tag-5-xl","15":"product_tag-6-xxl","16":"product_tag-bawelniane-figi","17":"product_tag-czarne","18":"product_tag-figi-bess-126-czarne","19":"product_tag-gabidar","20":"product_tag-gladki-tyl","21":"product_tag-klasyczny-fason","22":"product_tag-koronkowa-wstawka","23":"product_tag-koronkowy-przod","24":"product_tag-polski-produkt","25":"product_tag-wyzszy-stan","27":"first","28":"instock","29":"taxable","30":"shipping-taxable","31":"purchasable","32":"product-type-simple"},"_links":{"self":[{"href":"https:\/\/butikhome.pl\/index.php\/wp-json\/wp\/v2\/product\/14061","targetHints":{"allow":["GET"]}}],"collection":[{"href":"https:\/\/butikhome.pl\/index.php\/wp-json\/wp\/v2\/product"}],"about":[{"href":"https:\/\/butikhome.pl\/index.php\/wp-json\/wp\/v2\/types\/product"}],"replies":[{"embeddable":true,"href":"https:\/\/butikhome.pl\/index.php\/wp-json\/wp\/v2\/comments?post=14061"}],"wp:featuredmedia":[{"embeddable":true,"href":"https:\/\/butikhome.pl\/index.php\/wp-json\/wp\/v2\/media\/15401"}],"wp:attachment":[{"href":"https:\/\/butikhome.pl\/index.php\/wp-json\/wp\/v2\/media?parent=14061"}],"wp:term":[{"taxonomy":"product_brand","embeddable":true,"href":"https:\/\/butikhome.pl\/index.php\/wp-json\/wp\/v2\/product_brand?post=14061"},{"taxonomy":"product_cat","embeddable":true,"href":"https:\/\/butikhome.pl\/index.php\/wp-json\/wp\/v2\/product_cat?post=14061"},{"taxonomy":"product_tag","embeddable":true,"href":"https:\/\/butikhome.pl\/index.php\/wp-json\/wp\/v2\/product_tag?post=14061"}],"curies":[{"name":"wp","href":"https:\/\/api.w.org\/{rel}","templated":true}]}}