{"id":14072,"date":"2023-03-29T18:57:07","date_gmt":"2023-03-29T16:57:07","guid":{"rendered":"https:\/\/butikhome.pl\/index.php\/produkt\/figi-beverly-156-biale\/"},"modified":"2023-06-02T10:38:41","modified_gmt":"2023-06-02T08:38:41","slug":"figi-beverly-156-biale","status":"publish","type":"product","link":"https:\/\/butikhome.pl\/index.php\/produkt\/figi-beverly-156-biale\/","title":{"rendered":"Figi Beverly 156 Bia\u0142e"},"content":{"rendered":"<p>Subtelne figi wykonane z po\u0142\u0105czenia kwiecistej, elastycznej koronki i g\u0142adkiej bawe\u0142ny. G\u00f3ra koronkowa, z lekkim efektem prze\u015bwitu. D\u00f3\u0142 kryj\u0105cy, zdobiony kokardk\u0105 z przodu. Sk\u0142ad: 95% bawe\u0142na, 5% elastan.<\/p>\n","protected":false},"excerpt":{"rendered":"<p>Subtelne figi wykonane z po\u0142\u0105czenia kwiecistej, elastycznej koronki i g\u0142adkiej bawe\u0142ny. G\u00f3ra koronkowa, z lekkim efektem prze\u015bwitu. D\u00f3\u0142 kryj\u0105cy, zdobiony kokardk\u0105 z przodu. Sk\u0142ad: 95% bawe\u0142na, 5% elastan.<\/p>\n","protected":false},"featured_media":15399,"comment_status":"open","ping_status":"closed","template":"","meta":[],"product_brand":[],"product_cat":[48,24,41,40,39,42],"product_tag":[708,709,710,736,408,1457,328,1455,648,1456,1367,505,388,188],"class_list":{"0":"post-14072","1":"product","2":"type-product","3":"status-publish","4":"has-post-thumbnail","6":"product_cat-majtki-podkategoria-do-bielizny","7":"product_cat-produkty","8":"product_cat-l","9":"product_cat-m","10":"product_cat-s","11":"product_cat-xl","12":"product_tag-2-s","13":"product_tag-3-m","14":"product_tag-4-l","15":"product_tag-5-xl","16":"product_tag-biale","17":"product_tag-dol-kryjacy","18":"product_tag-efekt-przeswitu","19":"product_tag-figi-beverly-156-biale","20":"product_tag-gabidar","21":"product_tag-gladka-bawelna","22":"product_tag-gora-koronkowa","23":"product_tag-kwiecista-koronka","24":"product_tag-produkt-polski","25":"product_tag-subtelne","27":"first","28":"instock","29":"taxable","30":"shipping-taxable","31":"purchasable","32":"product-type-simple"},"_links":{"self":[{"href":"https:\/\/butikhome.pl\/index.php\/wp-json\/wp\/v2\/product\/14072","targetHints":{"allow":["GET"]}}],"collection":[{"href":"https:\/\/butikhome.pl\/index.php\/wp-json\/wp\/v2\/product"}],"about":[{"href":"https:\/\/butikhome.pl\/index.php\/wp-json\/wp\/v2\/types\/product"}],"replies":[{"embeddable":true,"href":"https:\/\/butikhome.pl\/index.php\/wp-json\/wp\/v2\/comments?post=14072"}],"wp:featuredmedia":[{"embeddable":true,"href":"https:\/\/butikhome.pl\/index.php\/wp-json\/wp\/v2\/media\/15399"}],"wp:attachment":[{"href":"https:\/\/butikhome.pl\/index.php\/wp-json\/wp\/v2\/media?parent=14072"}],"wp:term":[{"taxonomy":"product_brand","embeddable":true,"href":"https:\/\/butikhome.pl\/index.php\/wp-json\/wp\/v2\/product_brand?post=14072"},{"taxonomy":"product_cat","embeddable":true,"href":"https:\/\/butikhome.pl\/index.php\/wp-json\/wp\/v2\/product_cat?post=14072"},{"taxonomy":"product_tag","embeddable":true,"href":"https:\/\/butikhome.pl\/index.php\/wp-json\/wp\/v2\/product_tag?post=14072"}],"curies":[{"name":"wp","href":"https:\/\/api.w.org\/{rel}","templated":true}]}}