{"id":14080,"date":"2023-03-29T18:57:24","date_gmt":"2023-03-29T16:57:24","guid":{"rendered":"https:\/\/butikhome.pl\/index.php\/produkt\/figi-bijou-109-biale\/"},"modified":"2023-06-01T14:18:22","modified_gmt":"2023-06-01T12:18:22","slug":"figi-bijou-109-biale","status":"publish","type":"product","link":"https:\/\/butikhome.pl\/index.php\/produkt\/figi-bijou-109-biale\/","title":{"rendered":"Figi Bijou 109 Bia\u0142e"},"content":{"rendered":"<p>Zjawiskowe figi &#8211; g\u0142adkie z ty\u0142u i uroczo koronkowe z przodu. Koronka typu siateczka, dope\u0142niona \u015blicznym, kwiecistym haftem widocznym bli\u017cej \u015brodka bielizny, z delikatnym efektem prze\u015bwitu. U g\u00f3ry ma\u0142a kokardka. Sk\u0142ad: 95% bawe\u0142na, 5% elastan.<\/p>\n","protected":false},"excerpt":{"rendered":"<p>Zjawiskowe figi &#8211; g\u0142adkie z ty\u0142u i uroczo koronkowe z przodu. Koronka typu siateczka, dope\u0142niona \u015blicznym, kwiecistym haftem widocznym bli\u017cej \u015brodka bielizny, z delikatnym efektem prze\u015bwitu. U g\u00f3ry ma\u0142a kokardka. Sk\u0142ad: 95% bawe\u0142na, 5% elastan.<\/p>\n","protected":false},"featured_media":15396,"comment_status":"open","ping_status":"closed","template":"","meta":[],"product_brand":[],"product_cat":[48,24,41,40,39,42],"product_tag":[708,709,710,736,70,408,1450,1452,648,1446,81,1453,1449,386,272],"class_list":{"0":"post-14080","1":"product","2":"type-product","3":"status-publish","4":"has-post-thumbnail","6":"product_cat-majtki-podkategoria-do-bielizny","7":"product_cat-produkty","8":"product_cat-l","9":"product_cat-m","10":"product_cat-s","11":"product_cat-xl","12":"product_tag-2-s","13":"product_tag-3-m","14":"product_tag-4-l","15":"product_tag-5-xl","16":"product_tag-bawelniane","17":"product_tag-biale","18":"product_tag-delikatny-efekt-przeswitu","19":"product_tag-figi-bijou-109-biale","20":"product_tag-gabidar","21":"product_tag-gladkie-z-tylu","22":"product_tag-kobiece","23":"product_tag-koronka-siateczkowa","24":"product_tag-kwiecisty-haft","25":"product_tag-majteczki-typu-figi","26":"product_tag-seksowne","28":"first","29":"instock","30":"taxable","31":"shipping-taxable","32":"purchasable","33":"product-type-simple"},"_links":{"self":[{"href":"https:\/\/butikhome.pl\/index.php\/wp-json\/wp\/v2\/product\/14080","targetHints":{"allow":["GET"]}}],"collection":[{"href":"https:\/\/butikhome.pl\/index.php\/wp-json\/wp\/v2\/product"}],"about":[{"href":"https:\/\/butikhome.pl\/index.php\/wp-json\/wp\/v2\/types\/product"}],"replies":[{"embeddable":true,"href":"https:\/\/butikhome.pl\/index.php\/wp-json\/wp\/v2\/comments?post=14080"}],"wp:featuredmedia":[{"embeddable":true,"href":"https:\/\/butikhome.pl\/index.php\/wp-json\/wp\/v2\/media\/15396"}],"wp:attachment":[{"href":"https:\/\/butikhome.pl\/index.php\/wp-json\/wp\/v2\/media?parent=14080"}],"wp:term":[{"taxonomy":"product_brand","embeddable":true,"href":"https:\/\/butikhome.pl\/index.php\/wp-json\/wp\/v2\/product_brand?post=14080"},{"taxonomy":"product_cat","embeddable":true,"href":"https:\/\/butikhome.pl\/index.php\/wp-json\/wp\/v2\/product_cat?post=14080"},{"taxonomy":"product_tag","embeddable":true,"href":"https:\/\/butikhome.pl\/index.php\/wp-json\/wp\/v2\/product_tag?post=14080"}],"curies":[{"name":"wp","href":"https:\/\/api.w.org\/{rel}","templated":true}]}}