{"id":14084,"date":"2023-03-29T18:57:31","date_gmt":"2023-03-29T16:57:31","guid":{"rendered":"https:\/\/butikhome.pl\/index.php\/produkt\/figi-bijou-109-czarne\/"},"modified":"2023-06-01T13:58:18","modified_gmt":"2023-06-01T11:58:18","slug":"figi-bijou-109-czarne","status":"publish","type":"product","link":"https:\/\/butikhome.pl\/index.php\/produkt\/figi-bijou-109-czarne\/","title":{"rendered":"Figi Bijou 109 Czarne"},"content":{"rendered":"<p>Zjawiskowe figi &#8211; g\u0142adkie z ty\u0142u i uroczo koronkowe z przodu. Koronka typu siateczka, dope\u0142niona \u015blicznym, kwiecistym haftem widocznym bli\u017cej \u015brodka bielizny, z delikatnym efektem prze\u015bwitu. U g\u00f3ry ma\u0142a kokardka. Sk\u0142ad: 95% bawe\u0142na, 5% elastan.<\/p>\n","protected":false},"excerpt":{"rendered":"<p>Zjawiskowe figi &#8211; g\u0142adkie z ty\u0142u i uroczo koronkowe z przodu. Koronka typu siateczka, dope\u0142niona \u015blicznym, kwiecistym haftem widocznym bli\u017cej \u015brodka bielizny, z delikatnym efektem prze\u015bwitu. U g\u00f3ry ma\u0142a kokardka. Sk\u0142ad: 95% bawe\u0142na, 5% elastan.<\/p>\n","protected":false},"featured_media":15395,"comment_status":"open","ping_status":"closed","template":"","meta":[],"product_brand":[],"product_cat":[48,24,41,40,39,42],"product_tag":[708,709,710,736,70,52,1450,1445,648,1446,81,1447,206,1449,57,1451,388,272,1448],"class_list":{"0":"post-14084","1":"product","2":"type-product","3":"status-publish","4":"has-post-thumbnail","6":"product_cat-majtki-podkategoria-do-bielizny","7":"product_cat-produkty","8":"product_cat-l","9":"product_cat-m","10":"product_cat-s","11":"product_cat-xl","12":"product_tag-2-s","13":"product_tag-3-m","14":"product_tag-4-l","15":"product_tag-5-xl","16":"product_tag-bawelniane","17":"product_tag-czarne","18":"product_tag-delikatny-efekt-przeswitu","19":"product_tag-figi-bijou-109-czarne","20":"product_tag-gabidar","21":"product_tag-gladkie-z-tylu","22":"product_tag-kobiece","23":"product_tag-koronkowe-z-przodu","24":"product_tag-koronkowe-zdobienia","25":"product_tag-kwiecisty-haft","26":"product_tag-majtki-typu-figi","27":"product_tag-mala-kokardka","28":"product_tag-produkt-polski","29":"product_tag-seksowne","30":"product_tag-siateczkowa-koronka","32":"first","33":"instock","34":"taxable","35":"shipping-taxable","36":"purchasable","37":"product-type-simple"},"_links":{"self":[{"href":"https:\/\/butikhome.pl\/index.php\/wp-json\/wp\/v2\/product\/14084","targetHints":{"allow":["GET"]}}],"collection":[{"href":"https:\/\/butikhome.pl\/index.php\/wp-json\/wp\/v2\/product"}],"about":[{"href":"https:\/\/butikhome.pl\/index.php\/wp-json\/wp\/v2\/types\/product"}],"replies":[{"embeddable":true,"href":"https:\/\/butikhome.pl\/index.php\/wp-json\/wp\/v2\/comments?post=14084"}],"wp:featuredmedia":[{"embeddable":true,"href":"https:\/\/butikhome.pl\/index.php\/wp-json\/wp\/v2\/media\/15395"}],"wp:attachment":[{"href":"https:\/\/butikhome.pl\/index.php\/wp-json\/wp\/v2\/media?parent=14084"}],"wp:term":[{"taxonomy":"product_brand","embeddable":true,"href":"https:\/\/butikhome.pl\/index.php\/wp-json\/wp\/v2\/product_brand?post=14084"},{"taxonomy":"product_cat","embeddable":true,"href":"https:\/\/butikhome.pl\/index.php\/wp-json\/wp\/v2\/product_cat?post=14084"},{"taxonomy":"product_tag","embeddable":true,"href":"https:\/\/butikhome.pl\/index.php\/wp-json\/wp\/v2\/product_tag?post=14084"}],"curies":[{"name":"wp","href":"https:\/\/api.w.org\/{rel}","templated":true}]}}