{"id":14096,"date":"2023-03-29T18:57:55","date_gmt":"2023-03-29T16:57:55","guid":{"rendered":"https:\/\/butikhome.pl\/index.php\/produkt\/figi-britney-124\/"},"modified":"2023-05-30T15:39:27","modified_gmt":"2023-05-30T13:39:27","slug":"figi-britney-124","status":"publish","type":"product","link":"https:\/\/butikhome.pl\/index.php\/produkt\/figi-britney-124\/","title":{"rendered":"Figi Britney 124"},"content":{"rendered":"<p>Stylowe figi, kt\u00f3re optycznie wygl\u0105daj\u0105 na nieco ni\u017csze, ni\u017c s\u0105 w rzeczywisto\u015bci. Koronkowa g\u00f3ra lekko prze\u015bwituje, przez co dodaje bieli\u017anie lekko\u015bci. D\u00f3\u0142 to mi\u0119kka, elastyczna bawe\u0142na wysokiej jako\u015bci. Sk\u0142ad: 95% bawe\u0142na, 5% elastan.<\/p>\n","protected":false},"excerpt":{"rendered":"<p>Stylowe figi, kt\u00f3re optycznie wygl\u0105daj\u0105 na nieco ni\u017csze, ni\u017c s\u0105 w rzeczywisto\u015bci. Koronkowa g\u00f3ra lekko prze\u015bwituje, przez co dodaje bieli\u017anie lekko\u015bci. D\u00f3\u0142 to mi\u0119kka, elastyczna bawe\u0142na wysokiej jako\u015bci. Sk\u0142ad: 95% bawe\u0142na, 5% elastan.<\/p>\n","protected":false},"featured_media":15390,"comment_status":"open","ping_status":"closed","template":"","meta":[],"product_brand":[],"product_cat":[48,24,42,43,44],"product_tag":[736,768,1368,1338,70,408,1440,648,286,1441,206,1442,386,1078,301,65],"class_list":{"0":"post-14096","1":"product","2":"type-product","3":"status-publish","4":"has-post-thumbnail","6":"product_cat-majtki-podkategoria-do-bielizny","7":"product_cat-produkty","8":"product_cat-xl","9":"product_cat-2xl","10":"product_cat-3xl","11":"product_tag-5-xl","12":"product_tag-6-xxl","13":"product_tag-7-xxxl","14":"product_tag-bawelniana-wkladka","15":"product_tag-bawelniane","16":"product_tag-biale","17":"product_tag-figi-britney-124-biale","18":"product_tag-gabidar","19":"product_tag-klasyczny-kroj","20":"product_tag-koronkowa-gora","21":"product_tag-koronkowe-zdobienia","22":"product_tag-lekko-przeswitujaca-gora","23":"product_tag-majteczki-typu-figi","24":"product_tag-polski-produkt","25":"product_tag-wysoka-jakosc","26":"product_tag-wyzszy-stan","28":"first","29":"instock","30":"taxable","31":"shipping-taxable","32":"purchasable","33":"product-type-simple"},"_links":{"self":[{"href":"https:\/\/butikhome.pl\/index.php\/wp-json\/wp\/v2\/product\/14096","targetHints":{"allow":["GET"]}}],"collection":[{"href":"https:\/\/butikhome.pl\/index.php\/wp-json\/wp\/v2\/product"}],"about":[{"href":"https:\/\/butikhome.pl\/index.php\/wp-json\/wp\/v2\/types\/product"}],"replies":[{"embeddable":true,"href":"https:\/\/butikhome.pl\/index.php\/wp-json\/wp\/v2\/comments?post=14096"}],"wp:featuredmedia":[{"embeddable":true,"href":"https:\/\/butikhome.pl\/index.php\/wp-json\/wp\/v2\/media\/15390"}],"wp:attachment":[{"href":"https:\/\/butikhome.pl\/index.php\/wp-json\/wp\/v2\/media?parent=14096"}],"wp:term":[{"taxonomy":"product_brand","embeddable":true,"href":"https:\/\/butikhome.pl\/index.php\/wp-json\/wp\/v2\/product_brand?post=14096"},{"taxonomy":"product_cat","embeddable":true,"href":"https:\/\/butikhome.pl\/index.php\/wp-json\/wp\/v2\/product_cat?post=14096"},{"taxonomy":"product_tag","embeddable":true,"href":"https:\/\/butikhome.pl\/index.php\/wp-json\/wp\/v2\/product_tag?post=14096"}],"curies":[{"name":"wp","href":"https:\/\/api.w.org\/{rel}","templated":true}]}}