{"id":14110,"date":"2023-03-29T18:58:35","date_gmt":"2023-03-29T16:58:35","guid":{"rendered":"https:\/\/butikhome.pl\/index.php\/produkt\/figi-celine-158\/"},"modified":"2023-05-30T15:17:59","modified_gmt":"2023-05-30T13:17:59","slug":"figi-celine-158","status":"publish","type":"product","link":"https:\/\/butikhome.pl\/index.php\/produkt\/figi-celine-158\/","title":{"rendered":"Figi Celine 158"},"content":{"rendered":"<p>Wyj\u0105tkowa stylistyka &#8211; wygodne figi z pi\u0119knym, a\u017curowym woalem. Pnie si\u0119 on stylowo wzd\u0142u\u017c bioder. Figi optycznie wydaj\u0105 si\u0119 du\u017co l\u017cejsze ni\u017c w rzeczywisto\u015bci. Mo\u017cna odnie\u015b\u0107 wra\u017cenie, \u017ce nosisz stringi&#8230; Sk\u0142ad: 95% bawe\u0142na, 5% elastan. <\/p>\n","protected":false},"excerpt":{"rendered":"<p>Wyj\u0105tkowa stylistyka &#8211; wygodne figi z pi\u0119knym, a\u017curowym woalem. Pnie si\u0119 on stylowo wzd\u0142u\u017c bioder. Figi optycznie wydaj\u0105 si\u0119 du\u017co l\u017cejsze ni\u017c w rzeczywisto\u015bci. Mo\u017cna odnie\u015b\u0107 wra\u017cenie, \u017ce nosisz stringi&#8230; Sk\u0142ad: 95% bawe\u0142na, 5% elastan.<\/p>\n","protected":false},"featured_media":15389,"comment_status":"open","ping_status":"closed","template":"","meta":[],"product_brand":[],"product_cat":[48,24,41,40,39,42],"product_tag":[708,709,710,736,1439,408,1438,648,206,309,272,124],"class_list":{"0":"post-14110","1":"product","2":"type-product","3":"status-publish","4":"has-post-thumbnail","6":"product_cat-majtki-podkategoria-do-bielizny","7":"product_cat-produkty","8":"product_cat-l","9":"product_cat-m","10":"product_cat-s","11":"product_cat-xl","12":"product_tag-2-s","13":"product_tag-3-m","14":"product_tag-4-l","15":"product_tag-5-xl","16":"product_tag-azurowy-woal","17":"product_tag-biale","18":"product_tag-figi-celine-158-biale","19":"product_tag-gabidar","20":"product_tag-koronkowe-zdobienia","21":"product_tag-piekne-i-kobiece","22":"product_tag-seksowne","23":"product_tag-wygodne-figi","25":"first","26":"instock","27":"taxable","28":"shipping-taxable","29":"purchasable","30":"product-type-simple"},"_links":{"self":[{"href":"https:\/\/butikhome.pl\/index.php\/wp-json\/wp\/v2\/product\/14110","targetHints":{"allow":["GET"]}}],"collection":[{"href":"https:\/\/butikhome.pl\/index.php\/wp-json\/wp\/v2\/product"}],"about":[{"href":"https:\/\/butikhome.pl\/index.php\/wp-json\/wp\/v2\/types\/product"}],"replies":[{"embeddable":true,"href":"https:\/\/butikhome.pl\/index.php\/wp-json\/wp\/v2\/comments?post=14110"}],"wp:featuredmedia":[{"embeddable":true,"href":"https:\/\/butikhome.pl\/index.php\/wp-json\/wp\/v2\/media\/15389"}],"wp:attachment":[{"href":"https:\/\/butikhome.pl\/index.php\/wp-json\/wp\/v2\/media?parent=14110"}],"wp:term":[{"taxonomy":"product_brand","embeddable":true,"href":"https:\/\/butikhome.pl\/index.php\/wp-json\/wp\/v2\/product_brand?post=14110"},{"taxonomy":"product_cat","embeddable":true,"href":"https:\/\/butikhome.pl\/index.php\/wp-json\/wp\/v2\/product_cat?post=14110"},{"taxonomy":"product_tag","embeddable":true,"href":"https:\/\/butikhome.pl\/index.php\/wp-json\/wp\/v2\/product_tag?post=14110"}],"curies":[{"name":"wp","href":"https:\/\/api.w.org\/{rel}","templated":true}]}}