{"id":14122,"date":"2023-03-29T18:59:01","date_gmt":"2023-03-29T16:59:01","guid":{"rendered":"https:\/\/butikhome.pl\/index.php\/produkt\/figi-donna-63-biale\/"},"modified":"2023-05-30T15:08:00","modified_gmt":"2023-05-30T13:08:00","slug":"figi-donna-63-biale","status":"publish","type":"product","link":"https:\/\/butikhome.pl\/index.php\/produkt\/figi-donna-63-biale\/","title":{"rendered":"Figi Donna 63 Bia\u0142e"},"content":{"rendered":"<p>Klasyczne, bawe\u0142niane figi, nieco wy\u017csze w kroju. Z dwoma wstawkami z koronki, dzi\u0119ki kt\u00f3rym bielizna prezentuje si\u0119 bardzo kobieco i elegancko. Sk\u0142ad: 95% bawe\u0142na, 5% elastan.<\/p>\n","protected":false},"excerpt":{"rendered":"<p>Klasyczne, bawe\u0142niane figi, nieco wy\u017csze w kroju. Z dwoma wstawkami z koronki, dzi\u0119ki kt\u00f3rym bielizna prezentuje si\u0119 bardzo kobieco i elegancko. Sk\u0142ad: 95% bawe\u0142na, 5% elastan.<\/p>\n","protected":false},"featured_media":15388,"comment_status":"open","ping_status":"closed","template":"","meta":[],"product_brand":[],"product_cat":[48,24,41,40,42,43],"product_tag":[709,710,736,768,1338,70,408,1437,125,286,81,199,388,293],"class_list":{"0":"post-14122","1":"product","2":"type-product","3":"status-publish","4":"has-post-thumbnail","6":"product_cat-majtki-podkategoria-do-bielizny","7":"product_cat-produkty","8":"product_cat-l","9":"product_cat-m","10":"product_cat-xl","11":"product_cat-2xl","12":"product_tag-3-m","13":"product_tag-4-l","14":"product_tag-5-xl","15":"product_tag-6-xxl","16":"product_tag-bawelniana-wkladka","17":"product_tag-bawelniane","18":"product_tag-biale","19":"product_tag-figi-donna-63-biale","20":"product_tag-gladki-tyl","21":"product_tag-klasyczny-kroj","22":"product_tag-kobiece","23":"product_tag-koronkowe-wstawki","24":"product_tag-produkt-polski","25":"product_tag-wyzszy-kroj","27":"first","28":"instock","29":"taxable","30":"shipping-taxable","31":"purchasable","32":"product-type-simple"},"_links":{"self":[{"href":"https:\/\/butikhome.pl\/index.php\/wp-json\/wp\/v2\/product\/14122","targetHints":{"allow":["GET"]}}],"collection":[{"href":"https:\/\/butikhome.pl\/index.php\/wp-json\/wp\/v2\/product"}],"about":[{"href":"https:\/\/butikhome.pl\/index.php\/wp-json\/wp\/v2\/types\/product"}],"replies":[{"embeddable":true,"href":"https:\/\/butikhome.pl\/index.php\/wp-json\/wp\/v2\/comments?post=14122"}],"wp:featuredmedia":[{"embeddable":true,"href":"https:\/\/butikhome.pl\/index.php\/wp-json\/wp\/v2\/media\/15388"}],"wp:attachment":[{"href":"https:\/\/butikhome.pl\/index.php\/wp-json\/wp\/v2\/media?parent=14122"}],"wp:term":[{"taxonomy":"product_brand","embeddable":true,"href":"https:\/\/butikhome.pl\/index.php\/wp-json\/wp\/v2\/product_brand?post=14122"},{"taxonomy":"product_cat","embeddable":true,"href":"https:\/\/butikhome.pl\/index.php\/wp-json\/wp\/v2\/product_cat?post=14122"},{"taxonomy":"product_tag","embeddable":true,"href":"https:\/\/butikhome.pl\/index.php\/wp-json\/wp\/v2\/product_tag?post=14122"}],"curies":[{"name":"wp","href":"https:\/\/api.w.org\/{rel}","templated":true}]}}