{"id":14126,"date":"2023-03-29T18:59:09","date_gmt":"2023-03-29T16:59:09","guid":{"rendered":"https:\/\/butikhome.pl\/index.php\/produkt\/figi-donna-63-czarne\/"},"modified":"2023-05-30T14:37:46","modified_gmt":"2023-05-30T12:37:46","slug":"figi-donna-63-czarne","status":"publish","type":"product","link":"https:\/\/butikhome.pl\/index.php\/produkt\/figi-donna-63-czarne\/","title":{"rendered":"Figi Donna 63 Czarne"},"content":{"rendered":"<p><span>Klasyczne, bawe\u0142niane figi, nieco wy\u017csze w kroju. Z dwoma wstawkami z koronki, dzi\u0119ki kt\u00f3rym bielizna prezentuje si\u0119 bardzo kobieco i elegancko. Sk\u0142ad: 95% bawe\u0142na, 5% elastan.<\/span><\/p>\n<p><span>\u00a0<\/span><\/p>\n","protected":false},"excerpt":{"rendered":"<p>Klasyczne, bawe\u0142niane figi, nieco wy\u017csze w kroju. Z dwoma wstawkami z koronki, dzi\u0119ki kt\u00f3rym bielizna prezentuje si\u0119 bardzo kobieco i elegancko. Sk\u0142ad: 95% bawe\u0142na, 5% elastan. \u00a0<\/p>\n","protected":false},"featured_media":15387,"comment_status":"open","ping_status":"closed","template":"","meta":[],"product_brand":[],"product_cat":[48,24,41,40,42,43],"product_tag":[709,710,736,768,1338,169,52,348,1436,648,274,81,199,1078,293],"class_list":{"0":"post-14126","1":"product","2":"type-product","3":"status-publish","4":"has-post-thumbnail","6":"product_cat-majtki-podkategoria-do-bielizny","7":"product_cat-produkty","8":"product_cat-l","9":"product_cat-m","10":"product_cat-xl","11":"product_cat-2xl","12":"product_tag-3-m","13":"product_tag-4-l","14":"product_tag-5-xl","15":"product_tag-6-xxl","16":"product_tag-bawelniana-wkladka","17":"product_tag-bawelniane-figi","18":"product_tag-czarne","19":"product_tag-eleganckie","20":"product_tag-figi-donna-63-czarne","21":"product_tag-gabidar","22":"product_tag-klasyczne","23":"product_tag-kobiece","24":"product_tag-koronkowe-wstawki","25":"product_tag-polski-produkt","26":"product_tag-wyzszy-kroj","28":"first","29":"instock","30":"taxable","31":"shipping-taxable","32":"purchasable","33":"product-type-simple"},"_links":{"self":[{"href":"https:\/\/butikhome.pl\/index.php\/wp-json\/wp\/v2\/product\/14126","targetHints":{"allow":["GET"]}}],"collection":[{"href":"https:\/\/butikhome.pl\/index.php\/wp-json\/wp\/v2\/product"}],"about":[{"href":"https:\/\/butikhome.pl\/index.php\/wp-json\/wp\/v2\/types\/product"}],"replies":[{"embeddable":true,"href":"https:\/\/butikhome.pl\/index.php\/wp-json\/wp\/v2\/comments?post=14126"}],"wp:featuredmedia":[{"embeddable":true,"href":"https:\/\/butikhome.pl\/index.php\/wp-json\/wp\/v2\/media\/15387"}],"wp:attachment":[{"href":"https:\/\/butikhome.pl\/index.php\/wp-json\/wp\/v2\/media?parent=14126"}],"wp:term":[{"taxonomy":"product_brand","embeddable":true,"href":"https:\/\/butikhome.pl\/index.php\/wp-json\/wp\/v2\/product_brand?post=14126"},{"taxonomy":"product_cat","embeddable":true,"href":"https:\/\/butikhome.pl\/index.php\/wp-json\/wp\/v2\/product_cat?post=14126"},{"taxonomy":"product_tag","embeddable":true,"href":"https:\/\/butikhome.pl\/index.php\/wp-json\/wp\/v2\/product_tag?post=14126"}],"curies":[{"name":"wp","href":"https:\/\/api.w.org\/{rel}","templated":true}]}}